{"id":2207,"date":"2022-01-13T22:04:30","date_gmt":"2022-01-13T21:04:30","guid":{"rendered":"http:\/\/paroisse.saintmicheldurhone.fr\/?page_id=2207"},"modified":"2022-10-16T20:01:11","modified_gmt":"2022-10-16T18:01:11","slug":"psaumes-annee-c","status":"publish","type":"page","link":"https:\/\/paroisse.saintmicheldurhone.fr\/?page_id=2207","title":{"rendered":"Quelques psaumes"},"content":{"rendered":"\n<p class=\"has-large-font-size\"><strong>Ann\u00e9e C<\/strong><\/p>\n\n\n\n<div class=\"wp-block-file\"><a href=\"http:\/\/paroisse.saintmicheldurhone.fr\/wp-content\/uploads\/2022\/01\/Psaume-018B-Tes-paroles-Seigneur-3e-dim-T.O.-ann\u00e9e-C.pdf\">Psaume 18B 3e dim T.O. ann\u00e9e C<\/a><a href=\"http:\/\/paroisse.saintmicheldurhone.fr\/wp-content\/uploads\/2022\/01\/Psaume-018B-Tes-paroles-Seigneur-3e-dim-T.O.-ann\u00e9e-C.pdf\" class=\"wp-block-file__button\" download>T\u00e9l\u00e9charger<\/a><\/div>\n\n\n\n<figure class=\"wp-block-audio\"><audio controls src=\"http:\/\/paroisse.saintmicheldurhone.fr\/wp-content\/uploads\/2022\/01\/Psaume-018-7-Tes-paroles-Seigneur-3e-dim-T.O.mp3\"><\/audio><\/figure>\n\n\n\n<div class=\"wp-block-file\"><a href=\"http:\/\/paroisse.saintmicheldurhone.fr\/wp-content\/uploads\/2022\/01\/Psaume-070-0-Sans-fin-M-4e-dim-T.O..mp3\">Psaume 70 4e dim T.O. ann\u00e9e C<\/a><a href=\"http:\/\/paroisse.saintmicheldurhone.fr\/wp-content\/uploads\/2022\/01\/Psaume-070-0-Sans-fin-M-4e-dim-T.O..mp3\" class=\"wp-block-file__button\" download>T\u00e9l\u00e9charger<\/a><\/div>\n\n\n\n<figure class=\"wp-block-audio\"><audio controls src=\"http:\/\/paroisse.saintmicheldurhone.fr\/wp-content\/uploads\/2022\/01\/Psaume-070-0-Sans-fin-M-4e-dim-T.O..mp3\"><\/audio><\/figure>\n\n\n\n<div class=\"wp-block-file\"><a href=\"http:\/\/paroisse.saintmicheldurhone.fr\/wp-content\/uploads\/2022\/01\/Psaume-95-2e-dim.-T.O.-ann\u00e9e-C_20220113_0001.pdf\">Psaume 95 2e dim T.O. ann\u00e9e C<\/a><a href=\"http:\/\/paroisse.saintmicheldurhone.fr\/wp-content\/uploads\/2022\/01\/Psaume-95-2e-dim.-T.O.-ann\u00e9e-C_20220113_0001.pdf\" class=\"wp-block-file__button\" download>T\u00e9l\u00e9charger<\/a><\/div>\n\n\n\n<figure class=\"wp-block-audio\"><audio controls src=\"http:\/\/paroisse.saintmicheldurhone.fr\/wp-content\/uploads\/2022\/01\/psaume-95-2-dim-T.O.-ann\u00e9e-C.mp3\"><\/audio><\/figure>\n\n\n\n<p> Psaume 137 5e dim du T.O. ann\u00e9e C <\/p>\n\n\n\n<figure class=\"wp-block-image size-large\"><img loading=\"lazy\" decoding=\"async\" width=\"1024\" height=\"344\" src=\"http:\/\/paroisse.saintmicheldurhone.fr\/wp-content\/uploads\/2022\/01\/PS137-1024x344.jpg\" alt=\"\" class=\"wp-image-2222\" srcset=\"https:\/\/paroisse.saintmicheldurhone.fr\/wp-content\/uploads\/2022\/01\/PS137-1024x344.jpg 1024w, https:\/\/paroisse.saintmicheldurhone.fr\/wp-content\/uploads\/2022\/01\/PS137-300x101.jpg 300w, https:\/\/paroisse.saintmicheldurhone.fr\/wp-content\/uploads\/2022\/01\/PS137-768x258.jpg 768w, https:\/\/paroisse.saintmicheldurhone.fr\/wp-content\/uploads\/2022\/01\/PS137-1536x516.jpg 1536w, https:\/\/paroisse.saintmicheldurhone.fr\/wp-content\/uploads\/2022\/01\/PS137.jpg 1743w\" sizes=\"auto, (max-width: 1024px) 100vw, 1024px\" \/><figcaption>Psaume 137 5e dim du T.O. ann\u00e9e C<\/figcaption><\/figure>\n\n\n\n<figure class=\"wp-block-audio\"><audio controls src=\"http:\/\/paroisse.saintmicheldurhone.fr\/wp-content\/uploads\/2022\/01\/Psaume-137-5e-dim-T.O.-ann\u00e9e-C.mp3\"><\/audio><\/figure>\n\n\n\n<p>Psaume 1 6e dim du T.O. ann\u00e9e C<\/p>\n\n\n\n<figure class=\"wp-block-image size-large is-resized\"><img loading=\"lazy\" decoding=\"async\" src=\"http:\/\/paroisse.saintmicheldurhone.fr\/wp-content\/uploads\/2022\/02\/Psaume-1-6e-dim-du-T.O.-ann\u00e9e-C.jpg\" alt=\"\" class=\"wp-image-2335\" width=\"960\" height=\"409\" srcset=\"https:\/\/paroisse.saintmicheldurhone.fr\/wp-content\/uploads\/2022\/02\/Psaume-1-6e-dim-du-T.O.-ann\u00e9e-C.jpg 678w, https:\/\/paroisse.saintmicheldurhone.fr\/wp-content\/uploads\/2022\/02\/Psaume-1-6e-dim-du-T.O.-ann\u00e9e-C-300x128.jpg 300w\" sizes=\"auto, (max-width: 960px) 100vw, 960px\" \/><figcaption>Psaume 1 6e dim du T.O. ann\u00e9e C<\/figcaption><\/figure>\n\n\n\n<figure class=\"wp-block-audio\"><audio controls src=\"http:\/\/paroisse.saintmicheldurhone.fr\/wp-content\/uploads\/2022\/02\/Psaume-1-6e-dim-du-T.O.-ann\u00e9e-C-1.mp3\"><\/audio><\/figure>\n\n\n\n<div class=\"wp-block-file\"><a href=\"http:\/\/paroisse.saintmicheldurhone.fr\/wp-content\/uploads\/2022\/02\/ps102-7e-dimanche-TO-ann\u00e9e-C.pdf\">ps102 7e dimanche TO ann\u00e9e C<\/a><a href=\"http:\/\/paroisse.saintmicheldurhone.fr\/wp-content\/uploads\/2022\/02\/ps102-7e-dimanche-TO-ann\u00e9e-C.pdf\" class=\"wp-block-file__button\" download>T\u00e9l\u00e9charger<\/a><\/div>\n\n\n\n<figure class=\"wp-block-audio\"><audio controls src=\"http:\/\/paroisse.saintmicheldurhone.fr\/wp-content\/uploads\/2022\/02\/Psaume-102-7e-dim-T.O.-ann\u00e9e-C.mp3\"><\/audio><\/figure>\n\n\n\n<div class=\"wp-block-file\"><a href=\"http:\/\/paroisse.saintmicheldurhone.fr\/wp-content\/uploads\/2022\/03\/Psaume-90-Sois-avec-moi-Ordo-1-Di-careme-C-1.pdf\">Psaume-90-Sois-avec-moi-Ordo-1-Di-careme-C (1)<\/a><a href=\"http:\/\/paroisse.saintmicheldurhone.fr\/wp-content\/uploads\/2022\/03\/Psaume-90-Sois-avec-moi-Ordo-1-Di-careme-C-1.pdf\" class=\"wp-block-file__button\" download>T\u00e9l\u00e9charger<\/a><\/div>\n\n\n\n<figure class=\"wp-block-audio\"><audio controls src=\"http:\/\/paroisse.saintmicheldurhone.fr\/wp-content\/uploads\/2022\/03\/Psaume-90-1er-dimanche-car\u00eame-ann\u00e9e-C.mp3\"><\/audio><\/figure>\n\n\n\n<div class=\"wp-block-file\"><a href=\"http:\/\/paroisse.saintmicheldurhone.fr\/wp-content\/uploads\/2022\/03\/PS21-Mon-Dieu.pdf\">PS21 Mon Dieu (Pour les rameaux)<\/a><a href=\"http:\/\/paroisse.saintmicheldurhone.fr\/wp-content\/uploads\/2022\/03\/PS21-Mon-Dieu.pdf\" class=\"wp-block-file__button\" download>T\u00e9l\u00e9charger<\/a><\/div>\n\n\n\n<figure class=\"wp-block-audio\"><audio controls src=\"http:\/\/paroisse.saintmicheldurhone.fr\/wp-content\/uploads\/2022\/03\/Psaume-21-dimanche-des-Rameaux-ann\u00e9es-ABC.mp3\"><\/audio><\/figure>\n\n\n\n<div class=\"wp-block-file\"><a href=\"http:\/\/paroisse.saintmicheldurhone.fr\/wp-content\/uploads\/2022\/04\/Psaume-117-4-rendez-grace-Ordo-2e-dimanche-temps-pascal-ann\u00e9e-C.pdf\">Psaume-117-4-rendez-grace-Ordo 2e dimanche temps pascal ann\u00e9e C<\/a><a href=\"http:\/\/paroisse.saintmicheldurhone.fr\/wp-content\/uploads\/2022\/04\/Psaume-117-4-rendez-grace-Ordo-2e-dimanche-temps-pascal-ann\u00e9e-C.pdf\" class=\"wp-block-file__button\" download>T\u00e9l\u00e9charger<\/a><\/div>\n\n\n\n<figure class=\"wp-block-audio\"><audio controls src=\"http:\/\/paroisse.saintmicheldurhone.fr\/wp-content\/uploads\/2022\/04\/Psaume-117-4-Rendez-grace-M-2e-dimanche-temps-pascal-ann\u00e9e-C.mp3\"><\/audio><\/figure>\n","protected":false},"excerpt":{"rendered":"<p>Ann\u00e9e C Psaume 137 5e dim du T.O. ann\u00e9e C Psaume 1 6e dim du T.O. ann\u00e9e C<\/p>\n","protected":false},"author":1,"featured_media":0,"parent":1567,"menu_order":0,"comment_status":"closed","ping_status":"closed","template":"","meta":{"_uag_custom_page_level_css":"","site-sidebar-layout":"default","site-content-layout":"default","ast-site-content-layout":"default","site-content-style":"default","site-sidebar-style":"default","ast-global-header-display":"","ast-banner-title-visibility":"","ast-main-header-display":"","ast-hfb-above-header-display":"","ast-hfb-below-header-display":"","ast-hfb-mobile-header-display":"","site-post-title":"","ast-breadcrumbs-content":"","ast-featured-img":"","footer-sml-layout":"","ast-disable-related-posts":"","theme-transparent-header-meta":"default","adv-header-id-meta":"","stick-header-meta":"","header-above-stick-meta":"","header-main-stick-meta":"","header-below-stick-meta":"","astra-migrate-meta-layouts":"default","ast-page-background-enabled":"default","ast-page-background-meta":{"desktop":{"background-color":"var(--ast-global-color-4)","background-image":"","background-repeat":"repeat","background-position":"center center","background-size":"auto","background-attachment":"scroll","background-type":"","background-media":"","overlay-type":"","overlay-color":"","overlay-opacity":"","overlay-gradient":""},"tablet":{"background-color":"","background-image":"","background-repeat":"repeat","background-position":"center center","background-size":"auto","background-attachment":"scroll","background-type":"","background-media":"","overlay-type":"","overlay-color":"","overlay-opacity":"","overlay-gradient":""},"mobile":{"background-color":"","background-image":"","background-repeat":"repeat","background-position":"center center","background-size":"auto","background-attachment":"scroll","background-type":"","background-media":"","overlay-type":"","overlay-color":"","overlay-opacity":"","overlay-gradient":""}},"ast-content-background-meta":{"desktop":{"background-color":"var(--ast-global-color-5)","background-image":"","background-repeat":"repeat","background-position":"center center","background-size":"auto","background-attachment":"scroll","background-type":"","background-media":"","overlay-type":"","overlay-color":"","overlay-opacity":"","overlay-gradient":""},"tablet":{"background-color":"var(--ast-global-color-5)","background-image":"","background-repeat":"repeat","background-position":"center center","background-size":"auto","background-attachment":"scroll","background-type":"","background-media":"","overlay-type":"","overlay-color":"","overlay-opacity":"","overlay-gradient":""},"mobile":{"background-color":"var(--ast-global-color-5)","background-image":"","background-repeat":"repeat","background-position":"center center","background-size":"auto","background-attachment":"scroll","background-type":"","background-media":"","overlay-type":"","overlay-color":"","overlay-opacity":"","overlay-gradient":""}},"footnotes":""},"class_list":["post-2207","page","type-page","status-publish","hentry"],"yoast_head":"<!-- This site is optimized with the Yoast SEO plugin v26.6 - https:\/\/yoast.com\/wordpress\/plugins\/seo\/ -->\n<title>Quelques psaumes -<\/title>\n<meta name=\"robots\" content=\"index, follow, max-snippet:-1, max-image-preview:large, max-video-preview:-1\" \/>\n<link rel=\"canonical\" href=\"http:\/\/paroisse.saintmicheldurhone.fr\/?page_id=2207\" \/>\n<meta property=\"og:locale\" content=\"fr_FR\" \/>\n<meta property=\"og:type\" content=\"article\" \/>\n<meta property=\"og:title\" content=\"Quelques psaumes -\" \/>\n<meta property=\"og:description\" content=\"Ann\u00e9e C Psaume 137 5e dim du T.O. ann\u00e9e C Psaume 1 6e dim du T.O. ann\u00e9e C\" \/>\n<meta property=\"og:url\" content=\"http:\/\/paroisse.saintmicheldurhone.fr\/?page_id=2207\" \/>\n<meta property=\"article:modified_time\" content=\"2022-10-16T18:01:11+00:00\" \/>\n<meta property=\"og:image\" content=\"http:\/\/paroisse.saintmicheldurhone.fr\/wp-content\/uploads\/2022\/01\/PS137-1024x344.jpg\" \/>\n<meta name=\"twitter:card\" content=\"summary_large_image\" \/>\n<meta name=\"twitter:label1\" content=\"Dur\u00e9e de lecture estim\u00e9e\" \/>\n\t<meta name=\"twitter:data1\" content=\"1 minute\" \/>\n<script type=\"application\/ld+json\" class=\"yoast-schema-graph\">{\"@context\":\"https:\/\/schema.org\",\"@graph\":[{\"@type\":\"WebPage\",\"@id\":\"http:\/\/paroisse.saintmicheldurhone.fr\/?page_id=2207\",\"url\":\"http:\/\/paroisse.saintmicheldurhone.fr\/?page_id=2207\",\"name\":\"Quelques psaumes -\",\"isPartOf\":{\"@id\":\"http:\/\/paroisse.saintmicheldurhone.fr\/#website\"},\"primaryImageOfPage\":{\"@id\":\"http:\/\/paroisse.saintmicheldurhone.fr\/?page_id=2207#primaryimage\"},\"image\":{\"@id\":\"http:\/\/paroisse.saintmicheldurhone.fr\/?page_id=2207#primaryimage\"},\"thumbnailUrl\":\"http:\/\/paroisse.saintmicheldurhone.fr\/wp-content\/uploads\/2022\/01\/PS137-1024x344.jpg\",\"datePublished\":\"2022-01-13T21:04:30+00:00\",\"dateModified\":\"2022-10-16T18:01:11+00:00\",\"breadcrumb\":{\"@id\":\"http:\/\/paroisse.saintmicheldurhone.fr\/?page_id=2207#breadcrumb\"},\"inLanguage\":\"fr-FR\",\"potentialAction\":[{\"@type\":\"ReadAction\",\"target\":[\"http:\/\/paroisse.saintmicheldurhone.fr\/?page_id=2207\"]}]},{\"@type\":\"ImageObject\",\"inLanguage\":\"fr-FR\",\"@id\":\"http:\/\/paroisse.saintmicheldurhone.fr\/?page_id=2207#primaryimage\",\"url\":\"https:\/\/paroisse.saintmicheldurhone.fr\/wp-content\/uploads\/2022\/01\/PS137.jpg\",\"contentUrl\":\"https:\/\/paroisse.saintmicheldurhone.fr\/wp-content\/uploads\/2022\/01\/PS137.jpg\",\"width\":1743,\"height\":586},{\"@type\":\"BreadcrumbList\",\"@id\":\"http:\/\/paroisse.saintmicheldurhone.fr\/?page_id=2207#breadcrumb\",\"itemListElement\":[{\"@type\":\"ListItem\",\"position\":1,\"name\":\"Accueil\",\"item\":\"https:\/\/paroisse.saintmicheldurhone.fr\/\"},{\"@type\":\"ListItem\",\"position\":2,\"name\":\"Foi &#038; Sacrements\",\"item\":\"http:\/\/paroisse.saintmicheldurhone.fr\/?page_id=84\"},{\"@type\":\"ListItem\",\"position\":3,\"name\":\"MESSE DU 5 f\u00e9vrier 2022 \u2013 5\u00e8me Dimanche TO\",\"item\":\"http:\/\/paroisse.saintmicheldurhone.fr\/?page_id=1567\"},{\"@type\":\"ListItem\",\"position\":4,\"name\":\"Quelques psaumes\"}]},{\"@type\":\"WebSite\",\"@id\":\"http:\/\/paroisse.saintmicheldurhone.fr\/#website\",\"url\":\"http:\/\/paroisse.saintmicheldurhone.fr\/\",\"name\":\"Paroisse Saint Nicolas du Rh\u00f4ne\",\"description\":\"\",\"publisher\":{\"@id\":\"http:\/\/paroisse.saintmicheldurhone.fr\/#organization\"},\"potentialAction\":[{\"@type\":\"SearchAction\",\"target\":{\"@type\":\"EntryPoint\",\"urlTemplate\":\"http:\/\/paroisse.saintmicheldurhone.fr\/?s={search_term_string}\"},\"query-input\":{\"@type\":\"PropertyValueSpecification\",\"valueRequired\":true,\"valueName\":\"search_term_string\"}}],\"inLanguage\":\"fr-FR\"},{\"@type\":\"Organization\",\"@id\":\"http:\/\/paroisse.saintmicheldurhone.fr\/#organization\",\"name\":\"Paroisse Saint Nicolas du Rh\u00f4ne\",\"url\":\"http:\/\/paroisse.saintmicheldurhone.fr\/\",\"logo\":{\"@type\":\"ImageObject\",\"inLanguage\":\"fr-FR\",\"@id\":\"http:\/\/paroisse.saintmicheldurhone.fr\/#\/schema\/logo\/image\/\",\"url\":\"https:\/\/paroisse.saintmicheldurhone.fr\/wp-content\/uploads\/2022\/09\/cropped-logo-paroisse.jpg\",\"contentUrl\":\"https:\/\/paroisse.saintmicheldurhone.fr\/wp-content\/uploads\/2022\/09\/cropped-logo-paroisse.jpg\",\"width\":1228,\"height\":567,\"caption\":\"Paroisse Saint Nicolas du Rh\u00f4ne\"},\"image\":{\"@id\":\"http:\/\/paroisse.saintmicheldurhone.fr\/#\/schema\/logo\/image\/\"}}]}<\/script>\n<!-- \/ Yoast SEO plugin. -->","yoast_head_json":{"title":"Quelques psaumes -","robots":{"index":"index","follow":"follow","max-snippet":"max-snippet:-1","max-image-preview":"max-image-preview:large","max-video-preview":"max-video-preview:-1"},"canonical":"http:\/\/paroisse.saintmicheldurhone.fr\/?page_id=2207","og_locale":"fr_FR","og_type":"article","og_title":"Quelques psaumes -","og_description":"Ann\u00e9e C Psaume 137 5e dim du T.O. ann\u00e9e C Psaume 1 6e dim du T.O. ann\u00e9e C","og_url":"http:\/\/paroisse.saintmicheldurhone.fr\/?page_id=2207","article_modified_time":"2022-10-16T18:01:11+00:00","og_image":[{"url":"http:\/\/paroisse.saintmicheldurhone.fr\/wp-content\/uploads\/2022\/01\/PS137-1024x344.jpg","type":"","width":"","height":""}],"twitter_card":"summary_large_image","twitter_misc":{"Dur\u00e9e de lecture estim\u00e9e":"1 minute"},"schema":{"@context":"https:\/\/schema.org","@graph":[{"@type":"WebPage","@id":"http:\/\/paroisse.saintmicheldurhone.fr\/?page_id=2207","url":"http:\/\/paroisse.saintmicheldurhone.fr\/?page_id=2207","name":"Quelques psaumes -","isPartOf":{"@id":"http:\/\/paroisse.saintmicheldurhone.fr\/#website"},"primaryImageOfPage":{"@id":"http:\/\/paroisse.saintmicheldurhone.fr\/?page_id=2207#primaryimage"},"image":{"@id":"http:\/\/paroisse.saintmicheldurhone.fr\/?page_id=2207#primaryimage"},"thumbnailUrl":"http:\/\/paroisse.saintmicheldurhone.fr\/wp-content\/uploads\/2022\/01\/PS137-1024x344.jpg","datePublished":"2022-01-13T21:04:30+00:00","dateModified":"2022-10-16T18:01:11+00:00","breadcrumb":{"@id":"http:\/\/paroisse.saintmicheldurhone.fr\/?page_id=2207#breadcrumb"},"inLanguage":"fr-FR","potentialAction":[{"@type":"ReadAction","target":["http:\/\/paroisse.saintmicheldurhone.fr\/?page_id=2207"]}]},{"@type":"ImageObject","inLanguage":"fr-FR","@id":"http:\/\/paroisse.saintmicheldurhone.fr\/?page_id=2207#primaryimage","url":"https:\/\/paroisse.saintmicheldurhone.fr\/wp-content\/uploads\/2022\/01\/PS137.jpg","contentUrl":"https:\/\/paroisse.saintmicheldurhone.fr\/wp-content\/uploads\/2022\/01\/PS137.jpg","width":1743,"height":586},{"@type":"BreadcrumbList","@id":"http:\/\/paroisse.saintmicheldurhone.fr\/?page_id=2207#breadcrumb","itemListElement":[{"@type":"ListItem","position":1,"name":"Accueil","item":"https:\/\/paroisse.saintmicheldurhone.fr\/"},{"@type":"ListItem","position":2,"name":"Foi &#038; Sacrements","item":"http:\/\/paroisse.saintmicheldurhone.fr\/?page_id=84"},{"@type":"ListItem","position":3,"name":"MESSE DU 5 f\u00e9vrier 2022 \u2013 5\u00e8me Dimanche TO","item":"http:\/\/paroisse.saintmicheldurhone.fr\/?page_id=1567"},{"@type":"ListItem","position":4,"name":"Quelques psaumes"}]},{"@type":"WebSite","@id":"http:\/\/paroisse.saintmicheldurhone.fr\/#website","url":"http:\/\/paroisse.saintmicheldurhone.fr\/","name":"Paroisse Saint Nicolas du Rh\u00f4ne","description":"","publisher":{"@id":"http:\/\/paroisse.saintmicheldurhone.fr\/#organization"},"potentialAction":[{"@type":"SearchAction","target":{"@type":"EntryPoint","urlTemplate":"http:\/\/paroisse.saintmicheldurhone.fr\/?s={search_term_string}"},"query-input":{"@type":"PropertyValueSpecification","valueRequired":true,"valueName":"search_term_string"}}],"inLanguage":"fr-FR"},{"@type":"Organization","@id":"http:\/\/paroisse.saintmicheldurhone.fr\/#organization","name":"Paroisse Saint Nicolas du Rh\u00f4ne","url":"http:\/\/paroisse.saintmicheldurhone.fr\/","logo":{"@type":"ImageObject","inLanguage":"fr-FR","@id":"http:\/\/paroisse.saintmicheldurhone.fr\/#\/schema\/logo\/image\/","url":"https:\/\/paroisse.saintmicheldurhone.fr\/wp-content\/uploads\/2022\/09\/cropped-logo-paroisse.jpg","contentUrl":"https:\/\/paroisse.saintmicheldurhone.fr\/wp-content\/uploads\/2022\/09\/cropped-logo-paroisse.jpg","width":1228,"height":567,"caption":"Paroisse Saint Nicolas du Rh\u00f4ne"},"image":{"@id":"http:\/\/paroisse.saintmicheldurhone.fr\/#\/schema\/logo\/image\/"}}]}},"uagb_featured_image_src":{"full":false,"thumbnail":false,"medium":false,"medium_large":false,"large":false,"1536x1536":false,"2048x2048":false},"uagb_author_info":{"display_name":"2019","author_link":"https:\/\/paroisse.saintmicheldurhone.fr\/?author=1"},"uagb_comment_info":0,"uagb_excerpt":"Ann\u00e9e C Psaume 137 5e dim du T.O. ann\u00e9e C Psaume 1 6e dim du T.O. ann\u00e9e C","_links":{"self":[{"href":"https:\/\/paroisse.saintmicheldurhone.fr\/index.php?rest_route=\/wp\/v2\/pages\/2207","targetHints":{"allow":["GET"]}}],"collection":[{"href":"https:\/\/paroisse.saintmicheldurhone.fr\/index.php?rest_route=\/wp\/v2\/pages"}],"about":[{"href":"https:\/\/paroisse.saintmicheldurhone.fr\/index.php?rest_route=\/wp\/v2\/types\/page"}],"author":[{"embeddable":true,"href":"https:\/\/paroisse.saintmicheldurhone.fr\/index.php?rest_route=\/wp\/v2\/users\/1"}],"replies":[{"embeddable":true,"href":"https:\/\/paroisse.saintmicheldurhone.fr\/index.php?rest_route=%2Fwp%2Fv2%2Fcomments&post=2207"}],"version-history":[{"count":14,"href":"https:\/\/paroisse.saintmicheldurhone.fr\/index.php?rest_route=\/wp\/v2\/pages\/2207\/revisions"}],"predecessor-version":[{"id":2784,"href":"https:\/\/paroisse.saintmicheldurhone.fr\/index.php?rest_route=\/wp\/v2\/pages\/2207\/revisions\/2784"}],"up":[{"embeddable":true,"href":"https:\/\/paroisse.saintmicheldurhone.fr\/index.php?rest_route=\/wp\/v2\/pages\/1567"}],"wp:attachment":[{"href":"https:\/\/paroisse.saintmicheldurhone.fr\/index.php?rest_route=%2Fwp%2Fv2%2Fmedia&parent=2207"}],"curies":[{"name":"wp","href":"https:\/\/api.w.org\/{rel}","templated":true}]}}