{"id":2277,"date":"2022-01-25T20:31:50","date_gmt":"2022-01-25T19:31:50","guid":{"rendered":"http:\/\/paroisse.saintmicheldurhone.fr\/?page_id=2277"},"modified":"2025-12-29T16:17:22","modified_gmt":"2025-12-29T15:17:22","slug":"deroulements-messes","status":"publish","type":"page","link":"https:\/\/paroisse.saintmicheldurhone.fr\/?page_id=2277","title":{"rendered":"D\u00e9couvrir la messe"},"content":{"rendered":"\n<div class=\"wp-block-cover aligncenter wp-duotone-unset-1\"><img loading=\"lazy\" decoding=\"async\" width=\"1024\" height=\"683\" class=\"wp-block-cover__image-background wp-image-5532\" alt=\"\" src=\"http:\/\/paroisse.saintmicheldurhone.fr\/wp-content\/uploads\/2025\/12\/pexels-photo-7219017-7219017-1024x683.jpg\" data-object-fit=\"cover\" srcset=\"https:\/\/paroisse.saintmicheldurhone.fr\/wp-content\/uploads\/2025\/12\/pexels-photo-7219017-7219017-1024x683.jpg 1024w, https:\/\/paroisse.saintmicheldurhone.fr\/wp-content\/uploads\/2025\/12\/pexels-photo-7219017-7219017-300x200.jpg 300w, https:\/\/paroisse.saintmicheldurhone.fr\/wp-content\/uploads\/2025\/12\/pexels-photo-7219017-7219017-768x512.jpg 768w\" sizes=\"auto, (max-width: 1024px) 100vw, 1024px\" \/><span aria-hidden=\"true\" class=\"wp-block-cover__background has-background-dim\"><\/span><div class=\"wp-block-cover__inner-container is-layout-flow wp-block-cover-is-layout-flow\">\n<h2 class=\"wp-block-heading has-text-align-center has-large-font-size\"><mark style=\"background-color:rgba(0, 0, 0, 0)\" class=\"has-inline-color has-white-color\">La messe, pas \u00e0 pas<\/mark><\/h2>\n<\/div><\/div>\n\n\n\n<div style=\"height:100px\" aria-hidden=\"true\" class=\"wp-block-spacer\"><\/div>\n\n\n\n<p style=\"text-align: justify;\">La messe peut sembler parfois difficile \u00e0 comprendre ou \u00e0 suivre lorsque l&rsquo;on la d\u00e9couvre, <strong>cela est tout-\u00e0-fait normal<\/strong> !\u00a0<\/p>\n<p style=\"text-align: justify;\">Pour vous permettre de mieux l&rsquo;appr\u00e9hender et mieux comprendre ce qu&rsquo;il s&rsquo;y passe, vous trouverez sur cette page tout le d\u00e9roulement de la messe, pas-\u00e0-pas, pri\u00e8re apr\u00e8s pri\u00e8re afin de <strong>mieux entrer dans le myst\u00e8re de l&rsquo;Eucharistie que J\u00e9sus a institu\u00e9 la veille de sa Passion.<\/strong>\u00a0<\/p>\n<blockquote>\n<p><em>\u00ab\u00a0Le sacrifice eucharistique est source et sommet de toute la vie chr\u00e9tienne.\u00a0\u00bb (Concile Vatican II, Lumen Gentium)<\/em><\/p>\n<\/blockquote>\n<p style=\"text-align: justify;\">Les lectures de la messe changent quotidiennement, pour trouver les lectures du jour, allez en bas de cette page.<\/p>\n\n\n\n<hr class=\"wp-block-separator has-alpha-channel-opacity\"\/>\n\n\n\n<div style=\"height:100px\" aria-hidden=\"true\" class=\"wp-block-spacer\"><\/div>\n\n\n\n<figure class=\"wp-block-image aligncenter size-large\"><img loading=\"lazy\" decoding=\"async\" width=\"722\" height=\"1024\" src=\"http:\/\/paroisse.saintmicheldurhone.fr\/wp-content\/uploads\/2025\/12\/Missel_Romain_A5_OK-pdf-722x1024.jpg\" alt=\"\" class=\"wp-image-5531\"\/><\/figure>\n\n\n\n<div style=\"height:100px\" aria-hidden=\"true\" class=\"wp-block-spacer\"><\/div>\n\n\n\n<figure class=\"wp-block-image aligncenter size-large\"><img loading=\"lazy\" decoding=\"async\" width=\"722\" height=\"1024\" src=\"http:\/\/paroisse.saintmicheldurhone.fr\/wp-content\/uploads\/2025\/12\/Missel_Romain_A5_OK_page-0002-722x1024.jpg\" alt=\"\" class=\"wp-image-5534\" srcset=\"https:\/\/paroisse.saintmicheldurhone.fr\/wp-content\/uploads\/2025\/12\/Missel_Romain_A5_OK_page-0002-722x1024.jpg 722w, https:\/\/paroisse.saintmicheldurhone.fr\/wp-content\/uploads\/2025\/12\/Missel_Romain_A5_OK_page-0002-212x300.jpg 212w, https:\/\/paroisse.saintmicheldurhone.fr\/wp-content\/uploads\/2025\/12\/Missel_Romain_A5_OK_page-0002-768x1089.jpg 768w, https:\/\/paroisse.saintmicheldurhone.fr\/wp-content\/uploads\/2025\/12\/Missel_Romain_A5_OK_page-0002.jpg 875w\" sizes=\"auto, (max-width: 722px) 100vw, 722px\" \/><\/figure>\n\n\n\n<div style=\"height:100px\" aria-hidden=\"true\" class=\"wp-block-spacer\"><\/div>\n\n\n\n<figure class=\"wp-block-image aligncenter size-large\"><img loading=\"lazy\" decoding=\"async\" width=\"722\" height=\"1024\" src=\"http:\/\/paroisse.saintmicheldurhone.fr\/wp-content\/uploads\/2025\/12\/Missel_Romain_A5_OK_page-0003-722x1024.jpg\" alt=\"\" class=\"wp-image-5535\" srcset=\"https:\/\/paroisse.saintmicheldurhone.fr\/wp-content\/uploads\/2025\/12\/Missel_Romain_A5_OK_page-0003-722x1024.jpg 722w, https:\/\/paroisse.saintmicheldurhone.fr\/wp-content\/uploads\/2025\/12\/Missel_Romain_A5_OK_page-0003-212x300.jpg 212w, https:\/\/paroisse.saintmicheldurhone.fr\/wp-content\/uploads\/2025\/12\/Missel_Romain_A5_OK_page-0003-768x1089.jpg 768w, https:\/\/paroisse.saintmicheldurhone.fr\/wp-content\/uploads\/2025\/12\/Missel_Romain_A5_OK_page-0003.jpg 875w\" sizes=\"auto, (max-width: 722px) 100vw, 722px\" \/><\/figure>\n\n\n\n<div style=\"height:100px\" aria-hidden=\"true\" class=\"wp-block-spacer\"><\/div>\n\n\n\n<figure class=\"wp-block-image aligncenter size-large\"><img loading=\"lazy\" decoding=\"async\" width=\"722\" height=\"1024\" src=\"http:\/\/paroisse.saintmicheldurhone.fr\/wp-content\/uploads\/2025\/12\/Missel_Romain_A5_OK_page-0004-722x1024.jpg\" alt=\"\" class=\"wp-image-5536\" srcset=\"https:\/\/paroisse.saintmicheldurhone.fr\/wp-content\/uploads\/2025\/12\/Missel_Romain_A5_OK_page-0004-722x1024.jpg 722w, https:\/\/paroisse.saintmicheldurhone.fr\/wp-content\/uploads\/2025\/12\/Missel_Romain_A5_OK_page-0004-212x300.jpg 212w, https:\/\/paroisse.saintmicheldurhone.fr\/wp-content\/uploads\/2025\/12\/Missel_Romain_A5_OK_page-0004-768x1089.jpg 768w, https:\/\/paroisse.saintmicheldurhone.fr\/wp-content\/uploads\/2025\/12\/Missel_Romain_A5_OK_page-0004.jpg 875w\" sizes=\"auto, (max-width: 722px) 100vw, 722px\" \/><\/figure>\n\n\n\n<div style=\"height:100px\" aria-hidden=\"true\" class=\"wp-block-spacer\"><\/div>\n\n\n\n<hr class=\"wp-block-separator has-alpha-channel-opacity\"\/>\n\n\n\n<h2 class=\"wp-block-heading\">Des ressources pour aller plus loin<\/h2>\n\n\n\n<figure class=\"wp-block-embed is-type-video is-provider-youtube wp-block-embed-youtube wp-embed-aspect-16-9 wp-has-aspect-ratio\"><div class=\"wp-block-embed__wrapper\">\n<iframe loading=\"lazy\" hcb-fetch-image-from=\"https:\/\/www.youtube.com\/watch?v=Al4l6ybaSUc\" title=\"\ud83e\udd2f Le guide ULTIME pour comprendre la MESSE catholique\" width=\"500\" height=\"281\" src=\"https:\/\/www.youtube.com\/embed\/Al4l6ybaSUc?feature=oembed\" frameborder=\"0\" allow=\"accelerometer; autoplay; clipboard-write; encrypted-media; gyroscope; picture-in-picture; web-share\" referrerpolicy=\"strict-origin-when-cross-origin\" allowfullscreen><\/iframe>\n<\/div><\/figure>\n\n\n\n<div style=\"height:100px\" aria-hidden=\"true\" class=\"wp-block-spacer\"><\/div>\n\n\n\n<figure class=\"wp-block-embed is-type-video is-provider-youtube wp-block-embed-youtube wp-embed-aspect-16-9 wp-has-aspect-ratio\"><div class=\"wp-block-embed__wrapper\">\n<iframe loading=\"lazy\" hcb-fetch-image-from=\"https:\/\/youtu.be\/tO3c7lRN6Wg\" title=\"La Messe Expliqu\u00e9e en 17 minutes (d\u00e9roul\u00e9 complet en d\u00e9tails) !\" width=\"500\" height=\"281\" src=\"https:\/\/www.youtube.com\/embed\/tO3c7lRN6Wg?feature=oembed\" frameborder=\"0\" allow=\"accelerometer; autoplay; clipboard-write; encrypted-media; gyroscope; picture-in-picture; web-share\" referrerpolicy=\"strict-origin-when-cross-origin\" allowfullscreen><\/iframe>\n<\/div><\/figure>\n\n\n\n<div style=\"height:100px\" aria-hidden=\"true\" class=\"wp-block-spacer\"><\/div>\n\n\n\n<figure class=\"wp-block-embed is-type-wp-embed is-provider-uvre-des-vocations wp-block-embed-uvre-des-vocations\"><div class=\"wp-block-embed__wrapper\">\n<blockquote hcb-fetch-image-from=\"https:\/\/www.oeuvredesvocations.fr\/mis-en-avant\/le-deroulement-de-la-messe\" class=\"wp-embedded-content\" data-secret=\"5jBvvGKmDP\"><a href=\"https:\/\/www.oeuvredesvocations.fr\/mis-en-avant\/le-deroulement-de-la-messe\/\">Le d\u00e9roulement de la messe<\/a><\/blockquote><iframe loading=\"lazy\" class=\"wp-embedded-content\" sandbox=\"allow-scripts\" security=\"restricted\" style=\"position: absolute; visibility: hidden;\" title=\"\u00ab\u00a0Le d\u00e9roulement de la messe\u00a0\u00bb &#8212; \u0152uvre des Vocations\" src=\"https:\/\/www.oeuvredesvocations.fr\/mis-en-avant\/le-deroulement-de-la-messe\/embed\/#?secret=47HWonxXYj#?secret=5jBvvGKmDP\" data-secret=\"5jBvvGKmDP\" width=\"500\" height=\"282\" frameborder=\"0\" marginwidth=\"0\" marginheight=\"0\" scrolling=\"no\"><\/iframe>\n<\/div><\/figure>\n\n\n\n<div style=\"height:100px\" aria-hidden=\"true\" class=\"wp-block-spacer\"><\/div>\n\n\n\n<hr class=\"wp-block-separator aligncenter has-alpha-channel-opacity\"\/>\n\n\n\n<div style=\"height:100px\" aria-hidden=\"true\" class=\"wp-block-spacer\"><\/div>\n\n\n\n<!-- Int\u00e9gration de la page AELF via iframe -->\n<div style=\"width:85%; max-width:1000px; margin:0 auto;\">\n    <iframe \n        src=\"https:\/\/www.aelf.org\/\" \n        style=\"width:85%; height:800px; border:1px solid #ccc; border-radius:10px;\" \n        frameborder=\"0\" \n        scrolling=\"yes\">\n    <\/iframe>\n<\/div>\n","protected":false},"excerpt":{"rendered":"<p>La messe peut sembler parfois difficile \u00e0 comprendre ou \u00e0 suivre lorsque l&rsquo;on la d\u00e9couvre, cela est tout-\u00e0-fait normal !\u00a0 Pour vous permettre de mieux l&rsquo;appr\u00e9hender et mieux comprendre ce [&hellip;]<\/p>\n","protected":false},"author":1,"featured_media":0,"parent":0,"menu_order":0,"comment_status":"closed","ping_status":"closed","template":"","meta":{"_uag_custom_page_level_css":"","site-sidebar-layout":"default","site-content-layout":"default","ast-site-content-layout":"narrow-width-container","site-content-style":"default","site-sidebar-style":"default","ast-global-header-display":"","ast-banner-title-visibility":"","ast-main-header-display":"","ast-hfb-above-header-display":"","ast-hfb-below-header-display":"","ast-hfb-mobile-header-display":"","site-post-title":"","ast-breadcrumbs-content":"","ast-featured-img":"","footer-sml-layout":"","ast-disable-related-posts":"","theme-transparent-header-meta":"default","adv-header-id-meta":"","stick-header-meta":"","header-above-stick-meta":"","header-main-stick-meta":"","header-below-stick-meta":"","astra-migrate-meta-layouts":"set","ast-page-background-enabled":"default","ast-page-background-meta":{"desktop":{"background-color":"var(--ast-global-color-4)","background-image":"","background-repeat":"repeat","background-position":"center center","background-size":"auto","background-attachment":"scroll","background-type":"","background-media":"","overlay-type":"","overlay-color":"","overlay-opacity":"","overlay-gradient":""},"tablet":{"background-color":"","background-image":"","background-repeat":"repeat","background-position":"center center","background-size":"auto","background-attachment":"scroll","background-type":"","background-media":"","overlay-type":"","overlay-color":"","overlay-opacity":"","overlay-gradient":""},"mobile":{"background-color":"","background-image":"","background-repeat":"repeat","background-position":"center center","background-size":"auto","background-attachment":"scroll","background-type":"","background-media":"","overlay-type":"","overlay-color":"","overlay-opacity":"","overlay-gradient":""}},"ast-content-background-meta":{"desktop":{"background-color":"var(--ast-global-color-5)","background-image":"","background-repeat":"repeat","background-position":"center center","background-size":"auto","background-attachment":"scroll","background-type":"","background-media":"","overlay-type":"","overlay-color":"","overlay-opacity":"","overlay-gradient":""},"tablet":{"background-color":"var(--ast-global-color-5)","background-image":"","background-repeat":"repeat","background-position":"center center","background-size":"auto","background-attachment":"scroll","background-type":"","background-media":"","overlay-type":"","overlay-color":"","overlay-opacity":"","overlay-gradient":""},"mobile":{"background-color":"var(--ast-global-color-5)","background-image":"","background-repeat":"repeat","background-position":"center center","background-size":"auto","background-attachment":"scroll","background-type":"","background-media":"","overlay-type":"","overlay-color":"","overlay-opacity":"","overlay-gradient":""}},"footnotes":""},"class_list":["post-2277","page","type-page","status-publish","hentry"],"yoast_head":"<!-- This site is optimized with the Yoast SEO plugin v26.6 - https:\/\/yoast.com\/wordpress\/plugins\/seo\/ -->\n<title>D\u00e9couvrir la messe -<\/title>\n<meta name=\"robots\" content=\"index, follow, max-snippet:-1, max-image-preview:large, max-video-preview:-1\" \/>\n<link rel=\"canonical\" href=\"https:\/\/paroisse.saintmicheldurhone.fr\/?page_id=2277\" \/>\n<meta property=\"og:locale\" content=\"fr_FR\" \/>\n<meta property=\"og:type\" content=\"article\" \/>\n<meta property=\"og:title\" content=\"D\u00e9couvrir la messe -\" \/>\n<meta property=\"og:description\" content=\"La messe peut sembler parfois difficile \u00e0 comprendre ou \u00e0 suivre lorsque l&rsquo;on la d\u00e9couvre, cela est tout-\u00e0-fait normal !\u00a0 Pour vous permettre de mieux l&rsquo;appr\u00e9hender et mieux comprendre ce [&hellip;]\" \/>\n<meta property=\"og:url\" content=\"https:\/\/paroisse.saintmicheldurhone.fr\/?page_id=2277\" \/>\n<meta property=\"article:modified_time\" content=\"2025-12-29T15:17:22+00:00\" \/>\n<meta property=\"og:image\" content=\"https:\/\/paroisse.saintmicheldurhone.fr\/wp-content\/uploads\/2025\/12\/pexels-photo-7219017-7219017-scaled.jpg\" \/>\n\t<meta property=\"og:image:width\" content=\"2560\" \/>\n\t<meta property=\"og:image:height\" content=\"1707\" \/>\n\t<meta property=\"og:image:type\" content=\"image\/jpeg\" \/>\n<meta name=\"twitter:card\" content=\"summary_large_image\" \/>\n<meta name=\"twitter:label1\" content=\"Dur\u00e9e de lecture estim\u00e9e\" \/>\n\t<meta name=\"twitter:data1\" content=\"2 minutes\" \/>\n<script type=\"application\/ld+json\" class=\"yoast-schema-graph\">{\"@context\":\"https:\/\/schema.org\",\"@graph\":[{\"@type\":\"WebPage\",\"@id\":\"https:\/\/paroisse.saintmicheldurhone.fr\/?page_id=2277\",\"url\":\"https:\/\/paroisse.saintmicheldurhone.fr\/?page_id=2277\",\"name\":\"D\u00e9couvrir la messe -\",\"isPartOf\":{\"@id\":\"http:\/\/paroisse.saintmicheldurhone.fr\/#website\"},\"primaryImageOfPage\":{\"@id\":\"https:\/\/paroisse.saintmicheldurhone.fr\/?page_id=2277#primaryimage\"},\"image\":{\"@id\":\"https:\/\/paroisse.saintmicheldurhone.fr\/?page_id=2277#primaryimage\"},\"thumbnailUrl\":\"http:\/\/paroisse.saintmicheldurhone.fr\/wp-content\/uploads\/2025\/12\/pexels-photo-7219017-7219017-1024x683.jpg\",\"datePublished\":\"2022-01-25T19:31:50+00:00\",\"dateModified\":\"2025-12-29T15:17:22+00:00\",\"breadcrumb\":{\"@id\":\"https:\/\/paroisse.saintmicheldurhone.fr\/?page_id=2277#breadcrumb\"},\"inLanguage\":\"fr-FR\",\"potentialAction\":[{\"@type\":\"ReadAction\",\"target\":[\"https:\/\/paroisse.saintmicheldurhone.fr\/?page_id=2277\"]}]},{\"@type\":\"ImageObject\",\"inLanguage\":\"fr-FR\",\"@id\":\"https:\/\/paroisse.saintmicheldurhone.fr\/?page_id=2277#primaryimage\",\"url\":\"https:\/\/paroisse.saintmicheldurhone.fr\/wp-content\/uploads\/2025\/12\/pexels-photo-7219017-7219017-scaled.jpg\",\"contentUrl\":\"https:\/\/paroisse.saintmicheldurhone.fr\/wp-content\/uploads\/2025\/12\/pexels-photo-7219017-7219017-scaled.jpg\",\"width\":2560,\"height\":1707},{\"@type\":\"BreadcrumbList\",\"@id\":\"https:\/\/paroisse.saintmicheldurhone.fr\/?page_id=2277#breadcrumb\",\"itemListElement\":[{\"@type\":\"ListItem\",\"position\":1,\"name\":\"Accueil\",\"item\":\"https:\/\/paroisse.saintmicheldurhone.fr\/\"},{\"@type\":\"ListItem\",\"position\":2,\"name\":\"D\u00e9couvrir la messe\"}]},{\"@type\":\"WebSite\",\"@id\":\"http:\/\/paroisse.saintmicheldurhone.fr\/#website\",\"url\":\"http:\/\/paroisse.saintmicheldurhone.fr\/\",\"name\":\"Paroisse Saint Nicolas du Rh\u00f4ne\",\"description\":\"\",\"publisher\":{\"@id\":\"http:\/\/paroisse.saintmicheldurhone.fr\/#organization\"},\"potentialAction\":[{\"@type\":\"SearchAction\",\"target\":{\"@type\":\"EntryPoint\",\"urlTemplate\":\"http:\/\/paroisse.saintmicheldurhone.fr\/?s={search_term_string}\"},\"query-input\":{\"@type\":\"PropertyValueSpecification\",\"valueRequired\":true,\"valueName\":\"search_term_string\"}}],\"inLanguage\":\"fr-FR\"},{\"@type\":\"Organization\",\"@id\":\"http:\/\/paroisse.saintmicheldurhone.fr\/#organization\",\"name\":\"Paroisse Saint Nicolas du Rh\u00f4ne\",\"url\":\"http:\/\/paroisse.saintmicheldurhone.fr\/\",\"logo\":{\"@type\":\"ImageObject\",\"inLanguage\":\"fr-FR\",\"@id\":\"http:\/\/paroisse.saintmicheldurhone.fr\/#\/schema\/logo\/image\/\",\"url\":\"https:\/\/paroisse.saintmicheldurhone.fr\/wp-content\/uploads\/2022\/09\/cropped-logo-paroisse.jpg\",\"contentUrl\":\"https:\/\/paroisse.saintmicheldurhone.fr\/wp-content\/uploads\/2022\/09\/cropped-logo-paroisse.jpg\",\"width\":1228,\"height\":567,\"caption\":\"Paroisse Saint Nicolas du Rh\u00f4ne\"},\"image\":{\"@id\":\"http:\/\/paroisse.saintmicheldurhone.fr\/#\/schema\/logo\/image\/\"}}]}<\/script>\n<!-- \/ Yoast SEO plugin. -->","yoast_head_json":{"title":"D\u00e9couvrir la messe -","robots":{"index":"index","follow":"follow","max-snippet":"max-snippet:-1","max-image-preview":"max-image-preview:large","max-video-preview":"max-video-preview:-1"},"canonical":"https:\/\/paroisse.saintmicheldurhone.fr\/?page_id=2277","og_locale":"fr_FR","og_type":"article","og_title":"D\u00e9couvrir la messe -","og_description":"La messe peut sembler parfois difficile \u00e0 comprendre ou \u00e0 suivre lorsque l&rsquo;on la d\u00e9couvre, cela est tout-\u00e0-fait normal !\u00a0 Pour vous permettre de mieux l&rsquo;appr\u00e9hender et mieux comprendre ce [&hellip;]","og_url":"https:\/\/paroisse.saintmicheldurhone.fr\/?page_id=2277","article_modified_time":"2025-12-29T15:17:22+00:00","og_image":[{"width":2560,"height":1707,"url":"https:\/\/paroisse.saintmicheldurhone.fr\/wp-content\/uploads\/2025\/12\/pexels-photo-7219017-7219017-scaled.jpg","type":"image\/jpeg"}],"twitter_card":"summary_large_image","twitter_misc":{"Dur\u00e9e de lecture estim\u00e9e":"2 minutes"},"schema":{"@context":"https:\/\/schema.org","@graph":[{"@type":"WebPage","@id":"https:\/\/paroisse.saintmicheldurhone.fr\/?page_id=2277","url":"https:\/\/paroisse.saintmicheldurhone.fr\/?page_id=2277","name":"D\u00e9couvrir la messe -","isPartOf":{"@id":"http:\/\/paroisse.saintmicheldurhone.fr\/#website"},"primaryImageOfPage":{"@id":"https:\/\/paroisse.saintmicheldurhone.fr\/?page_id=2277#primaryimage"},"image":{"@id":"https:\/\/paroisse.saintmicheldurhone.fr\/?page_id=2277#primaryimage"},"thumbnailUrl":"http:\/\/paroisse.saintmicheldurhone.fr\/wp-content\/uploads\/2025\/12\/pexels-photo-7219017-7219017-1024x683.jpg","datePublished":"2022-01-25T19:31:50+00:00","dateModified":"2025-12-29T15:17:22+00:00","breadcrumb":{"@id":"https:\/\/paroisse.saintmicheldurhone.fr\/?page_id=2277#breadcrumb"},"inLanguage":"fr-FR","potentialAction":[{"@type":"ReadAction","target":["https:\/\/paroisse.saintmicheldurhone.fr\/?page_id=2277"]}]},{"@type":"ImageObject","inLanguage":"fr-FR","@id":"https:\/\/paroisse.saintmicheldurhone.fr\/?page_id=2277#primaryimage","url":"https:\/\/paroisse.saintmicheldurhone.fr\/wp-content\/uploads\/2025\/12\/pexels-photo-7219017-7219017-scaled.jpg","contentUrl":"https:\/\/paroisse.saintmicheldurhone.fr\/wp-content\/uploads\/2025\/12\/pexels-photo-7219017-7219017-scaled.jpg","width":2560,"height":1707},{"@type":"BreadcrumbList","@id":"https:\/\/paroisse.saintmicheldurhone.fr\/?page_id=2277#breadcrumb","itemListElement":[{"@type":"ListItem","position":1,"name":"Accueil","item":"https:\/\/paroisse.saintmicheldurhone.fr\/"},{"@type":"ListItem","position":2,"name":"D\u00e9couvrir la messe"}]},{"@type":"WebSite","@id":"http:\/\/paroisse.saintmicheldurhone.fr\/#website","url":"http:\/\/paroisse.saintmicheldurhone.fr\/","name":"Paroisse Saint Nicolas du Rh\u00f4ne","description":"","publisher":{"@id":"http:\/\/paroisse.saintmicheldurhone.fr\/#organization"},"potentialAction":[{"@type":"SearchAction","target":{"@type":"EntryPoint","urlTemplate":"http:\/\/paroisse.saintmicheldurhone.fr\/?s={search_term_string}"},"query-input":{"@type":"PropertyValueSpecification","valueRequired":true,"valueName":"search_term_string"}}],"inLanguage":"fr-FR"},{"@type":"Organization","@id":"http:\/\/paroisse.saintmicheldurhone.fr\/#organization","name":"Paroisse Saint Nicolas du Rh\u00f4ne","url":"http:\/\/paroisse.saintmicheldurhone.fr\/","logo":{"@type":"ImageObject","inLanguage":"fr-FR","@id":"http:\/\/paroisse.saintmicheldurhone.fr\/#\/schema\/logo\/image\/","url":"https:\/\/paroisse.saintmicheldurhone.fr\/wp-content\/uploads\/2022\/09\/cropped-logo-paroisse.jpg","contentUrl":"https:\/\/paroisse.saintmicheldurhone.fr\/wp-content\/uploads\/2022\/09\/cropped-logo-paroisse.jpg","width":1228,"height":567,"caption":"Paroisse Saint Nicolas du Rh\u00f4ne"},"image":{"@id":"http:\/\/paroisse.saintmicheldurhone.fr\/#\/schema\/logo\/image\/"}}]}},"uagb_featured_image_src":{"full":false,"thumbnail":false,"medium":false,"medium_large":false,"large":false,"1536x1536":false,"2048x2048":false},"uagb_author_info":{"display_name":"2019","author_link":"https:\/\/paroisse.saintmicheldurhone.fr\/?author=1"},"uagb_comment_info":0,"uagb_excerpt":"La messe peut sembler parfois difficile \u00e0 comprendre ou \u00e0 suivre lorsque l&rsquo;on la d\u00e9couvre, cela est tout-\u00e0-fait normal !\u00a0 Pour vous permettre de mieux l&rsquo;appr\u00e9hender et mieux comprendre ce [&hellip;]","_links":{"self":[{"href":"https:\/\/paroisse.saintmicheldurhone.fr\/index.php?rest_route=\/wp\/v2\/pages\/2277","targetHints":{"allow":["GET"]}}],"collection":[{"href":"https:\/\/paroisse.saintmicheldurhone.fr\/index.php?rest_route=\/wp\/v2\/pages"}],"about":[{"href":"https:\/\/paroisse.saintmicheldurhone.fr\/index.php?rest_route=\/wp\/v2\/types\/page"}],"author":[{"embeddable":true,"href":"https:\/\/paroisse.saintmicheldurhone.fr\/index.php?rest_route=\/wp\/v2\/users\/1"}],"replies":[{"embeddable":true,"href":"https:\/\/paroisse.saintmicheldurhone.fr\/index.php?rest_route=%2Fwp%2Fv2%2Fcomments&post=2277"}],"version-history":[{"count":28,"href":"https:\/\/paroisse.saintmicheldurhone.fr\/index.php?rest_route=\/wp\/v2\/pages\/2277\/revisions"}],"predecessor-version":[{"id":5609,"href":"https:\/\/paroisse.saintmicheldurhone.fr\/index.php?rest_route=\/wp\/v2\/pages\/2277\/revisions\/5609"}],"wp:attachment":[{"href":"https:\/\/paroisse.saintmicheldurhone.fr\/index.php?rest_route=%2Fwp%2Fv2%2Fmedia&parent=2277"}],"curies":[{"name":"wp","href":"https:\/\/api.w.org\/{rel}","templated":true}]}}