{"id":2485,"date":"2022-03-31T22:08:34","date_gmt":"2022-03-31T20:08:34","guid":{"rendered":"http:\/\/paroisse.saintmicheldurhone.fr\/?page_id=2485"},"modified":"2022-03-31T22:08:35","modified_gmt":"2022-03-31T20:08:35","slug":"messe-des-rameaux-samedi-09-et-dimanche-10-avril-2022","status":"publish","type":"page","link":"https:\/\/paroisse.saintmicheldurhone.fr\/?page_id=2485","title":{"rendered":"MESSE DES RAMEAUX samedi 09 et dimanche 10 avril 2022"},"content":{"rendered":"<a href=\"https:\/\/paroisse.saintmicheldurhone.fr\/wp-content\/uploads\/2022\/03\/MESSE-samedi-9-et-dimanche-10.04.-2022-RAMEAUX1-1.pdf\" class=\"pdfemb-viewer\" style=\"\" data-width=\"max\" data-height=\"max\" data-toolbar=\"bottom\" data-toolbar-fixed=\"on\">MESSE-samedi-9-et-dimanche-10.04.-2022-RAMEAUX1-1<\/a>\n<p class=\"wp-block-pdfemb-pdf-embedder-viewer\"><\/p>\n\n\n<a href=\"https:\/\/paroisse.saintmicheldurhone.fr\/wp-content\/uploads\/2022\/03\/MESSE-samedi-9-et-dimanche-10.04.-2022-RAMEAUX-P2.pdf\" class=\"pdfemb-viewer\" style=\"\" data-width=\"max\" data-height=\"max\" data-toolbar=\"bottom\" data-toolbar-fixed=\"on\">MESSE-samedi-9-et-dimanche-10.04.-2022-RAMEAUX-P2<\/a>\n<p class=\"wp-block-pdfemb-pdf-embedder-viewer\"><\/p>\n\n\n\n<div class=\"wp-block-file\"><a href=\"http:\/\/paroisse.saintmicheldurhone.fr\/wp-content\/uploads\/2022\/03\/Hosanna-JEM-579.pdf\">Hosanna JEM 579<\/a><a href=\"http:\/\/paroisse.saintmicheldurhone.fr\/wp-content\/uploads\/2022\/03\/Hosanna-JEM-579.pdf\" class=\"wp-block-file__button\" download>T\u00e9l\u00e9charger<\/a><\/div>\n\n\n\n<figure class=\"wp-block-audio\"><audio controls src=\"http:\/\/paroisse.saintmicheldurhone.fr\/wp-content\/uploads\/2022\/03\/Hosanna-jem573.mp3\"><\/audio><\/figure>\n\n\n\n<p class=\"has-text-align-center\">*************************************************<\/p>\n\n\n\n<div class=\"wp-block-file\"><a href=\"http:\/\/paroisse.saintmicheldurhone.fr\/wp-content\/uploads\/2022\/03\/PS21-Mon-Dieu.pdf\">PS21 Mon Dieu<\/a><a href=\"http:\/\/paroisse.saintmicheldurhone.fr\/wp-content\/uploads\/2022\/03\/PS21-Mon-Dieu.pdf\" class=\"wp-block-file__button\" download>T\u00e9l\u00e9charger<\/a><\/div>\n\n\n\n<figure class=\"wp-block-audio\"><audio controls src=\"http:\/\/paroisse.saintmicheldurhone.fr\/wp-content\/uploads\/2022\/03\/Psaume-21-dimanche-des-Rameaux-ann\u00e9es-ABC.mp3\"><\/audio><\/figure>\n\n\n\n<p class=\"has-text-align-center\">*************************************************<\/p>\n\n\n\n<div class=\"wp-block-file\"><a href=\"http:\/\/paroisse.saintmicheldurhone.fr\/wp-content\/uploads\/2022\/03\/Comme-un-souffle-fragile-U45_20220330_0001.pdf\">Comme un souffle fragile U45_20220330_0001<\/a><a href=\"http:\/\/paroisse.saintmicheldurhone.fr\/wp-content\/uploads\/2022\/03\/Comme-un-souffle-fragile-U45_20220330_0001.pdf\" class=\"wp-block-file__button\" download>T\u00e9l\u00e9charger<\/a><\/div>\n\n\n\n<figure class=\"wp-block-audio\"><audio controls src=\"http:\/\/paroisse.saintmicheldurhone.fr\/wp-content\/uploads\/2022\/03\/Comme-un-souffle-fragile-U45.mp3\"><\/audio><\/figure>\n\n\n\n<p class=\"has-text-align-center\">*************************************************<\/p>\n\n\n\n<div class=\"wp-block-file\"><a href=\"http:\/\/paroisse.saintmicheldurhone.fr\/wp-content\/uploads\/2022\/03\/seigneur_que_selevent_nos_prieres.pdf\">seigneur_que_selevent_nos_prieres<\/a><a href=\"http:\/\/paroisse.saintmicheldurhone.fr\/wp-content\/uploads\/2022\/03\/seigneur_que_selevent_nos_prieres.pdf\" class=\"wp-block-file__button\" download>T\u00e9l\u00e9charger<\/a><\/div>\n\n\n\n<figure class=\"wp-block-audio\"><audio controls src=\"http:\/\/paroisse.saintmicheldurhone.fr\/wp-content\/uploads\/2022\/03\/Seigneur-que-s\u00e9l\u00e8ve-nos-pri\u00e8res.mp3\"><\/audio><\/figure>\n\n\n\n<p class=\"has-text-align-center\">*************************************************<\/p>\n\n\n\n<div class=\"wp-block-file\"><a href=\"http:\/\/paroisse.saintmicheldurhone.fr\/wp-content\/uploads\/2022\/03\/06-Messe-Soleil-des-Nations-Sanctus.pdf\">06 Messe Soleil des Nations &#8211; Sanctus<\/a><a href=\"http:\/\/paroisse.saintmicheldurhone.fr\/wp-content\/uploads\/2022\/03\/06-Messe-Soleil-des-Nations-Sanctus.pdf\" class=\"wp-block-file__button\" download>T\u00e9l\u00e9charger<\/a><\/div>\n\n\n\n<figure class=\"wp-block-audio\"><audio controls src=\"http:\/\/paroisse.saintmicheldurhone.fr\/wp-content\/uploads\/2022\/03\/Sanctus-messe-Soleil-des-nations.mp3\"><\/audio><\/figure>\n\n\n\n<p class=\"has-text-align-center\">*************************************************<\/p>\n\n\n\n<div class=\"wp-block-file\"><a href=\"http:\/\/paroisse.saintmicheldurhone.fr\/wp-content\/uploads\/2022\/03\/07-Messe-Soleil-des-Nations-Anamn\u00e8se.pdf\">07 Messe Soleil des Nations &#8211; Anamn\u00e8se<\/a><a href=\"http:\/\/paroisse.saintmicheldurhone.fr\/wp-content\/uploads\/2022\/03\/07-Messe-Soleil-des-Nations-Anamn\u00e8se.pdf\" class=\"wp-block-file__button\" download>T\u00e9l\u00e9charger<\/a><\/div>\n\n\n\n<figure class=\"wp-block-audio\"><audio controls src=\"http:\/\/paroisse.saintmicheldurhone.fr\/wp-content\/uploads\/2022\/03\/Anamn\u00e8se-Soleil-des-nations.mp3\"><\/audio><\/figure>\n\n\n\n<p class=\"has-text-align-center\">*************************************************<\/p>\n\n\n\n<div class=\"wp-block-file\"><a href=\"http:\/\/paroisse.saintmicheldurhone.fr\/wp-content\/uploads\/2022\/03\/Messe-de-Saint-Fran\u00e7ois-Xavier-Agnus.pdf\">Messe de Saint Fran\u00e7ois-Xavier &#8211; Agnus<\/a><a href=\"http:\/\/paroisse.saintmicheldurhone.fr\/wp-content\/uploads\/2022\/03\/Messe-de-Saint-Fran\u00e7ois-Xavier-Agnus.pdf\" class=\"wp-block-file__button\" download>T\u00e9l\u00e9charger<\/a><\/div>\n\n\n\n<figure class=\"wp-block-audio\"><audio controls src=\"http:\/\/paroisse.saintmicheldurhone.fr\/wp-content\/uploads\/2022\/03\/Agneau-de-Dieu-messe-de-St-Fran\u00e7ois-Xavier.mp3\"><\/audio><\/figure>\n\n\n\n<div class=\"wp-block-file\"><a href=\"http:\/\/paroisse.saintmicheldurhone.fr\/wp-content\/uploads\/2022\/03\/Comme-lui.pdf\">Comme lui<\/a><a href=\"http:\/\/paroisse.saintmicheldurhone.fr\/wp-content\/uploads\/2022\/03\/Comme-lui.pdf\" class=\"wp-block-file__button\" download>T\u00e9l\u00e9charger<\/a><\/div>\n\n\n\n<figure class=\"wp-block-audio\"><audio controls src=\"http:\/\/paroisse.saintmicheldurhone.fr\/wp-content\/uploads\/2022\/03\/Comme-lui.-Robert-Lebel.mp3\"><\/audio><\/figure>\n\n\n\n<p class=\"has-text-align-center\">*************************************************<\/p>\n\n\n\n<div class=\"wp-block-file\"><a href=\"http:\/\/paroisse.saintmicheldurhone.fr\/wp-content\/uploads\/2022\/03\/Victoire-Tu-r\u00e8gneras-H32.pdf\">Victoire ! Tu r\u00e8gneras ! H32<\/a><a href=\"http:\/\/paroisse.saintmicheldurhone.fr\/wp-content\/uploads\/2022\/03\/Victoire-Tu-r\u00e8gneras-H32.pdf\" class=\"wp-block-file__button\" download>T\u00e9l\u00e9charger<\/a><\/div>\n\n\n\n<figure class=\"wp-block-audio\"><audio controls src=\"http:\/\/paroisse.saintmicheldurhone.fr\/wp-content\/uploads\/2022\/03\/Victoire-tu-regneras-H32.mp3\"><\/audio><\/figure>\n","protected":false},"excerpt":{"rendered":"<p>************************************************* ************************************************* ************************************************* ************************************************* ************************************************* ************************************************* *************************************************<\/p>\n","protected":false},"author":1,"featured_media":0,"parent":0,"menu_order":0,"comment_status":"closed","ping_status":"closed","template":"","meta":{"_uag_custom_page_level_css":"","site-sidebar-layout":"default","site-content-layout":"default","ast-site-content-layout":"default","site-content-style":"default","site-sidebar-style":"default","ast-global-header-display":"","ast-banner-title-visibility":"","ast-main-header-display":"","ast-hfb-above-header-display":"","ast-hfb-below-header-display":"","ast-hfb-mobile-header-display":"","site-post-title":"","ast-breadcrumbs-content":"","ast-featured-img":"","footer-sml-layout":"","ast-disable-related-posts":"","theme-transparent-header-meta":"default","adv-header-id-meta":"","stick-header-meta":"","header-above-stick-meta":"","header-main-stick-meta":"","header-below-stick-meta":"","astra-migrate-meta-layouts":"default","ast-page-background-enabled":"default","ast-page-background-meta":{"desktop":{"background-color":"var(--ast-global-color-4)","background-image":"","background-repeat":"repeat","background-position":"center center","background-size":"auto","background-attachment":"scroll","background-type":"","background-media":"","overlay-type":"","overlay-color":"","overlay-opacity":"","overlay-gradient":""},"tablet":{"background-color":"","background-image":"","background-repeat":"repeat","background-position":"center center","background-size":"auto","background-attachment":"scroll","background-type":"","background-media":"","overlay-type":"","overlay-color":"","overlay-opacity":"","overlay-gradient":""},"mobile":{"background-color":"","background-image":"","background-repeat":"repeat","background-position":"center center","background-size":"auto","background-attachment":"scroll","background-type":"","background-media":"","overlay-type":"","overlay-color":"","overlay-opacity":"","overlay-gradient":""}},"ast-content-background-meta":{"desktop":{"background-color":"var(--ast-global-color-5)","background-image":"","background-repeat":"repeat","background-position":"center center","background-size":"auto","background-attachment":"scroll","background-type":"","background-media":"","overlay-type":"","overlay-color":"","overlay-opacity":"","overlay-gradient":""},"tablet":{"background-color":"var(--ast-global-color-5)","background-image":"","background-repeat":"repeat","background-position":"center center","background-size":"auto","background-attachment":"scroll","background-type":"","background-media":"","overlay-type":"","overlay-color":"","overlay-opacity":"","overlay-gradient":""},"mobile":{"background-color":"var(--ast-global-color-5)","background-image":"","background-repeat":"repeat","background-position":"center center","background-size":"auto","background-attachment":"scroll","background-type":"","background-media":"","overlay-type":"","overlay-color":"","overlay-opacity":"","overlay-gradient":""}},"footnotes":""},"class_list":["post-2485","page","type-page","status-publish","hentry"],"yoast_head":"<!-- This site is optimized with the Yoast SEO plugin v26.6 - https:\/\/yoast.com\/wordpress\/plugins\/seo\/ -->\n<title>MESSE DES RAMEAUX samedi 09 et dimanche 10 avril 2022 -<\/title>\n<meta name=\"robots\" content=\"index, follow, max-snippet:-1, max-image-preview:large, max-video-preview:-1\" \/>\n<link rel=\"canonical\" href=\"http:\/\/paroisse.saintmicheldurhone.fr\/?page_id=2485\" \/>\n<meta property=\"og:locale\" content=\"fr_FR\" \/>\n<meta property=\"og:type\" content=\"article\" \/>\n<meta property=\"og:title\" content=\"MESSE DES RAMEAUX samedi 09 et dimanche 10 avril 2022 -\" \/>\n<meta property=\"og:description\" content=\"************************************************* ************************************************* ************************************************* ************************************************* ************************************************* ************************************************* *************************************************\" \/>\n<meta property=\"og:url\" content=\"http:\/\/paroisse.saintmicheldurhone.fr\/?page_id=2485\" \/>\n<meta property=\"article:modified_time\" content=\"2022-03-31T20:08:35+00:00\" \/>\n<meta name=\"twitter:card\" content=\"summary_large_image\" \/>\n<script type=\"application\/ld+json\" class=\"yoast-schema-graph\">{\"@context\":\"https:\/\/schema.org\",\"@graph\":[{\"@type\":\"WebPage\",\"@id\":\"http:\/\/paroisse.saintmicheldurhone.fr\/?page_id=2485\",\"url\":\"http:\/\/paroisse.saintmicheldurhone.fr\/?page_id=2485\",\"name\":\"MESSE DES RAMEAUX samedi 09 et dimanche 10 avril 2022 -\",\"isPartOf\":{\"@id\":\"http:\/\/paroisse.saintmicheldurhone.fr\/#website\"},\"datePublished\":\"2022-03-31T20:08:34+00:00\",\"dateModified\":\"2022-03-31T20:08:35+00:00\",\"breadcrumb\":{\"@id\":\"http:\/\/paroisse.saintmicheldurhone.fr\/?page_id=2485#breadcrumb\"},\"inLanguage\":\"fr-FR\",\"potentialAction\":[{\"@type\":\"ReadAction\",\"target\":[\"http:\/\/paroisse.saintmicheldurhone.fr\/?page_id=2485\"]}]},{\"@type\":\"BreadcrumbList\",\"@id\":\"http:\/\/paroisse.saintmicheldurhone.fr\/?page_id=2485#breadcrumb\",\"itemListElement\":[{\"@type\":\"ListItem\",\"position\":1,\"name\":\"Accueil\",\"item\":\"https:\/\/paroisse.saintmicheldurhone.fr\/\"},{\"@type\":\"ListItem\",\"position\":2,\"name\":\"MESSE DES RAMEAUX samedi 09 et dimanche 10 avril 2022\"}]},{\"@type\":\"WebSite\",\"@id\":\"http:\/\/paroisse.saintmicheldurhone.fr\/#website\",\"url\":\"http:\/\/paroisse.saintmicheldurhone.fr\/\",\"name\":\"Paroisse Saint Nicolas du Rh\u00f4ne\",\"description\":\"\",\"publisher\":{\"@id\":\"http:\/\/paroisse.saintmicheldurhone.fr\/#organization\"},\"potentialAction\":[{\"@type\":\"SearchAction\",\"target\":{\"@type\":\"EntryPoint\",\"urlTemplate\":\"http:\/\/paroisse.saintmicheldurhone.fr\/?s={search_term_string}\"},\"query-input\":{\"@type\":\"PropertyValueSpecification\",\"valueRequired\":true,\"valueName\":\"search_term_string\"}}],\"inLanguage\":\"fr-FR\"},{\"@type\":\"Organization\",\"@id\":\"http:\/\/paroisse.saintmicheldurhone.fr\/#organization\",\"name\":\"Paroisse Saint Nicolas du Rh\u00f4ne\",\"url\":\"http:\/\/paroisse.saintmicheldurhone.fr\/\",\"logo\":{\"@type\":\"ImageObject\",\"inLanguage\":\"fr-FR\",\"@id\":\"http:\/\/paroisse.saintmicheldurhone.fr\/#\/schema\/logo\/image\/\",\"url\":\"https:\/\/paroisse.saintmicheldurhone.fr\/wp-content\/uploads\/2022\/09\/cropped-logo-paroisse.jpg\",\"contentUrl\":\"https:\/\/paroisse.saintmicheldurhone.fr\/wp-content\/uploads\/2022\/09\/cropped-logo-paroisse.jpg\",\"width\":1228,\"height\":567,\"caption\":\"Paroisse Saint Nicolas du Rh\u00f4ne\"},\"image\":{\"@id\":\"http:\/\/paroisse.saintmicheldurhone.fr\/#\/schema\/logo\/image\/\"}}]}<\/script>\n<!-- \/ Yoast SEO plugin. -->","yoast_head_json":{"title":"MESSE DES RAMEAUX samedi 09 et dimanche 10 avril 2022 -","robots":{"index":"index","follow":"follow","max-snippet":"max-snippet:-1","max-image-preview":"max-image-preview:large","max-video-preview":"max-video-preview:-1"},"canonical":"http:\/\/paroisse.saintmicheldurhone.fr\/?page_id=2485","og_locale":"fr_FR","og_type":"article","og_title":"MESSE DES RAMEAUX samedi 09 et dimanche 10 avril 2022 -","og_description":"************************************************* ************************************************* ************************************************* ************************************************* ************************************************* ************************************************* *************************************************","og_url":"http:\/\/paroisse.saintmicheldurhone.fr\/?page_id=2485","article_modified_time":"2022-03-31T20:08:35+00:00","twitter_card":"summary_large_image","schema":{"@context":"https:\/\/schema.org","@graph":[{"@type":"WebPage","@id":"http:\/\/paroisse.saintmicheldurhone.fr\/?page_id=2485","url":"http:\/\/paroisse.saintmicheldurhone.fr\/?page_id=2485","name":"MESSE DES RAMEAUX samedi 09 et dimanche 10 avril 2022 -","isPartOf":{"@id":"http:\/\/paroisse.saintmicheldurhone.fr\/#website"},"datePublished":"2022-03-31T20:08:34+00:00","dateModified":"2022-03-31T20:08:35+00:00","breadcrumb":{"@id":"http:\/\/paroisse.saintmicheldurhone.fr\/?page_id=2485#breadcrumb"},"inLanguage":"fr-FR","potentialAction":[{"@type":"ReadAction","target":["http:\/\/paroisse.saintmicheldurhone.fr\/?page_id=2485"]}]},{"@type":"BreadcrumbList","@id":"http:\/\/paroisse.saintmicheldurhone.fr\/?page_id=2485#breadcrumb","itemListElement":[{"@type":"ListItem","position":1,"name":"Accueil","item":"https:\/\/paroisse.saintmicheldurhone.fr\/"},{"@type":"ListItem","position":2,"name":"MESSE DES RAMEAUX samedi 09 et dimanche 10 avril 2022"}]},{"@type":"WebSite","@id":"http:\/\/paroisse.saintmicheldurhone.fr\/#website","url":"http:\/\/paroisse.saintmicheldurhone.fr\/","name":"Paroisse Saint Nicolas du Rh\u00f4ne","description":"","publisher":{"@id":"http:\/\/paroisse.saintmicheldurhone.fr\/#organization"},"potentialAction":[{"@type":"SearchAction","target":{"@type":"EntryPoint","urlTemplate":"http:\/\/paroisse.saintmicheldurhone.fr\/?s={search_term_string}"},"query-input":{"@type":"PropertyValueSpecification","valueRequired":true,"valueName":"search_term_string"}}],"inLanguage":"fr-FR"},{"@type":"Organization","@id":"http:\/\/paroisse.saintmicheldurhone.fr\/#organization","name":"Paroisse Saint Nicolas du Rh\u00f4ne","url":"http:\/\/paroisse.saintmicheldurhone.fr\/","logo":{"@type":"ImageObject","inLanguage":"fr-FR","@id":"http:\/\/paroisse.saintmicheldurhone.fr\/#\/schema\/logo\/image\/","url":"https:\/\/paroisse.saintmicheldurhone.fr\/wp-content\/uploads\/2022\/09\/cropped-logo-paroisse.jpg","contentUrl":"https:\/\/paroisse.saintmicheldurhone.fr\/wp-content\/uploads\/2022\/09\/cropped-logo-paroisse.jpg","width":1228,"height":567,"caption":"Paroisse Saint Nicolas du Rh\u00f4ne"},"image":{"@id":"http:\/\/paroisse.saintmicheldurhone.fr\/#\/schema\/logo\/image\/"}}]}},"uagb_featured_image_src":{"full":false,"thumbnail":false,"medium":false,"medium_large":false,"large":false,"1536x1536":false,"2048x2048":false},"uagb_author_info":{"display_name":"2019","author_link":"https:\/\/paroisse.saintmicheldurhone.fr\/?author=1"},"uagb_comment_info":0,"uagb_excerpt":"************************************************* ************************************************* ************************************************* ************************************************* ************************************************* ************************************************* *************************************************","_links":{"self":[{"href":"https:\/\/paroisse.saintmicheldurhone.fr\/index.php?rest_route=\/wp\/v2\/pages\/2485","targetHints":{"allow":["GET"]}}],"collection":[{"href":"https:\/\/paroisse.saintmicheldurhone.fr\/index.php?rest_route=\/wp\/v2\/pages"}],"about":[{"href":"https:\/\/paroisse.saintmicheldurhone.fr\/index.php?rest_route=\/wp\/v2\/types\/page"}],"author":[{"embeddable":true,"href":"https:\/\/paroisse.saintmicheldurhone.fr\/index.php?rest_route=\/wp\/v2\/users\/1"}],"replies":[{"embeddable":true,"href":"https:\/\/paroisse.saintmicheldurhone.fr\/index.php?rest_route=%2Fwp%2Fv2%2Fcomments&post=2485"}],"version-history":[{"count":1,"href":"https:\/\/paroisse.saintmicheldurhone.fr\/index.php?rest_route=\/wp\/v2\/pages\/2485\/revisions"}],"predecessor-version":[{"id":2487,"href":"https:\/\/paroisse.saintmicheldurhone.fr\/index.php?rest_route=\/wp\/v2\/pages\/2485\/revisions\/2487"}],"wp:attachment":[{"href":"https:\/\/paroisse.saintmicheldurhone.fr\/index.php?rest_route=%2Fwp%2Fv2%2Fmedia&parent=2485"}],"curies":[{"name":"wp","href":"https:\/\/api.w.org\/{rel}","templated":true}]}}