{"id":251,"date":"2019-11-14T00:23:44","date_gmt":"2019-11-13T23:23:44","guid":{"rendered":"http:\/\/paroisse.saintmicheldurhone.fr\/?page_id=251"},"modified":"2023-02-27T00:22:09","modified_gmt":"2023-02-26T23:22:09","slug":"oecumenisme","status":"publish","type":"page","link":"https:\/\/paroisse.saintmicheldurhone.fr\/?page_id=251","title":{"rendered":"\u0152cum\u00e9nisme"},"content":{"rendered":"\n<p>Depuis de nombreuses ann\u00e9es, en plus de la semaine de pri\u00e8re pour l&rsquo;unit\u00e9 des chr\u00e9tiens, sur notre paroisse des chr\u00e9tiens de diff\u00e9rentes Eglises se retrouvent pour partager ensemble la Parole de Dieu (dates ci dessous), pour c\u00e9l\u00e9brer le Vendredi Saint, c\u00e9l\u00e9brer dans les EPAD, vivre des temps pri\u00e8res en commun, faire des sorties en commun.<\/p>\n\n\n\n<div class=\"wp-block-image\"><figure class=\"aligncenter size-large\"><img loading=\"lazy\" decoding=\"async\" width=\"870\" height=\"324\" src=\"http:\/\/paroisse.saintmicheldurhone.fr\/wp-content\/uploads\/2022\/02\/Partage-biblique-oecum\u00e9nique-simple-2022jpg_Page1.jpg\" alt=\"\" class=\"wp-image-2304\" srcset=\"https:\/\/paroisse.saintmicheldurhone.fr\/wp-content\/uploads\/2022\/02\/Partage-biblique-oecum\u00e9nique-simple-2022jpg_Page1.jpg 870w, https:\/\/paroisse.saintmicheldurhone.fr\/wp-content\/uploads\/2022\/02\/Partage-biblique-oecum\u00e9nique-simple-2022jpg_Page1-300x112.jpg 300w, https:\/\/paroisse.saintmicheldurhone.fr\/wp-content\/uploads\/2022\/02\/Partage-biblique-oecum\u00e9nique-simple-2022jpg_Page1-768x286.jpg 768w\" sizes=\"auto, (max-width: 870px) 100vw, 870px\" \/><\/figure><\/div>\n\n\n\n<p><\/p>\n","protected":false},"excerpt":{"rendered":"<p>Depuis de nombreuses ann\u00e9es, en plus de la semaine de pri\u00e8re pour l&rsquo;unit\u00e9 des chr\u00e9tiens, sur notre paroisse des chr\u00e9tiens de diff\u00e9rentes Eglises se retrouvent pour partager ensemble la Parole [&hellip;]<\/p>\n","protected":false},"author":1,"featured_media":0,"parent":0,"menu_order":0,"comment_status":"closed","ping_status":"closed","template":"","meta":{"_uag_custom_page_level_css":"","site-sidebar-layout":"default","site-content-layout":"default","ast-site-content-layout":"default","site-content-style":"default","site-sidebar-style":"default","ast-global-header-display":"","ast-banner-title-visibility":"","ast-main-header-display":"","ast-hfb-above-header-display":"","ast-hfb-below-header-display":"","ast-hfb-mobile-header-display":"","site-post-title":"","ast-breadcrumbs-content":"","ast-featured-img":"","footer-sml-layout":"","ast-disable-related-posts":"","theme-transparent-header-meta":"default","adv-header-id-meta":"","stick-header-meta":"","header-above-stick-meta":"","header-main-stick-meta":"","header-below-stick-meta":"","astra-migrate-meta-layouts":"default","ast-page-background-enabled":"default","ast-page-background-meta":{"desktop":{"background-color":"var(--ast-global-color-4)","background-image":"","background-repeat":"repeat","background-position":"center center","background-size":"auto","background-attachment":"scroll","background-type":"","background-media":"","overlay-type":"","overlay-color":"","overlay-opacity":"","overlay-gradient":""},"tablet":{"background-color":"","background-image":"","background-repeat":"repeat","background-position":"center center","background-size":"auto","background-attachment":"scroll","background-type":"","background-media":"","overlay-type":"","overlay-color":"","overlay-opacity":"","overlay-gradient":""},"mobile":{"background-color":"","background-image":"","background-repeat":"repeat","background-position":"center center","background-size":"auto","background-attachment":"scroll","background-type":"","background-media":"","overlay-type":"","overlay-color":"","overlay-opacity":"","overlay-gradient":""}},"ast-content-background-meta":{"desktop":{"background-color":"var(--ast-global-color-5)","background-image":"","background-repeat":"repeat","background-position":"center center","background-size":"auto","background-attachment":"scroll","background-type":"","background-media":"","overlay-type":"","overlay-color":"","overlay-opacity":"","overlay-gradient":""},"tablet":{"background-color":"var(--ast-global-color-5)","background-image":"","background-repeat":"repeat","background-position":"center center","background-size":"auto","background-attachment":"scroll","background-type":"","background-media":"","overlay-type":"","overlay-color":"","overlay-opacity":"","overlay-gradient":""},"mobile":{"background-color":"var(--ast-global-color-5)","background-image":"","background-repeat":"repeat","background-position":"center center","background-size":"auto","background-attachment":"scroll","background-type":"","background-media":"","overlay-type":"","overlay-color":"","overlay-opacity":"","overlay-gradient":""}},"footnotes":""},"class_list":["post-251","page","type-page","status-publish","hentry"],"yoast_head":"<!-- This site is optimized with the Yoast SEO plugin v26.6 - https:\/\/yoast.com\/wordpress\/plugins\/seo\/ -->\n<title>\u0152cum\u00e9nisme -<\/title>\n<meta name=\"robots\" content=\"index, follow, max-snippet:-1, max-image-preview:large, max-video-preview:-1\" \/>\n<link rel=\"canonical\" href=\"http:\/\/paroisse.saintmicheldurhone.fr\/?page_id=251\" \/>\n<meta property=\"og:locale\" content=\"fr_FR\" \/>\n<meta property=\"og:type\" content=\"article\" \/>\n<meta property=\"og:title\" content=\"\u0152cum\u00e9nisme -\" \/>\n<meta property=\"og:description\" content=\"Depuis de nombreuses ann\u00e9es, en plus de la semaine de pri\u00e8re pour l&rsquo;unit\u00e9 des chr\u00e9tiens, sur notre paroisse des chr\u00e9tiens de diff\u00e9rentes Eglises se retrouvent pour partager ensemble la Parole [&hellip;]\" \/>\n<meta property=\"og:url\" content=\"http:\/\/paroisse.saintmicheldurhone.fr\/?page_id=251\" \/>\n<meta property=\"article:modified_time\" content=\"2023-02-26T23:22:09+00:00\" \/>\n<meta name=\"twitter:card\" content=\"summary_large_image\" \/>\n<script type=\"application\/ld+json\" class=\"yoast-schema-graph\">{\"@context\":\"https:\/\/schema.org\",\"@graph\":[{\"@type\":\"WebPage\",\"@id\":\"http:\/\/paroisse.saintmicheldurhone.fr\/?page_id=251\",\"url\":\"http:\/\/paroisse.saintmicheldurhone.fr\/?page_id=251\",\"name\":\"\u0152cum\u00e9nisme -\",\"isPartOf\":{\"@id\":\"http:\/\/paroisse.saintmicheldurhone.fr\/#website\"},\"datePublished\":\"2019-11-13T23:23:44+00:00\",\"dateModified\":\"2023-02-26T23:22:09+00:00\",\"breadcrumb\":{\"@id\":\"http:\/\/paroisse.saintmicheldurhone.fr\/?page_id=251#breadcrumb\"},\"inLanguage\":\"fr-FR\",\"potentialAction\":[{\"@type\":\"ReadAction\",\"target\":[\"http:\/\/paroisse.saintmicheldurhone.fr\/?page_id=251\"]}]},{\"@type\":\"BreadcrumbList\",\"@id\":\"http:\/\/paroisse.saintmicheldurhone.fr\/?page_id=251#breadcrumb\",\"itemListElement\":[{\"@type\":\"ListItem\",\"position\":1,\"name\":\"Accueil\",\"item\":\"https:\/\/paroisse.saintmicheldurhone.fr\/\"},{\"@type\":\"ListItem\",\"position\":2,\"name\":\"\u0152cum\u00e9nisme\"}]},{\"@type\":\"WebSite\",\"@id\":\"http:\/\/paroisse.saintmicheldurhone.fr\/#website\",\"url\":\"http:\/\/paroisse.saintmicheldurhone.fr\/\",\"name\":\"Paroisse Saint Nicolas du Rh\u00f4ne\",\"description\":\"\",\"publisher\":{\"@id\":\"http:\/\/paroisse.saintmicheldurhone.fr\/#organization\"},\"potentialAction\":[{\"@type\":\"SearchAction\",\"target\":{\"@type\":\"EntryPoint\",\"urlTemplate\":\"http:\/\/paroisse.saintmicheldurhone.fr\/?s={search_term_string}\"},\"query-input\":{\"@type\":\"PropertyValueSpecification\",\"valueRequired\":true,\"valueName\":\"search_term_string\"}}],\"inLanguage\":\"fr-FR\"},{\"@type\":\"Organization\",\"@id\":\"http:\/\/paroisse.saintmicheldurhone.fr\/#organization\",\"name\":\"Paroisse Saint Nicolas du Rh\u00f4ne\",\"url\":\"http:\/\/paroisse.saintmicheldurhone.fr\/\",\"logo\":{\"@type\":\"ImageObject\",\"inLanguage\":\"fr-FR\",\"@id\":\"http:\/\/paroisse.saintmicheldurhone.fr\/#\/schema\/logo\/image\/\",\"url\":\"https:\/\/paroisse.saintmicheldurhone.fr\/wp-content\/uploads\/2022\/09\/cropped-logo-paroisse.jpg\",\"contentUrl\":\"https:\/\/paroisse.saintmicheldurhone.fr\/wp-content\/uploads\/2022\/09\/cropped-logo-paroisse.jpg\",\"width\":1228,\"height\":567,\"caption\":\"Paroisse Saint Nicolas du Rh\u00f4ne\"},\"image\":{\"@id\":\"http:\/\/paroisse.saintmicheldurhone.fr\/#\/schema\/logo\/image\/\"}}]}<\/script>\n<!-- \/ Yoast SEO plugin. -->","yoast_head_json":{"title":"\u0152cum\u00e9nisme -","robots":{"index":"index","follow":"follow","max-snippet":"max-snippet:-1","max-image-preview":"max-image-preview:large","max-video-preview":"max-video-preview:-1"},"canonical":"http:\/\/paroisse.saintmicheldurhone.fr\/?page_id=251","og_locale":"fr_FR","og_type":"article","og_title":"\u0152cum\u00e9nisme -","og_description":"Depuis de nombreuses ann\u00e9es, en plus de la semaine de pri\u00e8re pour l&rsquo;unit\u00e9 des chr\u00e9tiens, sur notre paroisse des chr\u00e9tiens de diff\u00e9rentes Eglises se retrouvent pour partager ensemble la Parole [&hellip;]","og_url":"http:\/\/paroisse.saintmicheldurhone.fr\/?page_id=251","article_modified_time":"2023-02-26T23:22:09+00:00","twitter_card":"summary_large_image","schema":{"@context":"https:\/\/schema.org","@graph":[{"@type":"WebPage","@id":"http:\/\/paroisse.saintmicheldurhone.fr\/?page_id=251","url":"http:\/\/paroisse.saintmicheldurhone.fr\/?page_id=251","name":"\u0152cum\u00e9nisme -","isPartOf":{"@id":"http:\/\/paroisse.saintmicheldurhone.fr\/#website"},"datePublished":"2019-11-13T23:23:44+00:00","dateModified":"2023-02-26T23:22:09+00:00","breadcrumb":{"@id":"http:\/\/paroisse.saintmicheldurhone.fr\/?page_id=251#breadcrumb"},"inLanguage":"fr-FR","potentialAction":[{"@type":"ReadAction","target":["http:\/\/paroisse.saintmicheldurhone.fr\/?page_id=251"]}]},{"@type":"BreadcrumbList","@id":"http:\/\/paroisse.saintmicheldurhone.fr\/?page_id=251#breadcrumb","itemListElement":[{"@type":"ListItem","position":1,"name":"Accueil","item":"https:\/\/paroisse.saintmicheldurhone.fr\/"},{"@type":"ListItem","position":2,"name":"\u0152cum\u00e9nisme"}]},{"@type":"WebSite","@id":"http:\/\/paroisse.saintmicheldurhone.fr\/#website","url":"http:\/\/paroisse.saintmicheldurhone.fr\/","name":"Paroisse Saint Nicolas du Rh\u00f4ne","description":"","publisher":{"@id":"http:\/\/paroisse.saintmicheldurhone.fr\/#organization"},"potentialAction":[{"@type":"SearchAction","target":{"@type":"EntryPoint","urlTemplate":"http:\/\/paroisse.saintmicheldurhone.fr\/?s={search_term_string}"},"query-input":{"@type":"PropertyValueSpecification","valueRequired":true,"valueName":"search_term_string"}}],"inLanguage":"fr-FR"},{"@type":"Organization","@id":"http:\/\/paroisse.saintmicheldurhone.fr\/#organization","name":"Paroisse Saint Nicolas du Rh\u00f4ne","url":"http:\/\/paroisse.saintmicheldurhone.fr\/","logo":{"@type":"ImageObject","inLanguage":"fr-FR","@id":"http:\/\/paroisse.saintmicheldurhone.fr\/#\/schema\/logo\/image\/","url":"https:\/\/paroisse.saintmicheldurhone.fr\/wp-content\/uploads\/2022\/09\/cropped-logo-paroisse.jpg","contentUrl":"https:\/\/paroisse.saintmicheldurhone.fr\/wp-content\/uploads\/2022\/09\/cropped-logo-paroisse.jpg","width":1228,"height":567,"caption":"Paroisse Saint Nicolas du Rh\u00f4ne"},"image":{"@id":"http:\/\/paroisse.saintmicheldurhone.fr\/#\/schema\/logo\/image\/"}}]}},"uagb_featured_image_src":{"full":false,"thumbnail":false,"medium":false,"medium_large":false,"large":false,"1536x1536":false,"2048x2048":false},"uagb_author_info":{"display_name":"2019","author_link":"https:\/\/paroisse.saintmicheldurhone.fr\/?author=1"},"uagb_comment_info":0,"uagb_excerpt":"Depuis de nombreuses ann\u00e9es, en plus de la semaine de pri\u00e8re pour l&rsquo;unit\u00e9 des chr\u00e9tiens, sur notre paroisse des chr\u00e9tiens de diff\u00e9rentes Eglises se retrouvent pour partager ensemble la Parole [&hellip;]","_links":{"self":[{"href":"https:\/\/paroisse.saintmicheldurhone.fr\/index.php?rest_route=\/wp\/v2\/pages\/251","targetHints":{"allow":["GET"]}}],"collection":[{"href":"https:\/\/paroisse.saintmicheldurhone.fr\/index.php?rest_route=\/wp\/v2\/pages"}],"about":[{"href":"https:\/\/paroisse.saintmicheldurhone.fr\/index.php?rest_route=\/wp\/v2\/types\/page"}],"author":[{"embeddable":true,"href":"https:\/\/paroisse.saintmicheldurhone.fr\/index.php?rest_route=\/wp\/v2\/users\/1"}],"replies":[{"embeddable":true,"href":"https:\/\/paroisse.saintmicheldurhone.fr\/index.php?rest_route=%2Fwp%2Fv2%2Fcomments&post=251"}],"version-history":[{"count":6,"href":"https:\/\/paroisse.saintmicheldurhone.fr\/index.php?rest_route=\/wp\/v2\/pages\/251\/revisions"}],"predecessor-version":[{"id":3033,"href":"https:\/\/paroisse.saintmicheldurhone.fr\/index.php?rest_route=\/wp\/v2\/pages\/251\/revisions\/3033"}],"wp:attachment":[{"href":"https:\/\/paroisse.saintmicheldurhone.fr\/index.php?rest_route=%2Fwp%2Fv2%2Fmedia&parent=251"}],"curies":[{"name":"wp","href":"https:\/\/api.w.org\/{rel}","templated":true}]}}