{"id":2621,"date":"2022-05-18T09:24:27","date_gmt":"2022-05-18T07:24:27","guid":{"rendered":"http:\/\/paroisse.saintmicheldurhone.fr\/?page_id=2621"},"modified":"2022-05-18T10:49:49","modified_gmt":"2022-05-18T08:49:49","slug":"dimanche-22-mai-2022-6me-dimanche-de-paques-annee-c","status":"publish","type":"page","link":"https:\/\/paroisse.saintmicheldurhone.fr\/?page_id=2621","title":{"rendered":"DIMANCHE 22 MAI 2022 \u2013 6me dimanche de P\u00e2ques \u2013Ann\u00e9e C"},"content":{"rendered":"\n<p><strong>Chant d\u2019entr\u00e9e<\/strong><strong>&nbsp;:<\/strong> Nous\nvoici chez Toi\u2026 &#8211;<strong>page 222&nbsp; couplets 1 &amp; 2.<\/strong><\/p>\n\n\n\n<figure class=\"wp-block-audio\"><audio controls src=\"http:\/\/paroisse.saintmicheldurhone.fr\/wp-content\/uploads\/2022\/05\/nous-voici-chez-toi.mp3\"><\/audio><\/figure>\n\n\n\n<p>Pri\u00e8re p\u00e9nitentielle&nbsp; Chant entre chaque invocation&nbsp;: Seigneur prend piti\u00e9 (ter)<\/p>\n\n\n\n<p>&nbsp;&#8211; Pardonne-nous, Seigneur, quand nous oublions\nl&rsquo;amour du P\u00e8re que tu nous as fait conna\u00eetre, <strong>Prends piti\u00e9 de nous<\/strong>.<\/p>\n\n\n\n<p>&#8211;\nPardonne-nous, Seigneur, quand nous oublions l&rsquo;amour dont tu nous as aim\u00e9s en\ndonnant ta vie pour nous, <strong>Prends piti\u00e9\nde nous.<\/strong><\/p>\n\n\n\n<p>&#8211;\nPardonne-nous, Seigneur, quand nous oublions l&rsquo;amour que ton Esprit fait na\u00eetre\nen nos c\u0153urs, <strong>Prends piti\u00e9 de nous<\/strong>.<\/p>\n\n\n\n<p><strong>1re Lecture&nbsp;:<\/strong> des Actes des Ap\u00f4tres (15,12.22-29)<\/p>\n\n\n\n<p><strong>Psaume\u00a0:<\/strong>  <br><strong>R\/ Que les peuples, Dieu, te rendent gr\u00e2ce\u00a0;<br>qu\u2019ils te rendent gr\u00e2ce tous ensemble\u00a0!<\/strong> <\/p>\n\n\n\n<figure class=\"wp-block-audio\"><audio controls src=\"http:\/\/paroisse.saintmicheldurhone.fr\/wp-content\/uploads\/2022\/05\/Psaume-66-2-Que-les-peuples-M.mp3\"><\/audio><\/figure>\n\n\n\n<p><strong>2me Lecture&nbsp;:<\/strong>&nbsp; Lecture de l\u2019 Apocalypse de\nSt Jean ( 21,10-14,22-23)<\/p>\n\n\n\n<p><strong>Alleluia&nbsp;:<\/strong> \u00ab&nbsp;<strong>Chante All\u00e9luia au\nSeigneur, Chante All\u00e9luia au Seigneur, Chante All\u00e9luia, Chante All\u00e9luia, Chante\nAll\u00e9luia au Seigneur&nbsp;\u00bb<\/strong><\/p>\n\n\n\n<figure class=\"wp-block-audio\"><audio controls src=\"http:\/\/paroisse.saintmicheldurhone.fr\/wp-content\/uploads\/2022\/05\/chante-alleluia-au-seigneur.mp3\"><\/audio><\/figure>\n\n\n\n<p><strong>Profession de Foi&nbsp;: <\/strong>Symbole des Ap\u00f4tres \u2013 <strong>page 9<\/strong><\/p>\n\n\n\n<p><strong>Pri\u00e8re universelle <\/strong><strong>&nbsp;<\/strong>Refrain<strong> \u00ab&nbsp; Christ\nressuscit\u00e9, exauce-nous&nbsp;\u00bb<\/strong><\/p>\n\n\n\n<figure class=\"wp-block-audio\"><audio controls src=\"http:\/\/paroisse.saintmicheldurhone.fr\/wp-content\/uploads\/2022\/05\/o-christ-ressuscite-exauce-nous-priere-universelle.mp3\"><\/audio><\/figure>\n\n\n\n<p><strong>Sanctus\n<\/strong>Saint\nle Tr\u00e8s haut- <strong>page 217 <\/strong><\/p>\n\n\n\n<figure class=\"wp-block-audio\"><audio controls src=\"http:\/\/paroisse.saintmicheldurhone.fr\/wp-content\/uploads\/2022\/05\/messe-de-lalliance-saint-le-tres-haut.mp3\"><\/audio><\/figure>\n\n\n\n<p><strong>Anamn\u00e8se\u00a0 <\/strong>Tu es venu, Tu reviendras\u2026- <strong>page 219<\/strong><\/p>\n\n\n\n<p> Tu es venu, tu reviendras,<br>Seigneur J\u00e9sus nous t\u2019attendons.<br>Tu \u00e9tais mort, tu es vivant,<br>Seigneur J\u00e9sus, sois notre vie <\/p>\n\n\n\n<figure class=\"wp-block-audio\"><audio controls src=\"http:\/\/paroisse.saintmicheldurhone.fr\/wp-content\/uploads\/2022\/05\/tu-est-venu-tu-reviendrasflv.mp3\"><\/audio><\/figure>\n\n\n\n<p><br><br><\/p>\n\n\n\n<p><strong>Agnus<\/strong>&nbsp;:&nbsp;La\npaix, la paix, donne-nous Seigneur la paix&nbsp; &#8211; <strong>page 221<\/strong><\/p>\n\n\n\n<figure class=\"wp-block-audio\"><audio controls src=\"http:\/\/paroisse.saintmicheldurhone.fr\/wp-content\/uploads\/2022\/05\/raymond-fau-donne-nous-la-paix.mp3\"><\/audio><\/figure>\n\n\n\n<p><strong>Communion\n<\/strong><strong>\u00ab&nbsp;<\/strong>Nous\nchanterons pour Toi Seigneur<strong>&nbsp;\u00bb &#8211;\npage 135 \u2013cp1 puis 6,7, etc <\/strong><\/p>\n\n\n\n<figure class=\"wp-block-audio\"><audio controls src=\"http:\/\/paroisse.saintmicheldurhone.fr\/wp-content\/uploads\/2022\/05\/nous-chanterons-pour-toi-seigneur.mp3\"><\/audio><\/figure>\n\n\n\n<p><strong>Envoi<\/strong>&nbsp;:\nChant \u00ab&nbsp;Chercher, avec toi, dans nos vies\u2026&nbsp;\u00bb &#8211;<strong> page 238 \u2013 couplets 1 &amp; 3<\/strong> <\/p>\n\n\n\n<figure class=\"wp-block-audio\"><audio controls src=\"http:\/\/paroisse.saintmicheldurhone.fr\/wp-content\/uploads\/2022\/05\/chercher-avec-toi-marie-chant-catholique.mp3\"><\/audio><\/figure>\n","protected":false},"excerpt":{"rendered":"<p>Chant d\u2019entr\u00e9e&nbsp;: Nous voici chez Toi\u2026 &#8211;page 222&nbsp; couplets 1 &amp; 2. Pri\u00e8re p\u00e9nitentielle&nbsp; Chant entre chaque invocation&nbsp;: Seigneur prend piti\u00e9 (ter) &nbsp;&#8211; Pardonne-nous, Seigneur, quand nous oublions l&rsquo;amour du [&hellip;]<\/p>\n","protected":false},"author":1,"featured_media":0,"parent":0,"menu_order":0,"comment_status":"closed","ping_status":"closed","template":"","meta":{"_uag_custom_page_level_css":"","site-sidebar-layout":"default","site-content-layout":"default","ast-site-content-layout":"default","site-content-style":"default","site-sidebar-style":"default","ast-global-header-display":"","ast-banner-title-visibility":"","ast-main-header-display":"","ast-hfb-above-header-display":"","ast-hfb-below-header-display":"","ast-hfb-mobile-header-display":"","site-post-title":"","ast-breadcrumbs-content":"","ast-featured-img":"","footer-sml-layout":"","ast-disable-related-posts":"","theme-transparent-header-meta":"default","adv-header-id-meta":"","stick-header-meta":"","header-above-stick-meta":"","header-main-stick-meta":"","header-below-stick-meta":"","astra-migrate-meta-layouts":"default","ast-page-background-enabled":"default","ast-page-background-meta":{"desktop":{"background-color":"var(--ast-global-color-4)","background-image":"","background-repeat":"repeat","background-position":"center center","background-size":"auto","background-attachment":"scroll","background-type":"","background-media":"","overlay-type":"","overlay-color":"","overlay-opacity":"","overlay-gradient":""},"tablet":{"background-color":"","background-image":"","background-repeat":"repeat","background-position":"center center","background-size":"auto","background-attachment":"scroll","background-type":"","background-media":"","overlay-type":"","overlay-color":"","overlay-opacity":"","overlay-gradient":""},"mobile":{"background-color":"","background-image":"","background-repeat":"repeat","background-position":"center center","background-size":"auto","background-attachment":"scroll","background-type":"","background-media":"","overlay-type":"","overlay-color":"","overlay-opacity":"","overlay-gradient":""}},"ast-content-background-meta":{"desktop":{"background-color":"var(--ast-global-color-5)","background-image":"","background-repeat":"repeat","background-position":"center center","background-size":"auto","background-attachment":"scroll","background-type":"","background-media":"","overlay-type":"","overlay-color":"","overlay-opacity":"","overlay-gradient":""},"tablet":{"background-color":"var(--ast-global-color-5)","background-image":"","background-repeat":"repeat","background-position":"center center","background-size":"auto","background-attachment":"scroll","background-type":"","background-media":"","overlay-type":"","overlay-color":"","overlay-opacity":"","overlay-gradient":""},"mobile":{"background-color":"var(--ast-global-color-5)","background-image":"","background-repeat":"repeat","background-position":"center center","background-size":"auto","background-attachment":"scroll","background-type":"","background-media":"","overlay-type":"","overlay-color":"","overlay-opacity":"","overlay-gradient":""}},"footnotes":""},"class_list":["post-2621","page","type-page","status-publish","hentry"],"yoast_head":"<!-- This site is optimized with the Yoast SEO plugin v26.6 - https:\/\/yoast.com\/wordpress\/plugins\/seo\/ -->\n<title>DIMANCHE 22 MAI 2022 \u2013 6me dimanche de P\u00e2ques \u2013Ann\u00e9e C -<\/title>\n<meta name=\"robots\" content=\"index, follow, max-snippet:-1, max-image-preview:large, max-video-preview:-1\" \/>\n<link rel=\"canonical\" href=\"https:\/\/paroisse.saintmicheldurhone.fr\/?page_id=2621\" \/>\n<meta property=\"og:locale\" content=\"fr_FR\" \/>\n<meta property=\"og:type\" content=\"article\" \/>\n<meta property=\"og:title\" content=\"DIMANCHE 22 MAI 2022 \u2013 6me dimanche de P\u00e2ques \u2013Ann\u00e9e C -\" \/>\n<meta property=\"og:description\" content=\"Chant d\u2019entr\u00e9e&nbsp;: Nous voici chez Toi\u2026 &#8211;page 222&nbsp; couplets 1 &amp; 2. Pri\u00e8re p\u00e9nitentielle&nbsp; Chant entre chaque invocation&nbsp;: Seigneur prend piti\u00e9 (ter) &nbsp;&#8211; Pardonne-nous, Seigneur, quand nous oublions l&rsquo;amour du [&hellip;]\" \/>\n<meta property=\"og:url\" content=\"https:\/\/paroisse.saintmicheldurhone.fr\/?page_id=2621\" \/>\n<meta property=\"article:modified_time\" content=\"2022-05-18T08:49:49+00:00\" \/>\n<meta name=\"twitter:card\" content=\"summary_large_image\" \/>\n<meta name=\"twitter:label1\" content=\"Dur\u00e9e de lecture estim\u00e9e\" \/>\n\t<meta name=\"twitter:data1\" content=\"1 minute\" \/>\n<script type=\"application\/ld+json\" class=\"yoast-schema-graph\">{\"@context\":\"https:\/\/schema.org\",\"@graph\":[{\"@type\":\"WebPage\",\"@id\":\"https:\/\/paroisse.saintmicheldurhone.fr\/?page_id=2621\",\"url\":\"https:\/\/paroisse.saintmicheldurhone.fr\/?page_id=2621\",\"name\":\"DIMANCHE 22 MAI 2022 \u2013 6me dimanche de P\u00e2ques \u2013Ann\u00e9e C -\",\"isPartOf\":{\"@id\":\"http:\/\/paroisse.saintmicheldurhone.fr\/#website\"},\"datePublished\":\"2022-05-18T07:24:27+00:00\",\"dateModified\":\"2022-05-18T08:49:49+00:00\",\"breadcrumb\":{\"@id\":\"https:\/\/paroisse.saintmicheldurhone.fr\/?page_id=2621#breadcrumb\"},\"inLanguage\":\"fr-FR\",\"potentialAction\":[{\"@type\":\"ReadAction\",\"target\":[\"https:\/\/paroisse.saintmicheldurhone.fr\/?page_id=2621\"]}]},{\"@type\":\"BreadcrumbList\",\"@id\":\"https:\/\/paroisse.saintmicheldurhone.fr\/?page_id=2621#breadcrumb\",\"itemListElement\":[{\"@type\":\"ListItem\",\"position\":1,\"name\":\"Accueil\",\"item\":\"https:\/\/paroisse.saintmicheldurhone.fr\/\"},{\"@type\":\"ListItem\",\"position\":2,\"name\":\"DIMANCHE 22 MAI 2022 \u2013 6me dimanche de P\u00e2ques \u2013Ann\u00e9e C\"}]},{\"@type\":\"WebSite\",\"@id\":\"http:\/\/paroisse.saintmicheldurhone.fr\/#website\",\"url\":\"http:\/\/paroisse.saintmicheldurhone.fr\/\",\"name\":\"Paroisse Saint Nicolas du Rh\u00f4ne\",\"description\":\"\",\"publisher\":{\"@id\":\"http:\/\/paroisse.saintmicheldurhone.fr\/#organization\"},\"potentialAction\":[{\"@type\":\"SearchAction\",\"target\":{\"@type\":\"EntryPoint\",\"urlTemplate\":\"http:\/\/paroisse.saintmicheldurhone.fr\/?s={search_term_string}\"},\"query-input\":{\"@type\":\"PropertyValueSpecification\",\"valueRequired\":true,\"valueName\":\"search_term_string\"}}],\"inLanguage\":\"fr-FR\"},{\"@type\":\"Organization\",\"@id\":\"http:\/\/paroisse.saintmicheldurhone.fr\/#organization\",\"name\":\"Paroisse Saint Nicolas du Rh\u00f4ne\",\"url\":\"http:\/\/paroisse.saintmicheldurhone.fr\/\",\"logo\":{\"@type\":\"ImageObject\",\"inLanguage\":\"fr-FR\",\"@id\":\"http:\/\/paroisse.saintmicheldurhone.fr\/#\/schema\/logo\/image\/\",\"url\":\"https:\/\/paroisse.saintmicheldurhone.fr\/wp-content\/uploads\/2022\/09\/cropped-logo-paroisse.jpg\",\"contentUrl\":\"https:\/\/paroisse.saintmicheldurhone.fr\/wp-content\/uploads\/2022\/09\/cropped-logo-paroisse.jpg\",\"width\":1228,\"height\":567,\"caption\":\"Paroisse Saint Nicolas du Rh\u00f4ne\"},\"image\":{\"@id\":\"http:\/\/paroisse.saintmicheldurhone.fr\/#\/schema\/logo\/image\/\"}}]}<\/script>\n<!-- \/ Yoast SEO plugin. -->","yoast_head_json":{"title":"DIMANCHE 22 MAI 2022 \u2013 6me dimanche de P\u00e2ques \u2013Ann\u00e9e C -","robots":{"index":"index","follow":"follow","max-snippet":"max-snippet:-1","max-image-preview":"max-image-preview:large","max-video-preview":"max-video-preview:-1"},"canonical":"https:\/\/paroisse.saintmicheldurhone.fr\/?page_id=2621","og_locale":"fr_FR","og_type":"article","og_title":"DIMANCHE 22 MAI 2022 \u2013 6me dimanche de P\u00e2ques \u2013Ann\u00e9e C -","og_description":"Chant d\u2019entr\u00e9e&nbsp;: Nous voici chez Toi\u2026 &#8211;page 222&nbsp; couplets 1 &amp; 2. Pri\u00e8re p\u00e9nitentielle&nbsp; Chant entre chaque invocation&nbsp;: Seigneur prend piti\u00e9 (ter) &nbsp;&#8211; Pardonne-nous, Seigneur, quand nous oublions l&rsquo;amour du [&hellip;]","og_url":"https:\/\/paroisse.saintmicheldurhone.fr\/?page_id=2621","article_modified_time":"2022-05-18T08:49:49+00:00","twitter_card":"summary_large_image","twitter_misc":{"Dur\u00e9e de lecture estim\u00e9e":"1 minute"},"schema":{"@context":"https:\/\/schema.org","@graph":[{"@type":"WebPage","@id":"https:\/\/paroisse.saintmicheldurhone.fr\/?page_id=2621","url":"https:\/\/paroisse.saintmicheldurhone.fr\/?page_id=2621","name":"DIMANCHE 22 MAI 2022 \u2013 6me dimanche de P\u00e2ques \u2013Ann\u00e9e C -","isPartOf":{"@id":"http:\/\/paroisse.saintmicheldurhone.fr\/#website"},"datePublished":"2022-05-18T07:24:27+00:00","dateModified":"2022-05-18T08:49:49+00:00","breadcrumb":{"@id":"https:\/\/paroisse.saintmicheldurhone.fr\/?page_id=2621#breadcrumb"},"inLanguage":"fr-FR","potentialAction":[{"@type":"ReadAction","target":["https:\/\/paroisse.saintmicheldurhone.fr\/?page_id=2621"]}]},{"@type":"BreadcrumbList","@id":"https:\/\/paroisse.saintmicheldurhone.fr\/?page_id=2621#breadcrumb","itemListElement":[{"@type":"ListItem","position":1,"name":"Accueil","item":"https:\/\/paroisse.saintmicheldurhone.fr\/"},{"@type":"ListItem","position":2,"name":"DIMANCHE 22 MAI 2022 \u2013 6me dimanche de P\u00e2ques \u2013Ann\u00e9e C"}]},{"@type":"WebSite","@id":"http:\/\/paroisse.saintmicheldurhone.fr\/#website","url":"http:\/\/paroisse.saintmicheldurhone.fr\/","name":"Paroisse Saint Nicolas du Rh\u00f4ne","description":"","publisher":{"@id":"http:\/\/paroisse.saintmicheldurhone.fr\/#organization"},"potentialAction":[{"@type":"SearchAction","target":{"@type":"EntryPoint","urlTemplate":"http:\/\/paroisse.saintmicheldurhone.fr\/?s={search_term_string}"},"query-input":{"@type":"PropertyValueSpecification","valueRequired":true,"valueName":"search_term_string"}}],"inLanguage":"fr-FR"},{"@type":"Organization","@id":"http:\/\/paroisse.saintmicheldurhone.fr\/#organization","name":"Paroisse Saint Nicolas du Rh\u00f4ne","url":"http:\/\/paroisse.saintmicheldurhone.fr\/","logo":{"@type":"ImageObject","inLanguage":"fr-FR","@id":"http:\/\/paroisse.saintmicheldurhone.fr\/#\/schema\/logo\/image\/","url":"https:\/\/paroisse.saintmicheldurhone.fr\/wp-content\/uploads\/2022\/09\/cropped-logo-paroisse.jpg","contentUrl":"https:\/\/paroisse.saintmicheldurhone.fr\/wp-content\/uploads\/2022\/09\/cropped-logo-paroisse.jpg","width":1228,"height":567,"caption":"Paroisse Saint Nicolas du Rh\u00f4ne"},"image":{"@id":"http:\/\/paroisse.saintmicheldurhone.fr\/#\/schema\/logo\/image\/"}}]}},"uagb_featured_image_src":{"full":false,"thumbnail":false,"medium":false,"medium_large":false,"large":false,"1536x1536":false,"2048x2048":false},"uagb_author_info":{"display_name":"2019","author_link":"https:\/\/paroisse.saintmicheldurhone.fr\/?author=1"},"uagb_comment_info":0,"uagb_excerpt":"Chant d\u2019entr\u00e9e&nbsp;: Nous voici chez Toi\u2026 &#8211;page 222&nbsp; couplets 1 &amp; 2. Pri\u00e8re p\u00e9nitentielle&nbsp; Chant entre chaque invocation&nbsp;: Seigneur prend piti\u00e9 (ter) &nbsp;&#8211; Pardonne-nous, Seigneur, quand nous oublions l&rsquo;amour du [&hellip;]","_links":{"self":[{"href":"https:\/\/paroisse.saintmicheldurhone.fr\/index.php?rest_route=\/wp\/v2\/pages\/2621","targetHints":{"allow":["GET"]}}],"collection":[{"href":"https:\/\/paroisse.saintmicheldurhone.fr\/index.php?rest_route=\/wp\/v2\/pages"}],"about":[{"href":"https:\/\/paroisse.saintmicheldurhone.fr\/index.php?rest_route=\/wp\/v2\/types\/page"}],"author":[{"embeddable":true,"href":"https:\/\/paroisse.saintmicheldurhone.fr\/index.php?rest_route=\/wp\/v2\/users\/1"}],"replies":[{"embeddable":true,"href":"https:\/\/paroisse.saintmicheldurhone.fr\/index.php?rest_route=%2Fwp%2Fv2%2Fcomments&post=2621"}],"version-history":[{"count":3,"href":"https:\/\/paroisse.saintmicheldurhone.fr\/index.php?rest_route=\/wp\/v2\/pages\/2621\/revisions"}],"predecessor-version":[{"id":2642,"href":"https:\/\/paroisse.saintmicheldurhone.fr\/index.php?rest_route=\/wp\/v2\/pages\/2621\/revisions\/2642"}],"wp:attachment":[{"href":"https:\/\/paroisse.saintmicheldurhone.fr\/index.php?rest_route=%2Fwp%2Fv2%2Fmedia&parent=2621"}],"curies":[{"name":"wp","href":"https:\/\/api.w.org\/{rel}","templated":true}]}}