{"id":271,"date":"2019-11-14T16:51:23","date_gmt":"2019-11-14T15:51:23","guid":{"rendered":"http:\/\/paroisse.saintmicheldurhone.fr\/?page_id=271"},"modified":"2019-11-19T11:24:17","modified_gmt":"2019-11-19T10:24:17","slug":"groupes-de-priere","status":"publish","type":"page","link":"https:\/\/paroisse.saintmicheldurhone.fr\/?page_id=271","title":{"rendered":"Pri\u00e8re et partage"},"content":{"rendered":"\n<div class=\"wp-block-image\"><figure class=\"alignright size-large is-resized\"><img loading=\"lazy\" decoding=\"async\" src=\"http:\/\/paroisse.saintmicheldurhone.fr\/wp-content\/uploads\/2019\/11\/equipe-1024x568.jpg\" alt=\"\" class=\"wp-image-486\" width=\"512\" height=\"284\" srcset=\"https:\/\/paroisse.saintmicheldurhone.fr\/wp-content\/uploads\/2019\/11\/equipe-1024x568.jpg 1024w, https:\/\/paroisse.saintmicheldurhone.fr\/wp-content\/uploads\/2019\/11\/equipe-300x166.jpg 300w, https:\/\/paroisse.saintmicheldurhone.fr\/wp-content\/uploads\/2019\/11\/equipe-768x426.jpg 768w, https:\/\/paroisse.saintmicheldurhone.fr\/wp-content\/uploads\/2019\/11\/equipe-1536x852.jpg 1536w, https:\/\/paroisse.saintmicheldurhone.fr\/wp-content\/uploads\/2019\/11\/equipe.jpg 1669w\" sizes=\"auto, (max-width: 512px) 100vw, 512px\" \/><\/figure><\/div>\n\n\n\n<ul class=\"wp-block-list\"><li>Vous \u00eates les bienvenues dans les \u00e9quipes de pri\u00e8re et de partage.<br>Vous pouvez rejoindre les \u00e9quipes du rosaire, les partages bibliques, une petite cellule de maison, une \u00e9quipe de pr\u00e9paration \u00e0 la liturgie&#8230;. les temps d&rsquo;adoration le vendredi soir \u00e0 18h30, apr\u00e8s la messe \u00e0 la chapelle du presbyt\u00e8re de La Voulte&#8230;<\/li><\/ul>\n\n\n\n<ul class=\"wp-block-list\"><li>Lorsque vous avez une intention de pri\u00e8re pour \u00ab\u00a0le Monast\u00e8re invisible\u00a0\u00bb de notre communaut\u00e9 paroissiale, vous pouvez la Faire conna\u00eetre\u00a0: Soit au secr\u00e9tariat  t\u00e9l.\u00a0: 04 75 62 40 95, soit \u00e0 Mauricette DUPLAN-RIBET  t\u00e9l.\u00a0: 04 75 85 10 79. <\/li><\/ul>\n\n\n\n<p><\/p>\n","protected":false},"excerpt":{"rendered":"<p>Vous \u00eates les bienvenues dans les \u00e9quipes de pri\u00e8re et de partage.Vous pouvez rejoindre les \u00e9quipes du rosaire, les partages bibliques, une petite cellule de maison, une \u00e9quipe de pr\u00e9paration [&hellip;]<\/p>\n","protected":false},"author":1,"featured_media":0,"parent":0,"menu_order":0,"comment_status":"closed","ping_status":"closed","template":"","meta":{"_uag_custom_page_level_css":"","site-sidebar-layout":"default","site-content-layout":"default","ast-site-content-layout":"default","site-content-style":"default","site-sidebar-style":"default","ast-global-header-display":"","ast-banner-title-visibility":"","ast-main-header-display":"","ast-hfb-above-header-display":"","ast-hfb-below-header-display":"","ast-hfb-mobile-header-display":"","site-post-title":"","ast-breadcrumbs-content":"","ast-featured-img":"","footer-sml-layout":"","ast-disable-related-posts":"","theme-transparent-header-meta":"default","adv-header-id-meta":"","stick-header-meta":"","header-above-stick-meta":"","header-main-stick-meta":"","header-below-stick-meta":"","astra-migrate-meta-layouts":"default","ast-page-background-enabled":"default","ast-page-background-meta":{"desktop":{"background-color":"var(--ast-global-color-4)","background-image":"","background-repeat":"repeat","background-position":"center center","background-size":"auto","background-attachment":"scroll","background-type":"","background-media":"","overlay-type":"","overlay-color":"","overlay-opacity":"","overlay-gradient":""},"tablet":{"background-color":"","background-image":"","background-repeat":"repeat","background-position":"center center","background-size":"auto","background-attachment":"scroll","background-type":"","background-media":"","overlay-type":"","overlay-color":"","overlay-opacity":"","overlay-gradient":""},"mobile":{"background-color":"","background-image":"","background-repeat":"repeat","background-position":"center center","background-size":"auto","background-attachment":"scroll","background-type":"","background-media":"","overlay-type":"","overlay-color":"","overlay-opacity":"","overlay-gradient":""}},"ast-content-background-meta":{"desktop":{"background-color":"var(--ast-global-color-5)","background-image":"","background-repeat":"repeat","background-position":"center center","background-size":"auto","background-attachment":"scroll","background-type":"","background-media":"","overlay-type":"","overlay-color":"","overlay-opacity":"","overlay-gradient":""},"tablet":{"background-color":"var(--ast-global-color-5)","background-image":"","background-repeat":"repeat","background-position":"center center","background-size":"auto","background-attachment":"scroll","background-type":"","background-media":"","overlay-type":"","overlay-color":"","overlay-opacity":"","overlay-gradient":""},"mobile":{"background-color":"var(--ast-global-color-5)","background-image":"","background-repeat":"repeat","background-position":"center center","background-size":"auto","background-attachment":"scroll","background-type":"","background-media":"","overlay-type":"","overlay-color":"","overlay-opacity":"","overlay-gradient":""}},"footnotes":""},"class_list":["post-271","page","type-page","status-publish","hentry"],"yoast_head":"<!-- This site is optimized with the Yoast SEO plugin v26.6 - https:\/\/yoast.com\/wordpress\/plugins\/seo\/ -->\n<title>Pri\u00e8re et partage -<\/title>\n<meta name=\"robots\" content=\"index, follow, max-snippet:-1, max-image-preview:large, max-video-preview:-1\" \/>\n<link rel=\"canonical\" href=\"http:\/\/paroisse.saintmicheldurhone.fr\/?page_id=271\" \/>\n<meta property=\"og:locale\" content=\"fr_FR\" \/>\n<meta property=\"og:type\" content=\"article\" \/>\n<meta property=\"og:title\" content=\"Pri\u00e8re et partage -\" \/>\n<meta property=\"og:description\" content=\"Vous \u00eates les bienvenues dans les \u00e9quipes de pri\u00e8re et de partage.Vous pouvez rejoindre les \u00e9quipes du rosaire, les partages bibliques, une petite cellule de maison, une \u00e9quipe de pr\u00e9paration [&hellip;]\" \/>\n<meta property=\"og:url\" content=\"http:\/\/paroisse.saintmicheldurhone.fr\/?page_id=271\" \/>\n<meta property=\"article:modified_time\" content=\"2019-11-19T10:24:17+00:00\" \/>\n<meta property=\"og:image\" content=\"http:\/\/paroisse.saintmicheldurhone.fr\/wp-content\/uploads\/2019\/11\/equipe-1024x568.jpg\" \/>\n<meta name=\"twitter:card\" content=\"summary_large_image\" \/>\n<script type=\"application\/ld+json\" class=\"yoast-schema-graph\">{\"@context\":\"https:\/\/schema.org\",\"@graph\":[{\"@type\":\"WebPage\",\"@id\":\"http:\/\/paroisse.saintmicheldurhone.fr\/?page_id=271\",\"url\":\"http:\/\/paroisse.saintmicheldurhone.fr\/?page_id=271\",\"name\":\"Pri\u00e8re et partage -\",\"isPartOf\":{\"@id\":\"http:\/\/paroisse.saintmicheldurhone.fr\/#website\"},\"primaryImageOfPage\":{\"@id\":\"http:\/\/paroisse.saintmicheldurhone.fr\/?page_id=271#primaryimage\"},\"image\":{\"@id\":\"http:\/\/paroisse.saintmicheldurhone.fr\/?page_id=271#primaryimage\"},\"thumbnailUrl\":\"http:\/\/paroisse.saintmicheldurhone.fr\/wp-content\/uploads\/2019\/11\/equipe-1024x568.jpg\",\"datePublished\":\"2019-11-14T15:51:23+00:00\",\"dateModified\":\"2019-11-19T10:24:17+00:00\",\"breadcrumb\":{\"@id\":\"http:\/\/paroisse.saintmicheldurhone.fr\/?page_id=271#breadcrumb\"},\"inLanguage\":\"fr-FR\",\"potentialAction\":[{\"@type\":\"ReadAction\",\"target\":[\"http:\/\/paroisse.saintmicheldurhone.fr\/?page_id=271\"]}]},{\"@type\":\"ImageObject\",\"inLanguage\":\"fr-FR\",\"@id\":\"http:\/\/paroisse.saintmicheldurhone.fr\/?page_id=271#primaryimage\",\"url\":\"https:\/\/paroisse.saintmicheldurhone.fr\/wp-content\/uploads\/2019\/11\/equipe.jpg\",\"contentUrl\":\"https:\/\/paroisse.saintmicheldurhone.fr\/wp-content\/uploads\/2019\/11\/equipe.jpg\",\"width\":1669,\"height\":926},{\"@type\":\"BreadcrumbList\",\"@id\":\"http:\/\/paroisse.saintmicheldurhone.fr\/?page_id=271#breadcrumb\",\"itemListElement\":[{\"@type\":\"ListItem\",\"position\":1,\"name\":\"Accueil\",\"item\":\"https:\/\/paroisse.saintmicheldurhone.fr\/\"},{\"@type\":\"ListItem\",\"position\":2,\"name\":\"Pri\u00e8re et partage\"}]},{\"@type\":\"WebSite\",\"@id\":\"http:\/\/paroisse.saintmicheldurhone.fr\/#website\",\"url\":\"http:\/\/paroisse.saintmicheldurhone.fr\/\",\"name\":\"Paroisse Saint Nicolas du Rh\u00f4ne\",\"description\":\"\",\"publisher\":{\"@id\":\"http:\/\/paroisse.saintmicheldurhone.fr\/#organization\"},\"potentialAction\":[{\"@type\":\"SearchAction\",\"target\":{\"@type\":\"EntryPoint\",\"urlTemplate\":\"http:\/\/paroisse.saintmicheldurhone.fr\/?s={search_term_string}\"},\"query-input\":{\"@type\":\"PropertyValueSpecification\",\"valueRequired\":true,\"valueName\":\"search_term_string\"}}],\"inLanguage\":\"fr-FR\"},{\"@type\":\"Organization\",\"@id\":\"http:\/\/paroisse.saintmicheldurhone.fr\/#organization\",\"name\":\"Paroisse Saint Nicolas du Rh\u00f4ne\",\"url\":\"http:\/\/paroisse.saintmicheldurhone.fr\/\",\"logo\":{\"@type\":\"ImageObject\",\"inLanguage\":\"fr-FR\",\"@id\":\"http:\/\/paroisse.saintmicheldurhone.fr\/#\/schema\/logo\/image\/\",\"url\":\"https:\/\/paroisse.saintmicheldurhone.fr\/wp-content\/uploads\/2022\/09\/cropped-logo-paroisse.jpg\",\"contentUrl\":\"https:\/\/paroisse.saintmicheldurhone.fr\/wp-content\/uploads\/2022\/09\/cropped-logo-paroisse.jpg\",\"width\":1228,\"height\":567,\"caption\":\"Paroisse Saint Nicolas du Rh\u00f4ne\"},\"image\":{\"@id\":\"http:\/\/paroisse.saintmicheldurhone.fr\/#\/schema\/logo\/image\/\"}}]}<\/script>\n<!-- \/ Yoast SEO plugin. -->","yoast_head_json":{"title":"Pri\u00e8re et partage -","robots":{"index":"index","follow":"follow","max-snippet":"max-snippet:-1","max-image-preview":"max-image-preview:large","max-video-preview":"max-video-preview:-1"},"canonical":"http:\/\/paroisse.saintmicheldurhone.fr\/?page_id=271","og_locale":"fr_FR","og_type":"article","og_title":"Pri\u00e8re et partage -","og_description":"Vous \u00eates les bienvenues dans les \u00e9quipes de pri\u00e8re et de partage.Vous pouvez rejoindre les \u00e9quipes du rosaire, les partages bibliques, une petite cellule de maison, une \u00e9quipe de pr\u00e9paration [&hellip;]","og_url":"http:\/\/paroisse.saintmicheldurhone.fr\/?page_id=271","article_modified_time":"2019-11-19T10:24:17+00:00","og_image":[{"url":"http:\/\/paroisse.saintmicheldurhone.fr\/wp-content\/uploads\/2019\/11\/equipe-1024x568.jpg","type":"","width":"","height":""}],"twitter_card":"summary_large_image","schema":{"@context":"https:\/\/schema.org","@graph":[{"@type":"WebPage","@id":"http:\/\/paroisse.saintmicheldurhone.fr\/?page_id=271","url":"http:\/\/paroisse.saintmicheldurhone.fr\/?page_id=271","name":"Pri\u00e8re et partage -","isPartOf":{"@id":"http:\/\/paroisse.saintmicheldurhone.fr\/#website"},"primaryImageOfPage":{"@id":"http:\/\/paroisse.saintmicheldurhone.fr\/?page_id=271#primaryimage"},"image":{"@id":"http:\/\/paroisse.saintmicheldurhone.fr\/?page_id=271#primaryimage"},"thumbnailUrl":"http:\/\/paroisse.saintmicheldurhone.fr\/wp-content\/uploads\/2019\/11\/equipe-1024x568.jpg","datePublished":"2019-11-14T15:51:23+00:00","dateModified":"2019-11-19T10:24:17+00:00","breadcrumb":{"@id":"http:\/\/paroisse.saintmicheldurhone.fr\/?page_id=271#breadcrumb"},"inLanguage":"fr-FR","potentialAction":[{"@type":"ReadAction","target":["http:\/\/paroisse.saintmicheldurhone.fr\/?page_id=271"]}]},{"@type":"ImageObject","inLanguage":"fr-FR","@id":"http:\/\/paroisse.saintmicheldurhone.fr\/?page_id=271#primaryimage","url":"https:\/\/paroisse.saintmicheldurhone.fr\/wp-content\/uploads\/2019\/11\/equipe.jpg","contentUrl":"https:\/\/paroisse.saintmicheldurhone.fr\/wp-content\/uploads\/2019\/11\/equipe.jpg","width":1669,"height":926},{"@type":"BreadcrumbList","@id":"http:\/\/paroisse.saintmicheldurhone.fr\/?page_id=271#breadcrumb","itemListElement":[{"@type":"ListItem","position":1,"name":"Accueil","item":"https:\/\/paroisse.saintmicheldurhone.fr\/"},{"@type":"ListItem","position":2,"name":"Pri\u00e8re et partage"}]},{"@type":"WebSite","@id":"http:\/\/paroisse.saintmicheldurhone.fr\/#website","url":"http:\/\/paroisse.saintmicheldurhone.fr\/","name":"Paroisse Saint Nicolas du Rh\u00f4ne","description":"","publisher":{"@id":"http:\/\/paroisse.saintmicheldurhone.fr\/#organization"},"potentialAction":[{"@type":"SearchAction","target":{"@type":"EntryPoint","urlTemplate":"http:\/\/paroisse.saintmicheldurhone.fr\/?s={search_term_string}"},"query-input":{"@type":"PropertyValueSpecification","valueRequired":true,"valueName":"search_term_string"}}],"inLanguage":"fr-FR"},{"@type":"Organization","@id":"http:\/\/paroisse.saintmicheldurhone.fr\/#organization","name":"Paroisse Saint Nicolas du Rh\u00f4ne","url":"http:\/\/paroisse.saintmicheldurhone.fr\/","logo":{"@type":"ImageObject","inLanguage":"fr-FR","@id":"http:\/\/paroisse.saintmicheldurhone.fr\/#\/schema\/logo\/image\/","url":"https:\/\/paroisse.saintmicheldurhone.fr\/wp-content\/uploads\/2022\/09\/cropped-logo-paroisse.jpg","contentUrl":"https:\/\/paroisse.saintmicheldurhone.fr\/wp-content\/uploads\/2022\/09\/cropped-logo-paroisse.jpg","width":1228,"height":567,"caption":"Paroisse Saint Nicolas du Rh\u00f4ne"},"image":{"@id":"http:\/\/paroisse.saintmicheldurhone.fr\/#\/schema\/logo\/image\/"}}]}},"uagb_featured_image_src":{"full":false,"thumbnail":false,"medium":false,"medium_large":false,"large":false,"1536x1536":false,"2048x2048":false},"uagb_author_info":{"display_name":"2019","author_link":"https:\/\/paroisse.saintmicheldurhone.fr\/?author=1"},"uagb_comment_info":0,"uagb_excerpt":"Vous \u00eates les bienvenues dans les \u00e9quipes de pri\u00e8re et de partage.Vous pouvez rejoindre les \u00e9quipes du rosaire, les partages bibliques, une petite cellule de maison, une \u00e9quipe de pr\u00e9paration [&hellip;]","_links":{"self":[{"href":"https:\/\/paroisse.saintmicheldurhone.fr\/index.php?rest_route=\/wp\/v2\/pages\/271","targetHints":{"allow":["GET"]}}],"collection":[{"href":"https:\/\/paroisse.saintmicheldurhone.fr\/index.php?rest_route=\/wp\/v2\/pages"}],"about":[{"href":"https:\/\/paroisse.saintmicheldurhone.fr\/index.php?rest_route=\/wp\/v2\/types\/page"}],"author":[{"embeddable":true,"href":"https:\/\/paroisse.saintmicheldurhone.fr\/index.php?rest_route=\/wp\/v2\/users\/1"}],"replies":[{"embeddable":true,"href":"https:\/\/paroisse.saintmicheldurhone.fr\/index.php?rest_route=%2Fwp%2Fv2%2Fcomments&post=271"}],"version-history":[{"count":0,"href":"https:\/\/paroisse.saintmicheldurhone.fr\/index.php?rest_route=\/wp\/v2\/pages\/271\/revisions"}],"wp:attachment":[{"href":"https:\/\/paroisse.saintmicheldurhone.fr\/index.php?rest_route=%2Fwp%2Fv2%2Fmedia&parent=271"}],"curies":[{"name":"wp","href":"https:\/\/api.w.org\/{rel}","templated":true}]}}