{"id":273,"date":"2019-11-14T16:52:27","date_gmt":"2019-11-14T15:52:27","guid":{"rendered":"http:\/\/paroisse.saintmicheldurhone.fr\/?page_id=273"},"modified":"2019-11-19T11:32:20","modified_gmt":"2019-11-19T10:32:20","slug":"patrimoine-nos-eglises","status":"publish","type":"page","link":"https:\/\/paroisse.saintmicheldurhone.fr\/?page_id=273","title":{"rendered":"Patrimoine : nos \u00e9glises"},"content":{"rendered":"\n<ul class=\"wp-block-list\"><li> <a href=\"http:\/\/paroisse.saintmicheldurhone.fr\/?page_id=428\">Beauchastel.<\/a><\/li><li><a href=\"http:\/\/paroisse.saintmicheldurhone.fr\/?page_id=430\">Charmes sur Rh\u00f4ne.<\/a><\/li><li><a href=\"http:\/\/paroisse.saintmicheldurhone.fr\/?page_id=432\">La Voulte sur Rh\u00f4ne<\/a><\/li><li><a href=\"http:\/\/paroisse.saintmicheldurhone.fr\/?page_id=434\">Saint-Georges les Bains<\/a><\/li><li><a href=\"http:\/\/paroisse.saintmicheldurhone.fr\/?page_id=436\">Saint-Laurent du Pape<\/a> <\/li><\/ul>\n\n\n\n<figure class=\"wp-block-image size-large is-resized\"><img loading=\"lazy\" decoding=\"async\" src=\"http:\/\/paroisse.saintmicheldurhone.fr\/wp-content\/uploads\/2019\/11\/eglisesslide-1024x341.jpg\" alt=\"\" class=\"wp-image-169\" width=\"1450\" height=\"483\" srcset=\"https:\/\/paroisse.saintmicheldurhone.fr\/wp-content\/uploads\/2019\/11\/eglisesslide-1024x341.jpg 1024w, https:\/\/paroisse.saintmicheldurhone.fr\/wp-content\/uploads\/2019\/11\/eglisesslide-300x100.jpg 300w, https:\/\/paroisse.saintmicheldurhone.fr\/wp-content\/uploads\/2019\/11\/eglisesslide-768x256.jpg 768w, https:\/\/paroisse.saintmicheldurhone.fr\/wp-content\/uploads\/2019\/11\/eglisesslide.jpg 1920w\" sizes=\"auto, (max-width: 1450px) 100vw, 1450px\" \/><\/figure>\n","protected":false},"excerpt":{"rendered":"<p>Beauchastel. Charmes sur Rh\u00f4ne. La Voulte sur Rh\u00f4ne Saint-Georges les Bains Saint-Laurent du Pape<\/p>\n","protected":false},"author":1,"featured_media":0,"parent":0,"menu_order":0,"comment_status":"closed","ping_status":"closed","template":"","meta":{"_uag_custom_page_level_css":"","site-sidebar-layout":"default","site-content-layout":"default","ast-site-content-layout":"default","site-content-style":"default","site-sidebar-style":"default","ast-global-header-display":"","ast-banner-title-visibility":"","ast-main-header-display":"","ast-hfb-above-header-display":"","ast-hfb-below-header-display":"","ast-hfb-mobile-header-display":"","site-post-title":"","ast-breadcrumbs-content":"","ast-featured-img":"","footer-sml-layout":"","ast-disable-related-posts":"","theme-transparent-header-meta":"default","adv-header-id-meta":"","stick-header-meta":"","header-above-stick-meta":"","header-main-stick-meta":"","header-below-stick-meta":"","astra-migrate-meta-layouts":"default","ast-page-background-enabled":"default","ast-page-background-meta":{"desktop":{"background-color":"var(--ast-global-color-4)","background-image":"","background-repeat":"repeat","background-position":"center center","background-size":"auto","background-attachment":"scroll","background-type":"","background-media":"","overlay-type":"","overlay-color":"","overlay-opacity":"","overlay-gradient":""},"tablet":{"background-color":"","background-image":"","background-repeat":"repeat","background-position":"center center","background-size":"auto","background-attachment":"scroll","background-type":"","background-media":"","overlay-type":"","overlay-color":"","overlay-opacity":"","overlay-gradient":""},"mobile":{"background-color":"","background-image":"","background-repeat":"repeat","background-position":"center center","background-size":"auto","background-attachment":"scroll","background-type":"","background-media":"","overlay-type":"","overlay-color":"","overlay-opacity":"","overlay-gradient":""}},"ast-content-background-meta":{"desktop":{"background-color":"var(--ast-global-color-5)","background-image":"","background-repeat":"repeat","background-position":"center center","background-size":"auto","background-attachment":"scroll","background-type":"","background-media":"","overlay-type":"","overlay-color":"","overlay-opacity":"","overlay-gradient":""},"tablet":{"background-color":"var(--ast-global-color-5)","background-image":"","background-repeat":"repeat","background-position":"center center","background-size":"auto","background-attachment":"scroll","background-type":"","background-media":"","overlay-type":"","overlay-color":"","overlay-opacity":"","overlay-gradient":""},"mobile":{"background-color":"var(--ast-global-color-5)","background-image":"","background-repeat":"repeat","background-position":"center center","background-size":"auto","background-attachment":"scroll","background-type":"","background-media":"","overlay-type":"","overlay-color":"","overlay-opacity":"","overlay-gradient":""}},"footnotes":""},"class_list":["post-273","page","type-page","status-publish","hentry"],"yoast_head":"<!-- This site is optimized with the Yoast SEO plugin v26.6 - https:\/\/yoast.com\/wordpress\/plugins\/seo\/ -->\n<title>Patrimoine : nos \u00e9glises -<\/title>\n<meta name=\"robots\" content=\"index, follow, max-snippet:-1, max-image-preview:large, max-video-preview:-1\" \/>\n<link rel=\"canonical\" href=\"http:\/\/paroisse.saintmicheldurhone.fr\/?page_id=273\" \/>\n<meta property=\"og:locale\" content=\"fr_FR\" \/>\n<meta property=\"og:type\" content=\"article\" \/>\n<meta property=\"og:title\" content=\"Patrimoine : nos \u00e9glises -\" \/>\n<meta property=\"og:description\" content=\"Beauchastel. Charmes sur Rh\u00f4ne. La Voulte sur Rh\u00f4ne Saint-Georges les Bains Saint-Laurent du Pape\" \/>\n<meta property=\"og:url\" content=\"http:\/\/paroisse.saintmicheldurhone.fr\/?page_id=273\" \/>\n<meta property=\"article:modified_time\" content=\"2019-11-19T10:32:20+00:00\" \/>\n<meta property=\"og:image\" content=\"http:\/\/paroisse.saintmicheldurhone.fr\/wp-content\/uploads\/2019\/11\/eglisesslide-1024x341.jpg\" \/>\n<meta name=\"twitter:card\" content=\"summary_large_image\" \/>\n<script type=\"application\/ld+json\" class=\"yoast-schema-graph\">{\"@context\":\"https:\/\/schema.org\",\"@graph\":[{\"@type\":\"WebPage\",\"@id\":\"http:\/\/paroisse.saintmicheldurhone.fr\/?page_id=273\",\"url\":\"http:\/\/paroisse.saintmicheldurhone.fr\/?page_id=273\",\"name\":\"Patrimoine : nos \u00e9glises -\",\"isPartOf\":{\"@id\":\"http:\/\/paroisse.saintmicheldurhone.fr\/#website\"},\"primaryImageOfPage\":{\"@id\":\"http:\/\/paroisse.saintmicheldurhone.fr\/?page_id=273#primaryimage\"},\"image\":{\"@id\":\"http:\/\/paroisse.saintmicheldurhone.fr\/?page_id=273#primaryimage\"},\"thumbnailUrl\":\"http:\/\/paroisse.saintmicheldurhone.fr\/wp-content\/uploads\/2019\/11\/eglisesslide-1024x341.jpg\",\"datePublished\":\"2019-11-14T15:52:27+00:00\",\"dateModified\":\"2019-11-19T10:32:20+00:00\",\"breadcrumb\":{\"@id\":\"http:\/\/paroisse.saintmicheldurhone.fr\/?page_id=273#breadcrumb\"},\"inLanguage\":\"fr-FR\",\"potentialAction\":[{\"@type\":\"ReadAction\",\"target\":[\"http:\/\/paroisse.saintmicheldurhone.fr\/?page_id=273\"]}]},{\"@type\":\"ImageObject\",\"inLanguage\":\"fr-FR\",\"@id\":\"http:\/\/paroisse.saintmicheldurhone.fr\/?page_id=273#primaryimage\",\"url\":\"https:\/\/paroisse.saintmicheldurhone.fr\/wp-content\/uploads\/2019\/11\/eglisesslide.jpg\",\"contentUrl\":\"https:\/\/paroisse.saintmicheldurhone.fr\/wp-content\/uploads\/2019\/11\/eglisesslide.jpg\",\"width\":1920,\"height\":640},{\"@type\":\"BreadcrumbList\",\"@id\":\"http:\/\/paroisse.saintmicheldurhone.fr\/?page_id=273#breadcrumb\",\"itemListElement\":[{\"@type\":\"ListItem\",\"position\":1,\"name\":\"Accueil\",\"item\":\"https:\/\/paroisse.saintmicheldurhone.fr\/\"},{\"@type\":\"ListItem\",\"position\":2,\"name\":\"Patrimoine : nos \u00e9glises\"}]},{\"@type\":\"WebSite\",\"@id\":\"http:\/\/paroisse.saintmicheldurhone.fr\/#website\",\"url\":\"http:\/\/paroisse.saintmicheldurhone.fr\/\",\"name\":\"Paroisse Saint Nicolas du Rh\u00f4ne\",\"description\":\"\",\"publisher\":{\"@id\":\"http:\/\/paroisse.saintmicheldurhone.fr\/#organization\"},\"potentialAction\":[{\"@type\":\"SearchAction\",\"target\":{\"@type\":\"EntryPoint\",\"urlTemplate\":\"http:\/\/paroisse.saintmicheldurhone.fr\/?s={search_term_string}\"},\"query-input\":{\"@type\":\"PropertyValueSpecification\",\"valueRequired\":true,\"valueName\":\"search_term_string\"}}],\"inLanguage\":\"fr-FR\"},{\"@type\":\"Organization\",\"@id\":\"http:\/\/paroisse.saintmicheldurhone.fr\/#organization\",\"name\":\"Paroisse Saint Nicolas du Rh\u00f4ne\",\"url\":\"http:\/\/paroisse.saintmicheldurhone.fr\/\",\"logo\":{\"@type\":\"ImageObject\",\"inLanguage\":\"fr-FR\",\"@id\":\"http:\/\/paroisse.saintmicheldurhone.fr\/#\/schema\/logo\/image\/\",\"url\":\"https:\/\/paroisse.saintmicheldurhone.fr\/wp-content\/uploads\/2022\/09\/cropped-logo-paroisse.jpg\",\"contentUrl\":\"https:\/\/paroisse.saintmicheldurhone.fr\/wp-content\/uploads\/2022\/09\/cropped-logo-paroisse.jpg\",\"width\":1228,\"height\":567,\"caption\":\"Paroisse Saint Nicolas du Rh\u00f4ne\"},\"image\":{\"@id\":\"http:\/\/paroisse.saintmicheldurhone.fr\/#\/schema\/logo\/image\/\"}}]}<\/script>\n<!-- \/ Yoast SEO plugin. -->","yoast_head_json":{"title":"Patrimoine : nos \u00e9glises -","robots":{"index":"index","follow":"follow","max-snippet":"max-snippet:-1","max-image-preview":"max-image-preview:large","max-video-preview":"max-video-preview:-1"},"canonical":"http:\/\/paroisse.saintmicheldurhone.fr\/?page_id=273","og_locale":"fr_FR","og_type":"article","og_title":"Patrimoine : nos \u00e9glises -","og_description":"Beauchastel. Charmes sur Rh\u00f4ne. La Voulte sur Rh\u00f4ne Saint-Georges les Bains Saint-Laurent du Pape","og_url":"http:\/\/paroisse.saintmicheldurhone.fr\/?page_id=273","article_modified_time":"2019-11-19T10:32:20+00:00","og_image":[{"url":"http:\/\/paroisse.saintmicheldurhone.fr\/wp-content\/uploads\/2019\/11\/eglisesslide-1024x341.jpg","type":"","width":"","height":""}],"twitter_card":"summary_large_image","schema":{"@context":"https:\/\/schema.org","@graph":[{"@type":"WebPage","@id":"http:\/\/paroisse.saintmicheldurhone.fr\/?page_id=273","url":"http:\/\/paroisse.saintmicheldurhone.fr\/?page_id=273","name":"Patrimoine : nos \u00e9glises -","isPartOf":{"@id":"http:\/\/paroisse.saintmicheldurhone.fr\/#website"},"primaryImageOfPage":{"@id":"http:\/\/paroisse.saintmicheldurhone.fr\/?page_id=273#primaryimage"},"image":{"@id":"http:\/\/paroisse.saintmicheldurhone.fr\/?page_id=273#primaryimage"},"thumbnailUrl":"http:\/\/paroisse.saintmicheldurhone.fr\/wp-content\/uploads\/2019\/11\/eglisesslide-1024x341.jpg","datePublished":"2019-11-14T15:52:27+00:00","dateModified":"2019-11-19T10:32:20+00:00","breadcrumb":{"@id":"http:\/\/paroisse.saintmicheldurhone.fr\/?page_id=273#breadcrumb"},"inLanguage":"fr-FR","potentialAction":[{"@type":"ReadAction","target":["http:\/\/paroisse.saintmicheldurhone.fr\/?page_id=273"]}]},{"@type":"ImageObject","inLanguage":"fr-FR","@id":"http:\/\/paroisse.saintmicheldurhone.fr\/?page_id=273#primaryimage","url":"https:\/\/paroisse.saintmicheldurhone.fr\/wp-content\/uploads\/2019\/11\/eglisesslide.jpg","contentUrl":"https:\/\/paroisse.saintmicheldurhone.fr\/wp-content\/uploads\/2019\/11\/eglisesslide.jpg","width":1920,"height":640},{"@type":"BreadcrumbList","@id":"http:\/\/paroisse.saintmicheldurhone.fr\/?page_id=273#breadcrumb","itemListElement":[{"@type":"ListItem","position":1,"name":"Accueil","item":"https:\/\/paroisse.saintmicheldurhone.fr\/"},{"@type":"ListItem","position":2,"name":"Patrimoine : nos \u00e9glises"}]},{"@type":"WebSite","@id":"http:\/\/paroisse.saintmicheldurhone.fr\/#website","url":"http:\/\/paroisse.saintmicheldurhone.fr\/","name":"Paroisse Saint Nicolas du Rh\u00f4ne","description":"","publisher":{"@id":"http:\/\/paroisse.saintmicheldurhone.fr\/#organization"},"potentialAction":[{"@type":"SearchAction","target":{"@type":"EntryPoint","urlTemplate":"http:\/\/paroisse.saintmicheldurhone.fr\/?s={search_term_string}"},"query-input":{"@type":"PropertyValueSpecification","valueRequired":true,"valueName":"search_term_string"}}],"inLanguage":"fr-FR"},{"@type":"Organization","@id":"http:\/\/paroisse.saintmicheldurhone.fr\/#organization","name":"Paroisse Saint Nicolas du Rh\u00f4ne","url":"http:\/\/paroisse.saintmicheldurhone.fr\/","logo":{"@type":"ImageObject","inLanguage":"fr-FR","@id":"http:\/\/paroisse.saintmicheldurhone.fr\/#\/schema\/logo\/image\/","url":"https:\/\/paroisse.saintmicheldurhone.fr\/wp-content\/uploads\/2022\/09\/cropped-logo-paroisse.jpg","contentUrl":"https:\/\/paroisse.saintmicheldurhone.fr\/wp-content\/uploads\/2022\/09\/cropped-logo-paroisse.jpg","width":1228,"height":567,"caption":"Paroisse Saint Nicolas du Rh\u00f4ne"},"image":{"@id":"http:\/\/paroisse.saintmicheldurhone.fr\/#\/schema\/logo\/image\/"}}]}},"uagb_featured_image_src":{"full":false,"thumbnail":false,"medium":false,"medium_large":false,"large":false,"1536x1536":false,"2048x2048":false},"uagb_author_info":{"display_name":"2019","author_link":"https:\/\/paroisse.saintmicheldurhone.fr\/?author=1"},"uagb_comment_info":0,"uagb_excerpt":"Beauchastel. Charmes sur Rh\u00f4ne. La Voulte sur Rh\u00f4ne Saint-Georges les Bains Saint-Laurent du Pape","_links":{"self":[{"href":"https:\/\/paroisse.saintmicheldurhone.fr\/index.php?rest_route=\/wp\/v2\/pages\/273","targetHints":{"allow":["GET"]}}],"collection":[{"href":"https:\/\/paroisse.saintmicheldurhone.fr\/index.php?rest_route=\/wp\/v2\/pages"}],"about":[{"href":"https:\/\/paroisse.saintmicheldurhone.fr\/index.php?rest_route=\/wp\/v2\/types\/page"}],"author":[{"embeddable":true,"href":"https:\/\/paroisse.saintmicheldurhone.fr\/index.php?rest_route=\/wp\/v2\/users\/1"}],"replies":[{"embeddable":true,"href":"https:\/\/paroisse.saintmicheldurhone.fr\/index.php?rest_route=%2Fwp%2Fv2%2Fcomments&post=273"}],"version-history":[{"count":0,"href":"https:\/\/paroisse.saintmicheldurhone.fr\/index.php?rest_route=\/wp\/v2\/pages\/273\/revisions"}],"wp:attachment":[{"href":"https:\/\/paroisse.saintmicheldurhone.fr\/index.php?rest_route=%2Fwp%2Fv2%2Fmedia&parent=273"}],"curies":[{"name":"wp","href":"https:\/\/api.w.org\/{rel}","templated":true}]}}