{"id":3368,"date":"2023-07-04T14:43:19","date_gmt":"2023-07-04T12:43:19","guid":{"rendered":"http:\/\/paroisse.saintmicheldurhone.fr\/?page_id=3368"},"modified":"2023-07-07T12:08:49","modified_gmt":"2023-07-07T10:08:49","slug":"messe-du-9-juillet-2023","status":"publish","type":"page","link":"https:\/\/paroisse.saintmicheldurhone.fr\/?page_id=3368","title":{"rendered":"MESSE DU 9 JUILLET 2023"},"content":{"rendered":"\n<div class=\"wp-block-file\"><a href=\"http:\/\/paroisse.saintmicheldurhone.fr\/wp-content\/uploads\/2023\/07\/MESSE-du-09.07.23-A.pdf\">MESSE-du-09.07.23-A<\/a><a href=\"http:\/\/paroisse.saintmicheldurhone.fr\/wp-content\/uploads\/2023\/07\/MESSE-du-09.07.23-A.pdf\" class=\"wp-block-file__button\" download>T\u00e9l\u00e9charger<\/a><\/div>\n\n\n<a href=\"https:\/\/paroisse.saintmicheldurhone.fr\/wp-content\/uploads\/2023\/07\/MESSE-du-09.07.23-p1.pdf\" class=\"pdfemb-viewer\" style=\"\" data-width=\"max\" data-height=\"max\" data-toolbar=\"bottom\" data-toolbar-fixed=\"on\">MESSE-du-09.07.23-p1<\/a>\n<p class=\"wp-block-pdfemb-pdf-embedder-viewer\"><\/p>\n\n\n<a href=\"https:\/\/paroisse.saintmicheldurhone.fr\/wp-content\/uploads\/2023\/07\/MESSE-du-09.07.23-p2.pdf\" class=\"pdfemb-viewer\" style=\"\" data-width=\"max\" data-height=\"max\" data-toolbar=\"bottom\" data-toolbar-fixed=\"on\">MESSE-du-09.07.23-p2<\/a>\n<p class=\"wp-block-pdfemb-pdf-embedder-viewer\"><\/p>\n\n\n\n<p class=\"has-text-align-center has-large-font-size\"><strong>MESSE DU 9 JUILLET 2023 14 \u00e8me dimanche du temps ordinaire <\/strong><\/p>\n\n\n\n<p><strong>CHANT D\u2019ENTREE<\/strong><strong>&nbsp;:\nNE CRAIGNEZ PAS&nbsp;&nbsp; G 139&nbsp; P 228 LV <\/strong><\/p>\n\n\n\n<figure class=\"wp-block-audio\"><audio controls src=\"http:\/\/paroisse.saintmicheldurhone.fr\/wp-content\/uploads\/2023\/07\/NE-CRAIGNEZ-PAS-G139.mp3\"><\/audio><\/figure>\n\n\n\n<p><strong>Ne craignez pas pour votre corps,<br>Ne craignez pas devant la mort.<br>Levez les yeux vers le Seigneur ;<br>Criez vers lui sans perdre c\u0153ur.<\/strong><\/p>\n\n\n\n<p>1<br>Vous qui ployez sous le fardeau,<br>Vous qui cherchez le vrai repos.<br>2<br>Vous qui tombez sur le chemin,<br>Le c\u0153ur bless\u00e9 par les chagrins.<br>3<br>Vous qui pleurez dans vos prisons,<br>Vous qui fuyez votre maison.<br>4<br>Vous que la haine a d\u00e9chir\u00e9s,<br>Vous que les hommes ont crucifi\u00e9s.\n\n<\/p>\n\n\n\n<p><strong>&nbsp;&nbsp;&nbsp;&nbsp;&nbsp;&nbsp;&nbsp;&nbsp;&nbsp;&nbsp;&nbsp;&nbsp;&nbsp;&nbsp;&nbsp;&nbsp;&nbsp;&nbsp;&nbsp; Ou : N\u2019AIE PAS PEUR&nbsp;&nbsp;&nbsp;&nbsp; G 249&nbsp; P 229 LV&nbsp;&nbsp;&nbsp; P 52 jaune LP&nbsp;&nbsp; <\/strong><\/p>\n\n\n\n<figure class=\"wp-block-audio\"><audio controls src=\"http:\/\/paroisse.saintmicheldurhone.fr\/wp-content\/uploads\/2023\/07\/Naie-pas-peur-laisse-toi-regarder-par-le-Christ-Chant-catholique-avec-paroles-Car\u00eameP\u00e2ques.mp3\"><\/audio><\/figure>\n\n\n\n<p><strong>N\u2019AIE PAS PEUR,<br>LAISSE-TOI REGARDER PAR LE CHRIST ;<br>LAISSE-TOI REGARDER, CAR IL T\u2019AIME.<\/strong><\/p>\n\n\n\n<p>1<br>Il a pos\u00e9 sur moi son regard,<br>Un regard plein de tendresse.<br>Il a pos\u00e9 sur moi son regard,<br>Un regard long de promesse.<\/p>\n\n\n\n<p>2<br>Il a pos\u00e9 sur moi son regard,<br>Et m\u2019a dit \u00ab Viens et suis-moi \u00bb.<br>Il a pos\u00e9 sur moi son regard,<br>Et m\u2019a dit \u00ab Viens, ne crains pas \u00bb.<\/p>\n\n\n\n<p>3<br>Il a pos\u00e9 sur moi son regard,<br>Et ses yeux en disaient long.<br>Il a pos\u00e9 sur moi son regard,<br>C\u2019\u00e9tait celui du pardon.<\/p>\n\n\n\n<p>4<br>Il a pos\u00e9 sur moi son regard,<br>Alors j\u2019ai vu qu\u2019il pleurait.<br>Il a pos\u00e9 sur moi son regard,<br>Alors j\u2019ai su qu\u2019il m\u2019aimait.<\/p>\n\n\n\n<p><strong>ACCUEIL&nbsp;<\/strong><\/p>\n\n\n\n<p><strong>DEMANDE DE PARDON<\/strong><strong>&nbsp;:<\/strong><\/p>\n\n\n\n<p><strong>&nbsp;PRENDS PITIE DE TOUT HOMME PECHEUR (ter) A 220-1&nbsp; P 3 LV<\/strong><br>Vrai titre : HOMME AU MILIEU DES HOMMES &#8211; R220-1<\/p>\n\n\n\n<figure class=\"wp-block-audio\"><audio controls src=\"http:\/\/paroisse.saintmicheldurhone.fr\/wp-content\/uploads\/2023\/07\/Homme-au-milieu-des-hommes.mp3\"><\/audio><\/figure>\n\n\n\n<figure class=\"wp-block-audio\"><audio controls src=\"http:\/\/paroisse.saintmicheldurhone.fr\/wp-content\/uploads\/2023\/07\/4-Ensemble-vocal-Resurrexit-Homme-au-milieu-des-hommes-A-220-1.mp3\"><\/audio><\/figure>\n\n\n\n<p> 1<br>Tu sais de quoi nous sommes p\u00e9tris,<br>Tu te souviens que nous sommes poussi\u00e8re,<br>J\u00e9sus, homme au milieu des hommes,<br>Prends piti\u00e9 de tout homme p\u00e9cheur (ter).<br>2<br>Tu n\u2019agis pas selon nos p\u00e9ch\u00e9s,<br>Ne nous rends pas en pesant nos offenses,<br>J\u00e9sus, homme au milieu des hommes,<br>Prends piti\u00e9 de tout homme p\u00e9cheur (ter).<br>3<br>Et comme est loin couchant du levant,<br>Tu mets au loin le fardeau de nos fautes,<br>J\u00e9sus, homme au milieu des hommes,<br>Prends piti\u00e9 de tout homme p\u00e9cheur (ter). <\/p>\n\n\n\n<p><strong>GLOIRE A DIEU<\/strong><strong>&nbsp;:\n&nbsp;&nbsp;GLOIRE\nA DIEU&nbsp;! PAIX AUX HOMMES F 156&nbsp; P 6\nLV&nbsp;&nbsp;&nbsp; P 11 LP<\/strong><\/p>\n\n\n\n<figure class=\"wp-block-audio\"><audio controls src=\"http:\/\/paroisse.saintmicheldurhone.fr\/wp-content\/uploads\/2023\/07\/Gloire-\u00e0-Dieu-paix-aux-hommes.mp3\"><\/audio><\/figure>\n\n\n\n<p><strong>Gloire \u00e0 Dieu Paix au Hommes,<br>Joie du Ciel sur la Terre !<\/strong><\/p>\n\n\n\n<p>1<br>Pour tes merveilles, Seigneur Dieu<br>Ton Peuple te rend gr\u00e2ce ;<br>Ami des hommes sois b\u00e9ni<br>Pour ton r\u00e8gne qui vient !<br>A toi les chants de f\u00eate,<br>Par ton fils bien aim\u00e9,<br>Dans l&rsquo;Esprit.<br>2<br>Sauveur du monde J\u00e9sus Christ<br>\u00c9coute nos pri\u00e8res ;<br>Agneau de Dieu vainqueur du mal,<br>Sauveur du p\u00e9ch\u00e9 !<br>Dieu splendeur du P\u00e8re,<br>Dieu vivant, le Tr\u00e8s Haut<br>Le Seigneur.<\/p>\n\n\n\n<p><strong>PSAUME 144 : Psaume du jour dans Prions en Eglise <\/strong><\/p>\n\n\n\n<figure class=\"wp-block-audio\"><audio controls src=\"http:\/\/paroisse.saintmicheldurhone.fr\/wp-content\/uploads\/2023\/07\/Psaume-144-Mon-Dieu-mon-roi-je-b\u00e9nirai-ton-nom-toujours-et-\u00e0-jamais-31e-dimanche-du.mp3\"><\/audio><\/figure>\n\n\n\n<p>ou<\/p>\n\n\n\n<figure class=\"wp-block-audio\"><audio controls src=\"http:\/\/paroisse.saintmicheldurhone.fr\/wp-content\/uploads\/2023\/07\/14e_dim_TO-A.mp3\"><\/audio><\/figure>\n\n\n\n<div class=\"wp-block-file\"><a href=\"http:\/\/paroisse.saintmicheldurhone.fr\/wp-content\/uploads\/2023\/07\/14e_dim_TO-A.pdf\">14e_dim_TO-A<\/a><a href=\"http:\/\/paroisse.saintmicheldurhone.fr\/wp-content\/uploads\/2023\/07\/14e_dim_TO-A.pdf\" class=\"wp-block-file__button\" download>T\u00e9l\u00e9charger<\/a><\/div>\n\n\n\n<p><strong>&nbsp;&nbsp;&nbsp;&nbsp;&nbsp;&nbsp;&nbsp;&nbsp;&nbsp;&nbsp;&nbsp;&nbsp;&nbsp;&nbsp;&nbsp;&nbsp;  ou JE BENIRAI LE SEIGNEUR TOUJOURS ET PARTOUT&nbsp; X1&nbsp; P 190 LV<\/strong><\/p>\n\n\n\n<figure class=\"wp-block-audio\"><audio controls src=\"http:\/\/paroisse.saintmicheldurhone.fr\/wp-content\/uploads\/2023\/07\/Je-b\u00e9nirai-le-Seigneur-toujours-et-partout-Ps.-144-Animation-c\u00e9r\u00e9monie-mariage-musique-chant.mp3\"><\/audio><\/figure>\n\n\n\n<p><strong>MON DIEU, MON ROI,<br>JE B\u00c9NIRAI TON NOM TOUJOURS ET \u00c0 JAMAIS !<\/strong><\/p>\n\n\n\n<p>1<br>Je t\u2019exalterai, mon Dieu, mon Roi,<br>je b\u00e9nirai ton nom toujours et \u00e0 jamais !<br>Chaque jour je te b\u00e9nirai,<br>je louerai ton nom toujours et \u00e0 jamais.<\/p>\n\n\n\n<p>2<br>Le Seigneur est tendresse et piti\u00e9,<br>lent \u00e0 la col\u00e8re et plein d\u2019amour ;<br>la bont\u00e9 du Seigneur est pour tous,<br>sa tendresse, pour toutes ses oeuvres.<\/p>\n\n\n\n<p>3<br>Que tes oeuvres, Seigneur, te rendent gr\u00e2ce<br>et que tes fid\u00e8les te b\u00e9nissent !<br>Ils diront la gloire de ton r\u00e8gne,<br>ils parleront de tes exploits.<\/p>\n\n\n\n<p>4<br>Le Seigneur est vrai en tout ce qu\u2019il dit,<br>fid\u00e8le en tout ce qu\u2019il fait.<br>Le Seigneur soutient tous ceux qui tombent,<br>il redresse tous les accabl\u00e9s.\n\n<\/p>\n\n\n\n<p><strong>ALLELUIA<\/strong><strong>&nbsp;:\nALLELUIA&nbsp;LUMIERE DES NATIONS&nbsp;&nbsp;&nbsp; N\u00b0\n20 Classeur rose<\/strong><\/p>\n\n\n\n<figure class=\"wp-block-audio\"><audio controls src=\"http:\/\/paroisse.saintmicheldurhone.fr\/wp-content\/uploads\/2023\/07\/ACCLAMATION-U13-79-Bayard-Liturgie-Alleluia-Lumi\u00e8re-des-nations-BerthierWackenheim.mp3\"><\/audio><\/figure>\n\n\n\n<p>\n\nAll\u00e9luia&nbsp;!&nbsp;Lumi\u00e8re&nbsp;des&nbsp;nations,&nbsp;<br>All\u00e9luia&nbsp;!&nbsp;All\u00e9luia&nbsp;!<br>All\u00e9luia&nbsp;!&nbsp;J\u00e9sus&nbsp;nous&nbsp;t\u2019acclamons,&nbsp;<br>All\u00e9luia&nbsp;!&nbsp;All\u00e9luia&nbsp;!<\/p>\n\n\n\n<p><strong>PRIERES UNIVERSELLES&nbsp;: R&nbsp;: DIEU DE TENDRESSE, SOUVIENS-TOI DE NOUS<\/strong> <strong>Y55-SM<\/strong><\/p>\n\n\n\n<figure class=\"wp-block-audio\"><audio controls src=\"http:\/\/paroisse.saintmicheldurhone.fr\/wp-content\/uploads\/2023\/07\/Dieu-de-tendresse-souviens-toi-de-nous.-PU.mp3\"><\/audio><\/figure>\n\n\n\n<p><strong>SANCTUS<\/strong><strong>&nbsp;: DIEU SAINT&nbsp;!\nDIEU FORT&nbsp;!&nbsp; A 168 P&nbsp;&nbsp; 15<\/strong><\/p>\n\n\n\n<figure class=\"wp-block-video\"><video height=\"240\" style=\"aspect-ratio: 360 \/ 240;\" width=\"360\" controls src=\"http:\/\/paroisse.saintmicheldurhone.fr\/wp-content\/uploads\/2023\/07\/Sanctus-de-Lourdes-A-168.wmv.mp4\"><\/video><\/figure>\n\n\n\n<p><strong>ANAMNESE<\/strong><strong>&nbsp;: GLOIRE A TOI QUI\nETAIS MORT (anamn\u00e8se irlandaise)<\/strong><\/p>\n\n\n\n<figure class=\"wp-block-audio\"><audio controls src=\"http:\/\/paroisse.saintmicheldurhone.fr\/wp-content\/uploads\/2023\/07\/R-Gloire-a-toi-S.mp3\"><\/audio><\/figure>\n\n\n\n<p> Gloire \u00e0 toi qui \u00e9tais mort, Gloire \u00e0 toi, J\u00e9sus<br>Gloire \u00e0 toi qui es vivant, Gloire \u00e0 toi<br>Gloire \u00e0 toi ressuscit\u00e9,<br>Viens revivre en nous<br>Aujourd\u2019hui et jusqu\u2019au dernier jour. <\/p>\n\n\n\n<p><strong>AGNEAU DE DIEU&nbsp;: LA PAIX SOIT AVEC NOUS&nbsp;&nbsp; D 192&nbsp;&nbsp; P 74&nbsp;&nbsp;&nbsp;&nbsp; <\/strong>Nombre de couplets ?<\/p>\n\n\n\n<figure class=\"wp-block-audio\"><audio controls src=\"http:\/\/paroisse.saintmicheldurhone.fr\/wp-content\/uploads\/2023\/07\/La-paix-soit-avec-nous.mp3\"><\/audio><\/figure>\n\n\n\n<p> <strong>La Paix soit avec nous, La Paix de J\u00e9sus-Christ.<br>La Paix entre nous, La Paix de son Esprit.<\/strong><br>1<br>Agneau de Dieu,<br>Qui enl\u00e8ves le p\u00e9ch\u00e9 du monde,<br>Prends piti\u00e9 de nous,<br>Prends piti\u00e9 de nous.<br>2<br>Vrai Fils de Dieu,<br>Toi qui portes au c\u0153ur un nouveau monde,<br>Sauve-nous, sauve-nous.<br>3<br>Agneau de Dieu,<br>Qui connais le poids de notre monde,<br>Prends piti\u00e9 de nous.<br>Prends piti\u00e9 de nous.<br>4<br>Vrai Fils de Dieu<br>Toi qui viens donner la joie au monde,<br>Sauve-nous, sauve-nous.<br>5<br>Agneau de Dieu,<br>Qui apportes enfin l\u2019espoir au monde,<br>Prends piti\u00e9 de nous,<br>Prends piti\u00e9 de nous.<br>6<br>Vrai Fils de Dieu,<br>Toi qui viens changer la vie du monde,<br>Sauve-nous, sauve-nous. <\/p>\n\n\n\n<p><strong>&nbsp;&nbsp;&nbsp;&nbsp;&nbsp;&nbsp;&nbsp;&nbsp;&nbsp;&nbsp;&nbsp;&nbsp;&nbsp;&nbsp;&nbsp;&nbsp;&nbsp;&nbsp;&nbsp;&nbsp; &nbsp;&nbsp;&nbsp;LA PAIX ELLE AURA TON VISAGE RP 191&nbsp; P36 jaune&nbsp; LP<\/strong><\/p>\n\n\n\n<figure class=\"wp-block-audio\"><audio controls src=\"http:\/\/paroisse.saintmicheldurhone.fr\/wp-content\/uploads\/2023\/07\/La-paix-elle-aura-ton-visage.mp3\"><\/audio><\/figure>\n\n\n\n<p>La paix, elle aura ton visage,<br>La paix, elle aura tous les \u00e2ges.<br>La paix sera toi, sera moi, sera nous,<br>Et la paix sera chacun de nous.<\/p>\n\n\n\n<p>Agneau de Dieu qui enl\u00e8ves le p\u00e9ch\u00e9 du monde,<br>Prends piti\u00e9 de nous.<\/p>\n\n\n\n<p>Agneau de Dieu qui enl\u00e8ves le p\u00e9ch\u00e9 du monde,<br>Donne-nous la paix.<\/p>\n\n\n\n<p><strong>COMMUNION<\/strong><strong>&nbsp;:\nLE SEIGNEUR NOUS A AIMES&nbsp;&nbsp;&nbsp; D 108&nbsp; P 69&nbsp;\nLV<\/strong><\/p>\n\n\n\n<figure class=\"wp-block-video\"><video height=\"720\" style=\"aspect-ratio: 1280 \/ 720;\" width=\"1280\" controls src=\"http:\/\/paroisse.saintmicheldurhone.fr\/wp-content\/uploads\/2023\/07\/Le-Seigneur-nous-a-aim\u00e9s-D108-\u00e0-4-voix.mp4\"><\/video><\/figure>\n\n\n\n<p>version swing :<\/p>\n\n\n\n<figure class=\"wp-block-audio\"><audio controls src=\"http:\/\/paroisse.saintmicheldurhone.fr\/wp-content\/uploads\/2023\/07\/le-seigneur-nous-a-aim\u00e9s-Samuel-konde.mp3\"><\/audio><\/figure>\n\n\n\n<p><strong>C\u00b4est mon corps : prenez et mangez.<br>C\u00b4est mon sang : prenez et buvez.<br>Car je suis la vie et je suis l\u00b4amour.<br>\u00d4 Seigneur, emporte-nous dans ton amour !<\/strong><\/p>\n\n\n\n<p>1<br>Le Seigneur nous a aim\u00e9s comme on n\u00b4a jamais aim\u00e9.<br>Il nous guide chaque jour comme une \u00e9toile dans la nuit.<br>Quand nous partageons le pain, il nous donne son amour :<br>C\u00b4est le pain de l\u00b4amiti\u00e9, le pain de Dieu.<br>2<br>Le Seigneur nous a aim\u00e9s comme on n\u00b4a jamais aim\u00e9.<br>Un enfant nous est donn\u00e9 dans cette nuit de Bethl\u00e9em.<br>Les bergers l\u00b4ont reconnu et les Mages sont venus :<br>Ils ont vu le Fils de Dieu petit enfant.<br>3<br>Le Seigneur nous a aim\u00e9s comme on n\u00b4a jamais aim\u00e9.<br>Pour les gens de son village, c\u00b4est le fils du charpentier.<br>Il travaille de ses mains comme font tous ses amis :<br>Il conna\u00eet le dur labeur de chaque jour.<br>4<br>Le Seigneur nous a aim\u00e9s comme on n\u00b4a jamais aim\u00e9.<br>Au hasard de ses rencontres par les villes et les cit\u00e9s<br>Il r\u00e9v\u00e8le son amour et nous parle de son P\u00e8re<br>Et chacun retrouve espoir en l\u00b4\u00e9coutant.<br>5<br>Le Seigneur nous a aim\u00e9s comme on n\u00b4a jamais aim\u00e9.<br>Son Amour \u00e9tait si grand qu\u00b4il en mourut sur une croix.<br>Son Amour \u00e9tait si fort qu\u00b4il triompha de la mort.<br>Il sortit de son tombeau libre et vainqueur.<br>6<br>Le Seigneur nous a aim\u00e9s comme on n\u00b4a jamais aim\u00e9.<br>Il rassemble tous les hommes et les fait vivre de sa vie<br>Et tous les chr\u00e9tiens du monde sont les membres de son Corps.<br>Rien ne peut les s\u00e9parer de son Amour.\n\n<\/p>\n\n\n\n<p>Que tes oeuvres sont belles<\/p>\n\n\n\n<figure class=\"wp-block-audio\"><audio controls src=\"http:\/\/paroisse.saintmicheldurhone.fr\/wp-content\/uploads\/2023\/07\/Que-tes-\u0153uvres-sont-belles.mp3\"><\/audio><\/figure>\n\n\n\n<p><strong>ENVOI<\/strong><strong>&nbsp;: QUE TES \u0152UVRES SONT\nBELLES&nbsp;&nbsp;&nbsp; A 219&nbsp;&nbsp;&nbsp; P&nbsp;\n59&nbsp; LV<\/strong><\/p>\n\n\n\n<p>Que Tes oeuvres sont belles<br>Que Tes oeuvres sont grandes<br>Seigneur, Seigneur Tu nous combles de joie. (bis)<br><br>C&rsquo;est Toi le Dieu qui nous as faits<br>Qui nous as p\u00e9tris de la terre<br>Tout homme est une histoire sacr\u00e9e<br>L&rsquo;homme est \u00e0 l&rsquo;image de Dieu.<br><br>Ton amour nous a fa\u00e7onn\u00e9s<br>Tir\u00e9s du ventre de la terre<br>Tout homme est une histoire sacr\u00e9e<br>L&rsquo;homme est \u00e0 l&rsquo;image de Dieu.<br><br>Tu as mis en nous Ton esprit<br>Nous tenons debout sur la terre<br>Tout homme est une histoire sacr\u00e9e<br>L&rsquo;homme est \u00e0 l&rsquo;image de Dieu.<br>&nbsp;<\/p>\n","protected":false},"excerpt":{"rendered":"<p>MESSE DU 9 JUILLET 2023 14 \u00e8me dimanche du temps ordinaire CHANT D\u2019ENTREE&nbsp;: NE CRAIGNEZ PAS&nbsp;&nbsp; G 139&nbsp; P 228 LV Ne craignez pas pour votre corps,Ne craignez pas devant [&hellip;]<\/p>\n","protected":false},"author":1,"featured_media":0,"parent":0,"menu_order":0,"comment_status":"closed","ping_status":"closed","template":"","meta":{"_uag_custom_page_level_css":"","site-sidebar-layout":"default","site-content-layout":"default","ast-site-content-layout":"default","site-content-style":"default","site-sidebar-style":"default","ast-global-header-display":"","ast-banner-title-visibility":"","ast-main-header-display":"","ast-hfb-above-header-display":"","ast-hfb-below-header-display":"","ast-hfb-mobile-header-display":"","site-post-title":"","ast-breadcrumbs-content":"","ast-featured-img":"","footer-sml-layout":"","ast-disable-related-posts":"","theme-transparent-header-meta":"default","adv-header-id-meta":"","stick-header-meta":"","header-above-stick-meta":"","header-main-stick-meta":"","header-below-stick-meta":"","astra-migrate-meta-layouts":"default","ast-page-background-enabled":"default","ast-page-background-meta":{"desktop":{"background-color":"var(--ast-global-color-4)","background-image":"","background-repeat":"repeat","background-position":"center center","background-size":"auto","background-attachment":"scroll","background-type":"","background-media":"","overlay-type":"","overlay-color":"","overlay-opacity":"","overlay-gradient":""},"tablet":{"background-color":"","background-image":"","background-repeat":"repeat","background-position":"center center","background-size":"auto","background-attachment":"scroll","background-type":"","background-media":"","overlay-type":"","overlay-color":"","overlay-opacity":"","overlay-gradient":""},"mobile":{"background-color":"","background-image":"","background-repeat":"repeat","background-position":"center center","background-size":"auto","background-attachment":"scroll","background-type":"","background-media":"","overlay-type":"","overlay-color":"","overlay-opacity":"","overlay-gradient":""}},"ast-content-background-meta":{"desktop":{"background-color":"var(--ast-global-color-5)","background-image":"","background-repeat":"repeat","background-position":"center center","background-size":"auto","background-attachment":"scroll","background-type":"","background-media":"","overlay-type":"","overlay-color":"","overlay-opacity":"","overlay-gradient":""},"tablet":{"background-color":"var(--ast-global-color-5)","background-image":"","background-repeat":"repeat","background-position":"center center","background-size":"auto","background-attachment":"scroll","background-type":"","background-media":"","overlay-type":"","overlay-color":"","overlay-opacity":"","overlay-gradient":""},"mobile":{"background-color":"var(--ast-global-color-5)","background-image":"","background-repeat":"repeat","background-position":"center center","background-size":"auto","background-attachment":"scroll","background-type":"","background-media":"","overlay-type":"","overlay-color":"","overlay-opacity":"","overlay-gradient":""}},"footnotes":""},"class_list":["post-3368","page","type-page","status-publish","hentry"],"yoast_head":"<!-- This site is optimized with the Yoast SEO plugin v26.6 - https:\/\/yoast.com\/wordpress\/plugins\/seo\/ -->\n<title>MESSE DU 9 JUILLET 2023 -<\/title>\n<meta name=\"robots\" content=\"index, follow, max-snippet:-1, max-image-preview:large, max-video-preview:-1\" \/>\n<link rel=\"canonical\" href=\"http:\/\/paroisse.saintmicheldurhone.fr\/?page_id=3368\" \/>\n<meta property=\"og:locale\" content=\"fr_FR\" \/>\n<meta property=\"og:type\" content=\"article\" \/>\n<meta property=\"og:title\" content=\"MESSE DU 9 JUILLET 2023 -\" \/>\n<meta property=\"og:description\" content=\"MESSE DU 9 JUILLET 2023 14 \u00e8me dimanche du temps ordinaire CHANT D\u2019ENTREE&nbsp;: NE CRAIGNEZ PAS&nbsp;&nbsp; G 139&nbsp; P 228 LV Ne craignez pas pour votre corps,Ne craignez pas devant [&hellip;]\" \/>\n<meta property=\"og:url\" content=\"http:\/\/paroisse.saintmicheldurhone.fr\/?page_id=3368\" \/>\n<meta property=\"article:modified_time\" content=\"2023-07-07T10:08:49+00:00\" \/>\n<meta name=\"twitter:card\" content=\"summary_large_image\" \/>\n<meta name=\"twitter:label1\" content=\"Dur\u00e9e de lecture estim\u00e9e\" \/>\n\t<meta name=\"twitter:data1\" content=\"7 minutes\" \/>\n<script type=\"application\/ld+json\" class=\"yoast-schema-graph\">{\"@context\":\"https:\/\/schema.org\",\"@graph\":[{\"@type\":\"WebPage\",\"@id\":\"http:\/\/paroisse.saintmicheldurhone.fr\/?page_id=3368\",\"url\":\"http:\/\/paroisse.saintmicheldurhone.fr\/?page_id=3368\",\"name\":\"MESSE DU 9 JUILLET 2023 -\",\"isPartOf\":{\"@id\":\"http:\/\/paroisse.saintmicheldurhone.fr\/#website\"},\"datePublished\":\"2023-07-04T12:43:19+00:00\",\"dateModified\":\"2023-07-07T10:08:49+00:00\",\"breadcrumb\":{\"@id\":\"http:\/\/paroisse.saintmicheldurhone.fr\/?page_id=3368#breadcrumb\"},\"inLanguage\":\"fr-FR\",\"potentialAction\":[{\"@type\":\"ReadAction\",\"target\":[\"http:\/\/paroisse.saintmicheldurhone.fr\/?page_id=3368\"]}]},{\"@type\":\"BreadcrumbList\",\"@id\":\"http:\/\/paroisse.saintmicheldurhone.fr\/?page_id=3368#breadcrumb\",\"itemListElement\":[{\"@type\":\"ListItem\",\"position\":1,\"name\":\"Accueil\",\"item\":\"https:\/\/paroisse.saintmicheldurhone.fr\/\"},{\"@type\":\"ListItem\",\"position\":2,\"name\":\"MESSE DU 9 JUILLET 2023\"}]},{\"@type\":\"WebSite\",\"@id\":\"http:\/\/paroisse.saintmicheldurhone.fr\/#website\",\"url\":\"http:\/\/paroisse.saintmicheldurhone.fr\/\",\"name\":\"Paroisse Saint Nicolas du Rh\u00f4ne\",\"description\":\"\",\"publisher\":{\"@id\":\"http:\/\/paroisse.saintmicheldurhone.fr\/#organization\"},\"potentialAction\":[{\"@type\":\"SearchAction\",\"target\":{\"@type\":\"EntryPoint\",\"urlTemplate\":\"http:\/\/paroisse.saintmicheldurhone.fr\/?s={search_term_string}\"},\"query-input\":{\"@type\":\"PropertyValueSpecification\",\"valueRequired\":true,\"valueName\":\"search_term_string\"}}],\"inLanguage\":\"fr-FR\"},{\"@type\":\"Organization\",\"@id\":\"http:\/\/paroisse.saintmicheldurhone.fr\/#organization\",\"name\":\"Paroisse Saint Nicolas du Rh\u00f4ne\",\"url\":\"http:\/\/paroisse.saintmicheldurhone.fr\/\",\"logo\":{\"@type\":\"ImageObject\",\"inLanguage\":\"fr-FR\",\"@id\":\"http:\/\/paroisse.saintmicheldurhone.fr\/#\/schema\/logo\/image\/\",\"url\":\"https:\/\/paroisse.saintmicheldurhone.fr\/wp-content\/uploads\/2022\/09\/cropped-logo-paroisse.jpg\",\"contentUrl\":\"https:\/\/paroisse.saintmicheldurhone.fr\/wp-content\/uploads\/2022\/09\/cropped-logo-paroisse.jpg\",\"width\":1228,\"height\":567,\"caption\":\"Paroisse Saint Nicolas du Rh\u00f4ne\"},\"image\":{\"@id\":\"http:\/\/paroisse.saintmicheldurhone.fr\/#\/schema\/logo\/image\/\"}}]}<\/script>\n<!-- \/ Yoast SEO plugin. -->","yoast_head_json":{"title":"MESSE DU 9 JUILLET 2023 -","robots":{"index":"index","follow":"follow","max-snippet":"max-snippet:-1","max-image-preview":"max-image-preview:large","max-video-preview":"max-video-preview:-1"},"canonical":"http:\/\/paroisse.saintmicheldurhone.fr\/?page_id=3368","og_locale":"fr_FR","og_type":"article","og_title":"MESSE DU 9 JUILLET 2023 -","og_description":"MESSE DU 9 JUILLET 2023 14 \u00e8me dimanche du temps ordinaire CHANT D\u2019ENTREE&nbsp;: NE CRAIGNEZ PAS&nbsp;&nbsp; G 139&nbsp; P 228 LV Ne craignez pas pour votre corps,Ne craignez pas devant [&hellip;]","og_url":"http:\/\/paroisse.saintmicheldurhone.fr\/?page_id=3368","article_modified_time":"2023-07-07T10:08:49+00:00","twitter_card":"summary_large_image","twitter_misc":{"Dur\u00e9e de lecture estim\u00e9e":"7 minutes"},"schema":{"@context":"https:\/\/schema.org","@graph":[{"@type":"WebPage","@id":"http:\/\/paroisse.saintmicheldurhone.fr\/?page_id=3368","url":"http:\/\/paroisse.saintmicheldurhone.fr\/?page_id=3368","name":"MESSE DU 9 JUILLET 2023 -","isPartOf":{"@id":"http:\/\/paroisse.saintmicheldurhone.fr\/#website"},"datePublished":"2023-07-04T12:43:19+00:00","dateModified":"2023-07-07T10:08:49+00:00","breadcrumb":{"@id":"http:\/\/paroisse.saintmicheldurhone.fr\/?page_id=3368#breadcrumb"},"inLanguage":"fr-FR","potentialAction":[{"@type":"ReadAction","target":["http:\/\/paroisse.saintmicheldurhone.fr\/?page_id=3368"]}]},{"@type":"BreadcrumbList","@id":"http:\/\/paroisse.saintmicheldurhone.fr\/?page_id=3368#breadcrumb","itemListElement":[{"@type":"ListItem","position":1,"name":"Accueil","item":"https:\/\/paroisse.saintmicheldurhone.fr\/"},{"@type":"ListItem","position":2,"name":"MESSE DU 9 JUILLET 2023"}]},{"@type":"WebSite","@id":"http:\/\/paroisse.saintmicheldurhone.fr\/#website","url":"http:\/\/paroisse.saintmicheldurhone.fr\/","name":"Paroisse Saint Nicolas du Rh\u00f4ne","description":"","publisher":{"@id":"http:\/\/paroisse.saintmicheldurhone.fr\/#organization"},"potentialAction":[{"@type":"SearchAction","target":{"@type":"EntryPoint","urlTemplate":"http:\/\/paroisse.saintmicheldurhone.fr\/?s={search_term_string}"},"query-input":{"@type":"PropertyValueSpecification","valueRequired":true,"valueName":"search_term_string"}}],"inLanguage":"fr-FR"},{"@type":"Organization","@id":"http:\/\/paroisse.saintmicheldurhone.fr\/#organization","name":"Paroisse Saint Nicolas du Rh\u00f4ne","url":"http:\/\/paroisse.saintmicheldurhone.fr\/","logo":{"@type":"ImageObject","inLanguage":"fr-FR","@id":"http:\/\/paroisse.saintmicheldurhone.fr\/#\/schema\/logo\/image\/","url":"https:\/\/paroisse.saintmicheldurhone.fr\/wp-content\/uploads\/2022\/09\/cropped-logo-paroisse.jpg","contentUrl":"https:\/\/paroisse.saintmicheldurhone.fr\/wp-content\/uploads\/2022\/09\/cropped-logo-paroisse.jpg","width":1228,"height":567,"caption":"Paroisse Saint Nicolas du Rh\u00f4ne"},"image":{"@id":"http:\/\/paroisse.saintmicheldurhone.fr\/#\/schema\/logo\/image\/"}}]}},"uagb_featured_image_src":{"full":false,"thumbnail":false,"medium":false,"medium_large":false,"large":false,"1536x1536":false,"2048x2048":false},"uagb_author_info":{"display_name":"2019","author_link":"https:\/\/paroisse.saintmicheldurhone.fr\/?author=1"},"uagb_comment_info":0,"uagb_excerpt":"MESSE DU 9 JUILLET 2023 14 \u00e8me dimanche du temps ordinaire CHANT D\u2019ENTREE&nbsp;: NE CRAIGNEZ PAS&nbsp;&nbsp; G 139&nbsp; P 228 LV Ne craignez pas pour votre corps,Ne craignez pas devant [&hellip;]","_links":{"self":[{"href":"https:\/\/paroisse.saintmicheldurhone.fr\/index.php?rest_route=\/wp\/v2\/pages\/3368","targetHints":{"allow":["GET"]}}],"collection":[{"href":"https:\/\/paroisse.saintmicheldurhone.fr\/index.php?rest_route=\/wp\/v2\/pages"}],"about":[{"href":"https:\/\/paroisse.saintmicheldurhone.fr\/index.php?rest_route=\/wp\/v2\/types\/page"}],"author":[{"embeddable":true,"href":"https:\/\/paroisse.saintmicheldurhone.fr\/index.php?rest_route=\/wp\/v2\/users\/1"}],"replies":[{"embeddable":true,"href":"https:\/\/paroisse.saintmicheldurhone.fr\/index.php?rest_route=%2Fwp%2Fv2%2Fcomments&post=3368"}],"version-history":[{"count":13,"href":"https:\/\/paroisse.saintmicheldurhone.fr\/index.php?rest_route=\/wp\/v2\/pages\/3368\/revisions"}],"predecessor-version":[{"id":3416,"href":"https:\/\/paroisse.saintmicheldurhone.fr\/index.php?rest_route=\/wp\/v2\/pages\/3368\/revisions\/3416"}],"wp:attachment":[{"href":"https:\/\/paroisse.saintmicheldurhone.fr\/index.php?rest_route=%2Fwp%2Fv2%2Fmedia&parent=3368"}],"curies":[{"name":"wp","href":"https:\/\/api.w.org\/{rel}","templated":true}]}}