{"id":434,"date":"2019-11-18T13:41:16","date_gmt":"2019-11-18T12:41:16","guid":{"rendered":"http:\/\/paroisse.saintmicheldurhone.fr\/?page_id=434"},"modified":"2019-11-19T12:08:08","modified_gmt":"2019-11-19T11:08:08","slug":"saint-georges-les-bains","status":"publish","type":"page","link":"https:\/\/paroisse.saintmicheldurhone.fr\/?page_id=434","title":{"rendered":"Saint-Georges les Bains"},"content":{"rendered":"\n<div class=\"wp-block-image\"><figure class=\"alignright size-large\"><img loading=\"lazy\" decoding=\"async\" width=\"300\" height=\"249\" src=\"http:\/\/paroisse.saintmicheldurhone.fr\/wp-content\/uploads\/2019\/11\/1200px-Saint_Georges_les_Bains-300x249.jpg\" alt=\"\" class=\"wp-image-502\"\/><\/figure><\/div>\n\n\n\n<p>De style roman bien marqu\u00e9, cette \u00e9glise est tout ce qu\u2019il reste d\u2019un prieur\u00e9 cr\u00e9e en 998. A cette date le roi de Bourgogne, Rodolphe III, fait don de la villa<em>&nbsp;\u00ab&nbsp;Sancti Georgi di Misaco&nbsp;\u00bb<\/em>&nbsp;\u00e0 l<strong>\u2018abbaye de Cluny<\/strong>&nbsp;fond\u00e9e depuis peu.<\/p>\n\n\n\n<p>La partie absidale date du XII\u00e8me&nbsp; si\u00e8cle. L\u2019\u00e9difice est compos\u00e9e d\u2019une nef \u00e0 deux trav\u00e9es, flanqu\u00e9e, \u00e0 la crois\u00e9e du transept de deux chapelles. Le ch\u0153ur vout\u00e9 en cul-de-four, est inscrit dans un chevet plat.<\/p>\n\n\n\n<p>Quant au sol il est constitu\u00e9 de grandes dalles de pierre. Le village s\u2019est donc d\u00e9velopp\u00e9 autour du prieur\u00e9. Bien modeste, il n\u2019a jamais compt\u00e9 plus de deux ou trois moines, et a perdur\u00e9 avec des hauts et des bas jusqu\u2019\u00e0 la R\u00e9volution, car apr\u00e8s 1789, il n\u2019est plus questions de prieurs mais seulement de cur\u00e9s.<\/p>\n\n\n\n<p>Les rapports r\u00e9guliers des visiteurs de Cluny au cours du XIV\u00e8me si\u00e8cle laissent penser que le prieur\u00e9 est dynamique et bien enracin\u00e9, puisque en 1296, le visiteur demande l\u2019assistance du prieur de St Georges, pour v\u00e9rifier les comptes du prieur\u00e9 de Rompon. Mais par la suite les b\u00e2timents se d\u00e9gradent (peste, guerres de religion) le prieur et le cur\u00e9 font faire des r\u00e9parations.<\/p>\n\n\n\n<p>Le vitrail en couleur, \u00e9clairant l\u2019autel avec les soleil du matin,repr\u00e9sentent Saint Georges, le Saint Patron du village, terrassant le dragon. Ce vitrail fut gracieusement offert par un r\u00e9fugi\u00e9 belge en remerciements du bon accueil que lui avaient fait les habitants de Saint Georges les Bains pendant la guerre de 14-18.<\/p>\n\n\n\n<p>L\u2019int\u00e9rieur de L\u2019\u00e9glise a \u00e9t\u00e9 r\u00e9am\u00e9nag\u00e9e \u00e0 la fin des ann\u00e9es 1960, et a \u00e9t\u00e9 enti\u00e8rement restaur\u00e9e en 2007.<\/p>\n\n\n\n<p>Depuis 2012, Saint-Georges est devenu le 109\u00e8me site Clunisien fran\u00e7ais<\/p>\n\n\n\n<div class=\"wp-block-image\"><figure class=\"alignright size-large\"><img loading=\"lazy\" decoding=\"async\" width=\"80\" height=\"87\" src=\"http:\/\/paroisse.saintmicheldurhone.fr\/wp-content\/uploads\/2019\/11\/siteon0.jpg\" alt=\"\" class=\"wp-image-495\"\/><\/figure><\/div>\n\n\n\n<p>et le 151\u00e8me europ\u00e9en. La rose de Cluny appos\u00e9e pr\u00e8s de la porte de l\u2019\u00e9glise fait foi de son pass\u00e9 monastique.<\/p>\n\n\n\n<p><em>d\u2019apr\u00e8s l\u2019association \u00ab&nbsp;Autrefois Saint-Georges&nbsp;\u00bb<\/em><\/p>\n","protected":false},"excerpt":{"rendered":"<p>De style roman bien marqu\u00e9, cette \u00e9glise est tout ce qu\u2019il reste d\u2019un prieur\u00e9 cr\u00e9e en 998. A cette date le roi de Bourgogne, Rodolphe III, fait don de la [&hellip;]<\/p>\n","protected":false},"author":1,"featured_media":0,"parent":0,"menu_order":0,"comment_status":"closed","ping_status":"closed","template":"","meta":{"_uag_custom_page_level_css":"","site-sidebar-layout":"default","site-content-layout":"default","ast-site-content-layout":"default","site-content-style":"default","site-sidebar-style":"default","ast-global-header-display":"","ast-banner-title-visibility":"","ast-main-header-display":"","ast-hfb-above-header-display":"","ast-hfb-below-header-display":"","ast-hfb-mobile-header-display":"","site-post-title":"","ast-breadcrumbs-content":"","ast-featured-img":"","footer-sml-layout":"","ast-disable-related-posts":"","theme-transparent-header-meta":"default","adv-header-id-meta":"","stick-header-meta":"","header-above-stick-meta":"","header-main-stick-meta":"","header-below-stick-meta":"","astra-migrate-meta-layouts":"default","ast-page-background-enabled":"default","ast-page-background-meta":{"desktop":{"background-color":"var(--ast-global-color-4)","background-image":"","background-repeat":"repeat","background-position":"center center","background-size":"auto","background-attachment":"scroll","background-type":"","background-media":"","overlay-type":"","overlay-color":"","overlay-opacity":"","overlay-gradient":""},"tablet":{"background-color":"","background-image":"","background-repeat":"repeat","background-position":"center center","background-size":"auto","background-attachment":"scroll","background-type":"","background-media":"","overlay-type":"","overlay-color":"","overlay-opacity":"","overlay-gradient":""},"mobile":{"background-color":"","background-image":"","background-repeat":"repeat","background-position":"center center","background-size":"auto","background-attachment":"scroll","background-type":"","background-media":"","overlay-type":"","overlay-color":"","overlay-opacity":"","overlay-gradient":""}},"ast-content-background-meta":{"desktop":{"background-color":"var(--ast-global-color-5)","background-image":"","background-repeat":"repeat","background-position":"center center","background-size":"auto","background-attachment":"scroll","background-type":"","background-media":"","overlay-type":"","overlay-color":"","overlay-opacity":"","overlay-gradient":""},"tablet":{"background-color":"var(--ast-global-color-5)","background-image":"","background-repeat":"repeat","background-position":"center center","background-size":"auto","background-attachment":"scroll","background-type":"","background-media":"","overlay-type":"","overlay-color":"","overlay-opacity":"","overlay-gradient":""},"mobile":{"background-color":"var(--ast-global-color-5)","background-image":"","background-repeat":"repeat","background-position":"center center","background-size":"auto","background-attachment":"scroll","background-type":"","background-media":"","overlay-type":"","overlay-color":"","overlay-opacity":"","overlay-gradient":""}},"footnotes":""},"class_list":["post-434","page","type-page","status-publish","hentry"],"yoast_head":"<!-- This site is optimized with the Yoast SEO plugin v26.6 - https:\/\/yoast.com\/wordpress\/plugins\/seo\/ -->\n<title>Saint-Georges les Bains -<\/title>\n<meta name=\"robots\" content=\"index, follow, max-snippet:-1, max-image-preview:large, max-video-preview:-1\" \/>\n<link rel=\"canonical\" href=\"https:\/\/paroisse.saintmicheldurhone.fr\/?page_id=434\" \/>\n<meta property=\"og:locale\" content=\"fr_FR\" \/>\n<meta property=\"og:type\" content=\"article\" \/>\n<meta property=\"og:title\" content=\"Saint-Georges les Bains -\" \/>\n<meta property=\"og:description\" content=\"De style roman bien marqu\u00e9, cette \u00e9glise est tout ce qu\u2019il reste d\u2019un prieur\u00e9 cr\u00e9e en 998. A cette date le roi de Bourgogne, Rodolphe III, fait don de la [&hellip;]\" \/>\n<meta property=\"og:url\" content=\"https:\/\/paroisse.saintmicheldurhone.fr\/?page_id=434\" \/>\n<meta property=\"article:modified_time\" content=\"2019-11-19T11:08:08+00:00\" \/>\n<meta property=\"og:image\" content=\"http:\/\/paroisse.saintmicheldurhone.fr\/wp-content\/uploads\/2019\/11\/1200px-Saint_Georges_les_Bains-300x249.jpg\" \/>\n<meta name=\"twitter:card\" content=\"summary_large_image\" \/>\n<meta name=\"twitter:label1\" content=\"Dur\u00e9e de lecture estim\u00e9e\" \/>\n\t<meta name=\"twitter:data1\" content=\"2 minutes\" \/>\n<script type=\"application\/ld+json\" class=\"yoast-schema-graph\">{\"@context\":\"https:\/\/schema.org\",\"@graph\":[{\"@type\":\"WebPage\",\"@id\":\"https:\/\/paroisse.saintmicheldurhone.fr\/?page_id=434\",\"url\":\"https:\/\/paroisse.saintmicheldurhone.fr\/?page_id=434\",\"name\":\"Saint-Georges les Bains -\",\"isPartOf\":{\"@id\":\"http:\/\/paroisse.saintmicheldurhone.fr\/#website\"},\"primaryImageOfPage\":{\"@id\":\"https:\/\/paroisse.saintmicheldurhone.fr\/?page_id=434#primaryimage\"},\"image\":{\"@id\":\"https:\/\/paroisse.saintmicheldurhone.fr\/?page_id=434#primaryimage\"},\"thumbnailUrl\":\"http:\/\/paroisse.saintmicheldurhone.fr\/wp-content\/uploads\/2019\/11\/1200px-Saint_Georges_les_Bains-300x249.jpg\",\"datePublished\":\"2019-11-18T12:41:16+00:00\",\"dateModified\":\"2019-11-19T11:08:08+00:00\",\"breadcrumb\":{\"@id\":\"https:\/\/paroisse.saintmicheldurhone.fr\/?page_id=434#breadcrumb\"},\"inLanguage\":\"fr-FR\",\"potentialAction\":[{\"@type\":\"ReadAction\",\"target\":[\"https:\/\/paroisse.saintmicheldurhone.fr\/?page_id=434\"]}]},{\"@type\":\"ImageObject\",\"inLanguage\":\"fr-FR\",\"@id\":\"https:\/\/paroisse.saintmicheldurhone.fr\/?page_id=434#primaryimage\",\"url\":\"https:\/\/paroisse.saintmicheldurhone.fr\/wp-content\/uploads\/2019\/11\/1200px-Saint_Georges_les_Bains-300x249.jpg\",\"contentUrl\":\"https:\/\/paroisse.saintmicheldurhone.fr\/wp-content\/uploads\/2019\/11\/1200px-Saint_Georges_les_Bains-300x249.jpg\",\"width\":300,\"height\":249},{\"@type\":\"BreadcrumbList\",\"@id\":\"https:\/\/paroisse.saintmicheldurhone.fr\/?page_id=434#breadcrumb\",\"itemListElement\":[{\"@type\":\"ListItem\",\"position\":1,\"name\":\"Accueil\",\"item\":\"https:\/\/paroisse.saintmicheldurhone.fr\/\"},{\"@type\":\"ListItem\",\"position\":2,\"name\":\"Saint-Georges les Bains\"}]},{\"@type\":\"WebSite\",\"@id\":\"http:\/\/paroisse.saintmicheldurhone.fr\/#website\",\"url\":\"http:\/\/paroisse.saintmicheldurhone.fr\/\",\"name\":\"Paroisse Saint Nicolas du Rh\u00f4ne\",\"description\":\"\",\"publisher\":{\"@id\":\"http:\/\/paroisse.saintmicheldurhone.fr\/#organization\"},\"potentialAction\":[{\"@type\":\"SearchAction\",\"target\":{\"@type\":\"EntryPoint\",\"urlTemplate\":\"http:\/\/paroisse.saintmicheldurhone.fr\/?s={search_term_string}\"},\"query-input\":{\"@type\":\"PropertyValueSpecification\",\"valueRequired\":true,\"valueName\":\"search_term_string\"}}],\"inLanguage\":\"fr-FR\"},{\"@type\":\"Organization\",\"@id\":\"http:\/\/paroisse.saintmicheldurhone.fr\/#organization\",\"name\":\"Paroisse Saint Nicolas du Rh\u00f4ne\",\"url\":\"http:\/\/paroisse.saintmicheldurhone.fr\/\",\"logo\":{\"@type\":\"ImageObject\",\"inLanguage\":\"fr-FR\",\"@id\":\"http:\/\/paroisse.saintmicheldurhone.fr\/#\/schema\/logo\/image\/\",\"url\":\"https:\/\/paroisse.saintmicheldurhone.fr\/wp-content\/uploads\/2022\/09\/cropped-logo-paroisse.jpg\",\"contentUrl\":\"https:\/\/paroisse.saintmicheldurhone.fr\/wp-content\/uploads\/2022\/09\/cropped-logo-paroisse.jpg\",\"width\":1228,\"height\":567,\"caption\":\"Paroisse Saint Nicolas du Rh\u00f4ne\"},\"image\":{\"@id\":\"http:\/\/paroisse.saintmicheldurhone.fr\/#\/schema\/logo\/image\/\"}}]}<\/script>\n<!-- \/ Yoast SEO plugin. -->","yoast_head_json":{"title":"Saint-Georges les Bains -","robots":{"index":"index","follow":"follow","max-snippet":"max-snippet:-1","max-image-preview":"max-image-preview:large","max-video-preview":"max-video-preview:-1"},"canonical":"https:\/\/paroisse.saintmicheldurhone.fr\/?page_id=434","og_locale":"fr_FR","og_type":"article","og_title":"Saint-Georges les Bains -","og_description":"De style roman bien marqu\u00e9, cette \u00e9glise est tout ce qu\u2019il reste d\u2019un prieur\u00e9 cr\u00e9e en 998. A cette date le roi de Bourgogne, Rodolphe III, fait don de la [&hellip;]","og_url":"https:\/\/paroisse.saintmicheldurhone.fr\/?page_id=434","article_modified_time":"2019-11-19T11:08:08+00:00","og_image":[{"url":"http:\/\/paroisse.saintmicheldurhone.fr\/wp-content\/uploads\/2019\/11\/1200px-Saint_Georges_les_Bains-300x249.jpg","type":"","width":"","height":""}],"twitter_card":"summary_large_image","twitter_misc":{"Dur\u00e9e de lecture estim\u00e9e":"2 minutes"},"schema":{"@context":"https:\/\/schema.org","@graph":[{"@type":"WebPage","@id":"https:\/\/paroisse.saintmicheldurhone.fr\/?page_id=434","url":"https:\/\/paroisse.saintmicheldurhone.fr\/?page_id=434","name":"Saint-Georges les Bains -","isPartOf":{"@id":"http:\/\/paroisse.saintmicheldurhone.fr\/#website"},"primaryImageOfPage":{"@id":"https:\/\/paroisse.saintmicheldurhone.fr\/?page_id=434#primaryimage"},"image":{"@id":"https:\/\/paroisse.saintmicheldurhone.fr\/?page_id=434#primaryimage"},"thumbnailUrl":"http:\/\/paroisse.saintmicheldurhone.fr\/wp-content\/uploads\/2019\/11\/1200px-Saint_Georges_les_Bains-300x249.jpg","datePublished":"2019-11-18T12:41:16+00:00","dateModified":"2019-11-19T11:08:08+00:00","breadcrumb":{"@id":"https:\/\/paroisse.saintmicheldurhone.fr\/?page_id=434#breadcrumb"},"inLanguage":"fr-FR","potentialAction":[{"@type":"ReadAction","target":["https:\/\/paroisse.saintmicheldurhone.fr\/?page_id=434"]}]},{"@type":"ImageObject","inLanguage":"fr-FR","@id":"https:\/\/paroisse.saintmicheldurhone.fr\/?page_id=434#primaryimage","url":"https:\/\/paroisse.saintmicheldurhone.fr\/wp-content\/uploads\/2019\/11\/1200px-Saint_Georges_les_Bains-300x249.jpg","contentUrl":"https:\/\/paroisse.saintmicheldurhone.fr\/wp-content\/uploads\/2019\/11\/1200px-Saint_Georges_les_Bains-300x249.jpg","width":300,"height":249},{"@type":"BreadcrumbList","@id":"https:\/\/paroisse.saintmicheldurhone.fr\/?page_id=434#breadcrumb","itemListElement":[{"@type":"ListItem","position":1,"name":"Accueil","item":"https:\/\/paroisse.saintmicheldurhone.fr\/"},{"@type":"ListItem","position":2,"name":"Saint-Georges les Bains"}]},{"@type":"WebSite","@id":"http:\/\/paroisse.saintmicheldurhone.fr\/#website","url":"http:\/\/paroisse.saintmicheldurhone.fr\/","name":"Paroisse Saint Nicolas du Rh\u00f4ne","description":"","publisher":{"@id":"http:\/\/paroisse.saintmicheldurhone.fr\/#organization"},"potentialAction":[{"@type":"SearchAction","target":{"@type":"EntryPoint","urlTemplate":"http:\/\/paroisse.saintmicheldurhone.fr\/?s={search_term_string}"},"query-input":{"@type":"PropertyValueSpecification","valueRequired":true,"valueName":"search_term_string"}}],"inLanguage":"fr-FR"},{"@type":"Organization","@id":"http:\/\/paroisse.saintmicheldurhone.fr\/#organization","name":"Paroisse Saint Nicolas du Rh\u00f4ne","url":"http:\/\/paroisse.saintmicheldurhone.fr\/","logo":{"@type":"ImageObject","inLanguage":"fr-FR","@id":"http:\/\/paroisse.saintmicheldurhone.fr\/#\/schema\/logo\/image\/","url":"https:\/\/paroisse.saintmicheldurhone.fr\/wp-content\/uploads\/2022\/09\/cropped-logo-paroisse.jpg","contentUrl":"https:\/\/paroisse.saintmicheldurhone.fr\/wp-content\/uploads\/2022\/09\/cropped-logo-paroisse.jpg","width":1228,"height":567,"caption":"Paroisse Saint Nicolas du Rh\u00f4ne"},"image":{"@id":"http:\/\/paroisse.saintmicheldurhone.fr\/#\/schema\/logo\/image\/"}}]}},"uagb_featured_image_src":{"full":false,"thumbnail":false,"medium":false,"medium_large":false,"large":false,"1536x1536":false,"2048x2048":false},"uagb_author_info":{"display_name":"2019","author_link":"https:\/\/paroisse.saintmicheldurhone.fr\/?author=1"},"uagb_comment_info":0,"uagb_excerpt":"De style roman bien marqu\u00e9, cette \u00e9glise est tout ce qu\u2019il reste d\u2019un prieur\u00e9 cr\u00e9e en 998. A cette date le roi de Bourgogne, Rodolphe III, fait don de la [&hellip;]","_links":{"self":[{"href":"https:\/\/paroisse.saintmicheldurhone.fr\/index.php?rest_route=\/wp\/v2\/pages\/434","targetHints":{"allow":["GET"]}}],"collection":[{"href":"https:\/\/paroisse.saintmicheldurhone.fr\/index.php?rest_route=\/wp\/v2\/pages"}],"about":[{"href":"https:\/\/paroisse.saintmicheldurhone.fr\/index.php?rest_route=\/wp\/v2\/types\/page"}],"author":[{"embeddable":true,"href":"https:\/\/paroisse.saintmicheldurhone.fr\/index.php?rest_route=\/wp\/v2\/users\/1"}],"replies":[{"embeddable":true,"href":"https:\/\/paroisse.saintmicheldurhone.fr\/index.php?rest_route=%2Fwp%2Fv2%2Fcomments&post=434"}],"version-history":[{"count":0,"href":"https:\/\/paroisse.saintmicheldurhone.fr\/index.php?rest_route=\/wp\/v2\/pages\/434\/revisions"}],"wp:attachment":[{"href":"https:\/\/paroisse.saintmicheldurhone.fr\/index.php?rest_route=%2Fwp%2Fv2%2Fmedia&parent=434"}],"curies":[{"name":"wp","href":"https:\/\/api.w.org\/{rel}","templated":true}]}}