{"id":4414,"date":"2024-09-15T17:57:27","date_gmt":"2024-09-15T15:57:27","guid":{"rendered":"https:\/\/paroisse.saintmicheldurhone.fr\/?page_id=4414"},"modified":"2026-02-20T16:40:15","modified_gmt":"2026-02-20T15:40:15","slug":"elementor-4414","status":"publish","type":"page","link":"https:\/\/paroisse.saintmicheldurhone.fr\/?page_id=4414","title":{"rendered":"Messes dominicales"},"content":{"rendered":"\n<p><em><strong>Retrouvez ici les horaires de toutes les messes du mois en cours<\/strong><\/em><\/p>\n\n\n\n<figure class=\"wp-block-table alignwide\"><table class=\"has-fixed-layout\"><tbody><tr><td class=\"has-text-align-left\" data-align=\"left\"><strong>Samedi 28 F\u00e9vrier<\/strong><\/td><td class=\"has-text-align-left\" data-align=\"left\"><strong>Saint-Laurent-du-Pape<\/strong> (18h00)<\/td><\/tr><tr><td class=\"has-text-align-left\" data-align=\"left\"><strong>Dimanche 1er Mars (<mark style=\"background-color:rgba(0, 0, 0, 0);color:#9b51e0\" class=\"has-inline-color\">2\u00e8me Dimanche de Car\u00eame<\/mark>)<\/strong><\/td><td class=\"has-text-align-left\" data-align=\"left\">&#8211; <strong>Le Pouzin<\/strong> (10h30)<br>&#8211; <strong>La Voulte<\/strong> (Saint-Michel, 10h30)<\/td><\/tr><tr><td class=\"has-text-align-left\" data-align=\"left\"><strong>Samedi 7 Mars<\/strong><\/td><td class=\"has-text-align-left\" data-align=\"left\"><strong>Beauchastel <\/strong>(18h00)<\/td><\/tr><tr><td class=\"has-text-align-left\" data-align=\"left\"><strong>Dimanche 8 Mars (<mark style=\"background-color:rgba(0, 0, 0, 0);color:#9b51e0\" class=\"has-inline-color\">3\u00e8me Dimanche de Car\u00eame<\/mark>)<\/strong><\/td><td class=\"has-text-align-left\" data-align=\"left\">&#8211; <strong>Le Pouzin<\/strong> (9h00)<br>&#8211; <strong>La Voulte<\/strong> (Saint-Michel, 10h30) avec le <em><strong>1er scrutin des cat\u00e9chum\u00e8nes<\/strong><\/em><br>&#8211; <strong>Charmes-sur-Rh\u00f4ne<\/strong> (10h30)<\/td><\/tr><tr><td class=\"has-text-align-left\" data-align=\"left\"><strong>Samedi 14 Mars<\/strong><\/td><td class=\"has-text-align-left\" data-align=\"left\"><strong>Saint-Georges<\/strong> (18h00)<\/td><\/tr><tr><td class=\"has-text-align-left\" data-align=\"left\"><strong>Dimanche 15 Mars (<mark style=\"background-color:rgba(0, 0, 0, 0);color:#9b51e0\" class=\"has-inline-color\">4\u00e8me Dimanche de Car\u00eame<\/mark>)<\/strong><\/td><td class=\"has-text-align-left\" data-align=\"left\">&#8211; <strong>Le Pouzin<\/strong> (10h30)<br>&#8211; <strong>La Voulte<\/strong> (Saint-Michel, 10h30) avec le <em><strong>2\u00e8me scrutin des cat\u00e9chum\u00e8nes<\/strong><\/em><\/td><\/tr><tr><td class=\"has-text-align-left\" data-align=\"left\"><strong>Samedi 21 Mars<\/strong><\/td><td class=\"has-text-align-left\" data-align=\"left\"><strong>La Voulte<\/strong> (Saint-Vincent, 18h00) : Veill\u00e9e de la Mis\u00e9ricorde<\/td><\/tr><tr><td class=\"has-text-align-left\" data-align=\"left\"><strong>Dimanche 22 Mars (<mark style=\"background-color:rgba(0, 0, 0, 0);color:#9b51e0\" class=\"has-inline-color\">5\u00e8me Dimanche de Car\u00eame<\/mark>)<\/strong><\/td><td class=\"has-text-align-left\" data-align=\"left\">&#8211; <strong>Le Pouzin<\/strong> (10h30)<br>&#8211; <strong>La Voulte<\/strong> (Saint-Michel, 10h30)<\/td><\/tr><tr><td class=\"has-text-align-left\" data-align=\"left\"><strong>Samedi 28 Mars (<mark style=\"background-color:rgba(0, 0, 0, 0);color:#cf2e2e\" class=\"has-inline-color\">messe anticip\u00e9e des Rameaux et de la Passion du Seigneur<\/mark>)<\/strong><\/td><td class=\"has-text-align-left\" data-align=\"left\"><strong>Le Pouzin<\/strong> (18h00)<\/td><\/tr><tr><td class=\"has-text-align-left\" data-align=\"left\"><strong>Dimanche 29 Mars (<mark style=\"background-color:rgba(0, 0, 0, 0);color:#cf2e2e\" class=\"has-inline-color\">Rameaux et Passion du Seigneur<\/mark>)<\/strong><\/td><td class=\"has-text-align-left\" data-align=\"left\">&#8211; <strong>La Voulte<\/strong> (Saint-Vincent, 10h30)<br>&#8211; <strong>Charmes-sur-Rh\u00f4ne<\/strong> (10h30)<\/td><\/tr><\/tbody><\/table><\/figure>\n\n\n\n<p><\/p>\n","protected":false},"excerpt":{"rendered":"<p>Retrouvez ici les horaires de toutes les messes du mois en cours Samedi 28 F\u00e9vrier Saint-Laurent-du-Pape (18h00) Dimanche 1er Mars (2\u00e8me Dimanche de Car\u00eame) &#8211; Le Pouzin (10h30)&#8211; La Voulte [&hellip;]<\/p>\n","protected":false},"author":1,"featured_media":0,"parent":0,"menu_order":0,"comment_status":"closed","ping_status":"closed","template":"","meta":{"_uag_custom_page_level_css":"","site-sidebar-layout":"no-sidebar","site-content-layout":"page-builder","ast-site-content-layout":"full-width-container","site-content-style":"unboxed","site-sidebar-style":"unboxed","ast-global-header-display":"","ast-banner-title-visibility":"","ast-main-header-display":"","ast-hfb-above-header-display":"","ast-hfb-below-header-display":"","ast-hfb-mobile-header-display":"","site-post-title":"","ast-breadcrumbs-content":"","ast-featured-img":"disabled","footer-sml-layout":"","ast-disable-related-posts":"","theme-transparent-header-meta":"default","adv-header-id-meta":"","stick-header-meta":"","header-above-stick-meta":"","header-main-stick-meta":"","header-below-stick-meta":"","astra-migrate-meta-layouts":"set","ast-page-background-enabled":"default","ast-page-background-meta":{"desktop":{"background-color":"var(--ast-global-color-4)","background-image":"","background-repeat":"repeat","background-position":"center center","background-size":"auto","background-attachment":"scroll","background-type":"","background-media":"","overlay-type":"","overlay-color":"","overlay-opacity":"","overlay-gradient":""},"tablet":{"background-color":"","background-image":"","background-repeat":"repeat","background-position":"center center","background-size":"auto","background-attachment":"scroll","background-type":"","background-media":"","overlay-type":"","overlay-color":"","overlay-opacity":"","overlay-gradient":""},"mobile":{"background-color":"","background-image":"","background-repeat":"repeat","background-position":"center center","background-size":"auto","background-attachment":"scroll","background-type":"","background-media":"","overlay-type":"","overlay-color":"","overlay-opacity":"","overlay-gradient":""}},"ast-content-background-meta":{"desktop":{"background-color":"var(--ast-global-color-5)","background-image":"","background-repeat":"repeat","background-position":"center center","background-size":"auto","background-attachment":"scroll","background-type":"","background-media":"","overlay-type":"","overlay-color":"","overlay-opacity":"","overlay-gradient":""},"tablet":{"background-color":"var(--ast-global-color-5)","background-image":"","background-repeat":"repeat","background-position":"center center","background-size":"auto","background-attachment":"scroll","background-type":"","background-media":"","overlay-type":"","overlay-color":"","overlay-opacity":"","overlay-gradient":""},"mobile":{"background-color":"var(--ast-global-color-5)","background-image":"","background-repeat":"repeat","background-position":"center center","background-size":"auto","background-attachment":"scroll","background-type":"","background-media":"","overlay-type":"","overlay-color":"","overlay-opacity":"","overlay-gradient":""}},"footnotes":""},"class_list":["post-4414","page","type-page","status-publish","hentry"],"yoast_head":"<!-- This site is optimized with the Yoast SEO plugin v26.6 - https:\/\/yoast.com\/wordpress\/plugins\/seo\/ -->\n<title>Messes dominicales -<\/title>\n<meta name=\"description\" content=\"Retrouvez les messes dominicales du mois en cours et du mois \u00e0 venir. Nous vous informons des horaires, des lieux et des grandes f\u00eates.\" \/>\n<meta name=\"robots\" content=\"index, follow, max-snippet:-1, max-image-preview:large, max-video-preview:-1\" \/>\n<link rel=\"canonical\" href=\"https:\/\/paroisse.saintmicheldurhone.fr\/?page_id=4414\" \/>\n<meta property=\"og:locale\" content=\"fr_FR\" \/>\n<meta property=\"og:type\" content=\"article\" \/>\n<meta property=\"og:title\" content=\"Messes dominicales -\" \/>\n<meta property=\"og:description\" content=\"Retrouvez les messes dominicales du mois en cours et du mois \u00e0 venir. Nous vous informons des horaires, des lieux et des grandes f\u00eates.\" \/>\n<meta property=\"og:url\" content=\"https:\/\/paroisse.saintmicheldurhone.fr\/?page_id=4414\" \/>\n<meta property=\"article:modified_time\" content=\"2026-02-20T15:40:15+00:00\" \/>\n<meta name=\"twitter:card\" content=\"summary_large_image\" \/>\n<meta name=\"twitter:label1\" content=\"Dur\u00e9e de lecture estim\u00e9e\" \/>\n\t<meta name=\"twitter:data1\" content=\"1 minute\" \/>\n<script type=\"application\/ld+json\" class=\"yoast-schema-graph\">{\"@context\":\"https:\/\/schema.org\",\"@graph\":[{\"@type\":\"WebPage\",\"@id\":\"https:\/\/paroisse.saintmicheldurhone.fr\/?page_id=4414\",\"url\":\"https:\/\/paroisse.saintmicheldurhone.fr\/?page_id=4414\",\"name\":\"Messes dominicales -\",\"isPartOf\":{\"@id\":\"http:\/\/paroisse.saintmicheldurhone.fr\/#website\"},\"datePublished\":\"2024-09-15T15:57:27+00:00\",\"dateModified\":\"2026-02-20T15:40:15+00:00\",\"description\":\"Retrouvez les messes dominicales du mois en cours et du mois \u00e0 venir. Nous vous informons des horaires, des lieux et des grandes f\u00eates.\",\"breadcrumb\":{\"@id\":\"https:\/\/paroisse.saintmicheldurhone.fr\/?page_id=4414#breadcrumb\"},\"inLanguage\":\"fr-FR\",\"potentialAction\":[{\"@type\":\"ReadAction\",\"target\":[\"https:\/\/paroisse.saintmicheldurhone.fr\/?page_id=4414\"]}]},{\"@type\":\"BreadcrumbList\",\"@id\":\"https:\/\/paroisse.saintmicheldurhone.fr\/?page_id=4414#breadcrumb\",\"itemListElement\":[{\"@type\":\"ListItem\",\"position\":1,\"name\":\"Accueil\",\"item\":\"https:\/\/paroisse.saintmicheldurhone.fr\/\"},{\"@type\":\"ListItem\",\"position\":2,\"name\":\"Messes dominicales\"}]},{\"@type\":\"WebSite\",\"@id\":\"http:\/\/paroisse.saintmicheldurhone.fr\/#website\",\"url\":\"http:\/\/paroisse.saintmicheldurhone.fr\/\",\"name\":\"Paroisse Saint Nicolas du Rh\u00f4ne\",\"description\":\"\",\"publisher\":{\"@id\":\"http:\/\/paroisse.saintmicheldurhone.fr\/#organization\"},\"potentialAction\":[{\"@type\":\"SearchAction\",\"target\":{\"@type\":\"EntryPoint\",\"urlTemplate\":\"http:\/\/paroisse.saintmicheldurhone.fr\/?s={search_term_string}\"},\"query-input\":{\"@type\":\"PropertyValueSpecification\",\"valueRequired\":true,\"valueName\":\"search_term_string\"}}],\"inLanguage\":\"fr-FR\"},{\"@type\":\"Organization\",\"@id\":\"http:\/\/paroisse.saintmicheldurhone.fr\/#organization\",\"name\":\"Paroisse Saint Nicolas du Rh\u00f4ne\",\"url\":\"http:\/\/paroisse.saintmicheldurhone.fr\/\",\"logo\":{\"@type\":\"ImageObject\",\"inLanguage\":\"fr-FR\",\"@id\":\"http:\/\/paroisse.saintmicheldurhone.fr\/#\/schema\/logo\/image\/\",\"url\":\"https:\/\/paroisse.saintmicheldurhone.fr\/wp-content\/uploads\/2022\/09\/cropped-logo-paroisse.jpg\",\"contentUrl\":\"https:\/\/paroisse.saintmicheldurhone.fr\/wp-content\/uploads\/2022\/09\/cropped-logo-paroisse.jpg\",\"width\":1228,\"height\":567,\"caption\":\"Paroisse Saint Nicolas du Rh\u00f4ne\"},\"image\":{\"@id\":\"http:\/\/paroisse.saintmicheldurhone.fr\/#\/schema\/logo\/image\/\"}}]}<\/script>\n<!-- \/ Yoast SEO plugin. -->","yoast_head_json":{"title":"Messes dominicales -","description":"Retrouvez les messes dominicales du mois en cours et du mois \u00e0 venir. Nous vous informons des horaires, des lieux et des grandes f\u00eates.","robots":{"index":"index","follow":"follow","max-snippet":"max-snippet:-1","max-image-preview":"max-image-preview:large","max-video-preview":"max-video-preview:-1"},"canonical":"https:\/\/paroisse.saintmicheldurhone.fr\/?page_id=4414","og_locale":"fr_FR","og_type":"article","og_title":"Messes dominicales -","og_description":"Retrouvez les messes dominicales du mois en cours et du mois \u00e0 venir. Nous vous informons des horaires, des lieux et des grandes f\u00eates.","og_url":"https:\/\/paroisse.saintmicheldurhone.fr\/?page_id=4414","article_modified_time":"2026-02-20T15:40:15+00:00","twitter_card":"summary_large_image","twitter_misc":{"Dur\u00e9e de lecture estim\u00e9e":"1 minute"},"schema":{"@context":"https:\/\/schema.org","@graph":[{"@type":"WebPage","@id":"https:\/\/paroisse.saintmicheldurhone.fr\/?page_id=4414","url":"https:\/\/paroisse.saintmicheldurhone.fr\/?page_id=4414","name":"Messes dominicales -","isPartOf":{"@id":"http:\/\/paroisse.saintmicheldurhone.fr\/#website"},"datePublished":"2024-09-15T15:57:27+00:00","dateModified":"2026-02-20T15:40:15+00:00","description":"Retrouvez les messes dominicales du mois en cours et du mois \u00e0 venir. Nous vous informons des horaires, des lieux et des grandes f\u00eates.","breadcrumb":{"@id":"https:\/\/paroisse.saintmicheldurhone.fr\/?page_id=4414#breadcrumb"},"inLanguage":"fr-FR","potentialAction":[{"@type":"ReadAction","target":["https:\/\/paroisse.saintmicheldurhone.fr\/?page_id=4414"]}]},{"@type":"BreadcrumbList","@id":"https:\/\/paroisse.saintmicheldurhone.fr\/?page_id=4414#breadcrumb","itemListElement":[{"@type":"ListItem","position":1,"name":"Accueil","item":"https:\/\/paroisse.saintmicheldurhone.fr\/"},{"@type":"ListItem","position":2,"name":"Messes dominicales"}]},{"@type":"WebSite","@id":"http:\/\/paroisse.saintmicheldurhone.fr\/#website","url":"http:\/\/paroisse.saintmicheldurhone.fr\/","name":"Paroisse Saint Nicolas du Rh\u00f4ne","description":"","publisher":{"@id":"http:\/\/paroisse.saintmicheldurhone.fr\/#organization"},"potentialAction":[{"@type":"SearchAction","target":{"@type":"EntryPoint","urlTemplate":"http:\/\/paroisse.saintmicheldurhone.fr\/?s={search_term_string}"},"query-input":{"@type":"PropertyValueSpecification","valueRequired":true,"valueName":"search_term_string"}}],"inLanguage":"fr-FR"},{"@type":"Organization","@id":"http:\/\/paroisse.saintmicheldurhone.fr\/#organization","name":"Paroisse Saint Nicolas du Rh\u00f4ne","url":"http:\/\/paroisse.saintmicheldurhone.fr\/","logo":{"@type":"ImageObject","inLanguage":"fr-FR","@id":"http:\/\/paroisse.saintmicheldurhone.fr\/#\/schema\/logo\/image\/","url":"https:\/\/paroisse.saintmicheldurhone.fr\/wp-content\/uploads\/2022\/09\/cropped-logo-paroisse.jpg","contentUrl":"https:\/\/paroisse.saintmicheldurhone.fr\/wp-content\/uploads\/2022\/09\/cropped-logo-paroisse.jpg","width":1228,"height":567,"caption":"Paroisse Saint Nicolas du Rh\u00f4ne"},"image":{"@id":"http:\/\/paroisse.saintmicheldurhone.fr\/#\/schema\/logo\/image\/"}}]}},"uagb_featured_image_src":{"full":false,"thumbnail":false,"medium":false,"medium_large":false,"large":false,"1536x1536":false,"2048x2048":false},"uagb_author_info":{"display_name":"2019","author_link":"https:\/\/paroisse.saintmicheldurhone.fr\/?author=1"},"uagb_comment_info":0,"uagb_excerpt":"Retrouvez ici les horaires de toutes les messes du mois en cours Samedi 28 F\u00e9vrier Saint-Laurent-du-Pape (18h00) Dimanche 1er Mars (2\u00e8me Dimanche de Car\u00eame) &#8211; Le Pouzin (10h30)&#8211; La Voulte [&hellip;]","_links":{"self":[{"href":"https:\/\/paroisse.saintmicheldurhone.fr\/index.php?rest_route=\/wp\/v2\/pages\/4414","targetHints":{"allow":["GET"]}}],"collection":[{"href":"https:\/\/paroisse.saintmicheldurhone.fr\/index.php?rest_route=\/wp\/v2\/pages"}],"about":[{"href":"https:\/\/paroisse.saintmicheldurhone.fr\/index.php?rest_route=\/wp\/v2\/types\/page"}],"author":[{"embeddable":true,"href":"https:\/\/paroisse.saintmicheldurhone.fr\/index.php?rest_route=\/wp\/v2\/users\/1"}],"replies":[{"embeddable":true,"href":"https:\/\/paroisse.saintmicheldurhone.fr\/index.php?rest_route=%2Fwp%2Fv2%2Fcomments&post=4414"}],"version-history":[{"count":119,"href":"https:\/\/paroisse.saintmicheldurhone.fr\/index.php?rest_route=\/wp\/v2\/pages\/4414\/revisions"}],"predecessor-version":[{"id":5694,"href":"https:\/\/paroisse.saintmicheldurhone.fr\/index.php?rest_route=\/wp\/v2\/pages\/4414\/revisions\/5694"}],"wp:attachment":[{"href":"https:\/\/paroisse.saintmicheldurhone.fr\/index.php?rest_route=%2Fwp%2Fv2%2Fmedia&parent=4414"}],"curies":[{"name":"wp","href":"https:\/\/api.w.org\/{rel}","templated":true}]}}